{"id":762569,"date":"2025-08-28T10:13:40","date_gmt":"2025-08-28T07:13:40","guid":{"rendered":"https:\/\/roveyayinevi.com.tr\/index.php\/urun\/askin-ontolojisi\/"},"modified":"2026-04-15T03:27:40","modified_gmt":"2026-04-15T00:27:40","slug":"askin-ontolojisi","status":"publish","type":"product","link":"https:\/\/roveyayinevi.com.tr\/index.php\/urun\/askin-ontolojisi\/","title":{"rendered":"A\u015fk\u0131n Ontolojisi"},"content":{"rendered":"<p>Sevin\u00e7 T\u00fcrkmen\u2019in Ethica\u2019y\u0131 rehber edinerek yazd\u0131\u011f\u0131 A\u015fk\u0131n Ontolojisi de \u00f6ncelikle Spinoza\u2019n\u0131n mesajlar\u0131ndan birini hat\u0131rlatmaya \u00e7al\u0131\u015f\u0131yor: Temel meselemiz \u00f6zg\u00fcrl\u00fckse ontolojiden yani do\u011fadan ba\u015flamak zorunday\u0131z. Bu a\u00e7\u0131dan hik\u00e2ye ortakt\u0131r: \u201cFelsefenin b\u00fcy\u00fck kitaplar\u0131n\u0131n harikulade bir \u00f6zelli\u011fi, hem \u2018sokaktaki insan\u0131n\u2019 okuyup anlayabilece\u011fi, hem de yaln\u0131zca i\u015fin \u2018jargonundan\u2019 haberdar olan uzmanlar\u0131n, felsefecilerin de\u015fifre edebilecekleri iki ayr\u0131 anahtarda, iki ayr\u0131 d\u00fczlemde yaz\u0131lm\u0131\u015f olmalar\u0131d\u0131r. Spinoza&#8217;n\u0131n Ethica&#8217;s\u0131 i\u015fte bu t\u00fcr kitaplar aras\u0131nda yer al\u0131yor. Onu sokaktaki insan\u0131n okuyup anlayabilmesi, b\u00fct\u00fcn teknik okuma ve takip etme zorluklar\u0131na ra\u011fmen, yaln\u0131zca m\u00fcmk\u00fcn de\u011fildir, zorunludur. Marx&#8217;\u0131n kendi eseri i\u00e7in s\u00f6yledikleri, \u00f6zellikle Spinoza&#8217;n\u0131n Ethica&#8217;s\u0131 i\u00e7in de tekrar edilebilir \u2013 de te fabula narratur, senin hik\u00e2yeni anlat\u0131yorlar.\u201d (Ulus Baker)   \u201cFelsefe nerede biter, edebiyat nerede ba\u015flar? Felsefecilerin metinlerinde arz\u0131endam eden soluk kavramlar nas\u0131l olup da kanl\u0131 canl\u0131 insanlar\u0131n s\u00f6zlerinde hayat bulabilir? \u0130nsan\u0131n ve insanl\u0131\u011f\u0131n arad\u0131\u011f\u0131 sonsuzluk, tan\u0131mlanamayan bir kavramda i\u00e7erilen bir nesne olmay\u0131p, korkudansa ho\u015fnutlu\u011fun, gururdansa onurun, benmerkezciliktense \u00f6zde\u011ferin, bulant\u0131dansa ne\u015fenin h\u00e2kim duygular olabildi\u011fi bir mek\u00e2nda cinslerimizle \u00f6zg\u00fcrce ya\u015fayabilme arzumuzda kaim olan bir aray\u0131\u015f m\u0131d\u0131r? Sevin\u00e7 T\u00fcrkmen bu eserinde ontolojiye ve Spinoza d\u00fc\u015f\u00fcncesine h\u00e2kimiyetini, ahlaki ve politik hassasiyetlerini, duru ve g\u00fczel T\u00fcrk\u00e7esini t\u00fcm bu sorulara bir cevap \u00f6nermek \u00fczere cesurca bir araya getiriyor.\u201d \u2014Do\u00e7. Dr. Ahmet Ayhan \u00c7itil (Felsefeci) \u201cYakla\u015f\u0131k \u00fc\u00e7 y\u0131ld\u0131r zihnimizi daha \u00e7ok me\u015fgul eden temel iki kavramdan biri hakikat, di\u011feri ise \u00f6zg\u00fcrl\u00fck. Sevin\u00e7 T\u00fcrkmen\u2019in Spinoza\u2019n\u0131n felsefesi \u00fczerine yazd\u0131\u011f\u0131 bu kitap, tam da b\u00f6yle bir zamanda onun \u2018a\u015fk, hakikat ve sonsuzluk sadece \u00f6zg\u00fcrl\u00fckte var olur\u2019 ger\u00e7e\u011fi \u00fczerine d\u00f6n\u00fcp dola\u015f\u0131p bir kez daha d\u00fc\u015f\u00fcnmemizi sa\u011fl\u0131yor.\u201d \u2014\u00d6zcan Alper (Y\u00f6netmen) <\/p>\n","protected":false},"excerpt":{"rendered":"<p>Sevin\u00e7 T\u00fcrkmen\u2019in Ethica\u2019y\u0131 rehber edinerek yazd\u0131\u011f\u0131 A\u015fk\u0131n Ontolojisi de \u00f6ncelikle Spinoza\u2019n\u0131n mesajlar\u0131ndan birini hat\u0131rlatmaya \u00e7al\u0131\u015f\u0131yor: Temel meselemiz \u00f6zg\u00fcrl\u00fckse ontolojiden yani do\u011fadan ba\u015flamak zorunday\u0131z. Bu a\u00e7\u0131dan hik\u00e2ye<span class=\"excerpt-hellip\"> [\u2026]<\/span><\/p>\n","protected":false},"featured_media":0,"template":"","meta":{"_monsterinsights_skip_tracking":false,"_monsterinsights_sitenote_active":false,"_monsterinsights_sitenote_note":"","_monsterinsights_sitenote_category":0},"product_brand":[],"product_cat":[12389,12388],"product_tag":[],"class_list":{"0":"post-762569","1":"product","2":"type-product","3":"status-publish","5":"product_cat-diger-felsefe","6":"product_cat-felsefe","7":"pa_cilt-ciltsiz","8":"pa_tur-kitap","9":"pa_yayinevi-minotor-kitap","10":"pa_yazar-sevinc-turkmen","12":"first","13":"instock","14":"sale","15":"shipping-taxable","16":"purchasable","17":"product-type-simple"},"_links":{"self":[{"href":"https:\/\/roveyayinevi.com.tr\/index.php\/wp-json\/wp\/v2\/product\/762569","targetHints":{"allow":["GET"]}}],"collection":[{"href":"https:\/\/roveyayinevi.com.tr\/index.php\/wp-json\/wp\/v2\/product"}],"about":[{"href":"https:\/\/roveyayinevi.com.tr\/index.php\/wp-json\/wp\/v2\/types\/product"}],"wp:attachment":[{"href":"https:\/\/roveyayinevi.com.tr\/index.php\/wp-json\/wp\/v2\/media?parent=762569"}],"wp:term":[{"taxonomy":"product_brand","embeddable":true,"href":"https:\/\/roveyayinevi.com.tr\/index.php\/wp-json\/wp\/v2\/product_brand?post=762569"},{"taxonomy":"product_cat","embeddable":true,"href":"https:\/\/roveyayinevi.com.tr\/index.php\/wp-json\/wp\/v2\/product_cat?post=762569"},{"taxonomy":"product_tag","embeddable":true,"href":"https:\/\/roveyayinevi.com.tr\/index.php\/wp-json\/wp\/v2\/product_tag?post=762569"}],"curies":[{"name":"wp","href":"https:\/\/api.w.org\/{rel}","templated":true}]}}