{"id":762567,"date":"2025-08-28T10:13:36","date_gmt":"2025-08-28T07:13:36","guid":{"rendered":"https:\/\/roveyayinevi.com.tr\/index.php\/urun\/gunun-gozleri\/"},"modified":"2026-04-15T03:27:40","modified_gmt":"2026-04-15T00:27:40","slug":"gunun-gozleri","status":"publish","type":"product","link":"https:\/\/roveyayinevi.com.tr\/index.php\/urun\/gunun-gozleri\/","title":{"rendered":"G\u00fcn\u2019\u00fcn G\u00f6zleri"},"content":{"rendered":"<p>G\u00fcn resim yapmay\u0131 \u00e7ok severdi. \u00c7e\u015fitli boyalar\u0131 ve renkleri kar\u0131\u015ft\u0131r\u0131r; sahilde, \u00e7imlerde, hatta k\u00fcvette bile resim \u00e7izebilirdi. Pizza kutular\u0131n\u0131, gazete sayfalar\u0131ndaki bo\u015fluklar\u0131 boyamaya bay\u0131l\u0131rd\u0131. Bir g\u00fcn resimlerinden birini g\u00f6ren tamirci, akl\u0131na cevab\u0131n\u0131 bilmedi\u011fi yeni sorular getirdi. Acaba G\u00fcn sadece etraf\u0131nda g\u00f6rd\u00fc\u011f\u00fc \u015feyleri mi \u00e7izmeliydi? Peki ya onun g\u00f6zleri di\u011ferlerinden farkl\u0131 \u015feyler g\u00f6r\u00fcyorsa? O zaman G\u00fcn ne yapacakt\u0131?G\u00fcn&#8217;\u00fcn G\u00f6zleri, yarat\u0131c\u0131l\u0131k konusuna de\u011finirken farkl\u0131 bak\u0131\u015f a\u00e7\u0131lar\u0131n\u0131n \u00f6nemini vurguluyor.<\/p>\n","protected":false},"excerpt":{"rendered":"<p>G\u00fcn resim yapmay\u0131 \u00e7ok severdi. \u00c7e\u015fitli boyalar\u0131 ve renkleri kar\u0131\u015ft\u0131r\u0131r; sahilde, \u00e7imlerde, hatta k\u00fcvette bile resim \u00e7izebilirdi. Pizza kutular\u0131n\u0131, gazete sayfalar\u0131ndaki bo\u015fluklar\u0131 boyamaya bay\u0131l\u0131rd\u0131. Bir g\u00fcn<span class=\"excerpt-hellip\"> [\u2026]<\/span><\/p>\n","protected":false},"featured_media":0,"template":"","meta":{"_monsterinsights_skip_tracking":false,"_monsterinsights_sitenote_active":false,"_monsterinsights_sitenote_note":"","_monsterinsights_sitenote_category":0},"product_brand":[],"product_cat":[12274,12284],"product_tag":[],"class_list":{"0":"post-762567","1":"product","2":"type-product","3":"status-publish","5":"product_cat-cocuk-ve-genclik-kitaplari","6":"product_cat-hikayeler","7":"pa_cilt-ciltsiz","8":"pa_tur-kitap","9":"pa_yayinevi-ithaki-yayinlari","10":"pa_yazar-dicle-keskinoglu","12":"first","13":"instock","14":"sale","15":"shipping-taxable","16":"purchasable","17":"product-type-simple"},"_links":{"self":[{"href":"https:\/\/roveyayinevi.com.tr\/index.php\/wp-json\/wp\/v2\/product\/762567","targetHints":{"allow":["GET"]}}],"collection":[{"href":"https:\/\/roveyayinevi.com.tr\/index.php\/wp-json\/wp\/v2\/product"}],"about":[{"href":"https:\/\/roveyayinevi.com.tr\/index.php\/wp-json\/wp\/v2\/types\/product"}],"wp:attachment":[{"href":"https:\/\/roveyayinevi.com.tr\/index.php\/wp-json\/wp\/v2\/media?parent=762567"}],"wp:term":[{"taxonomy":"product_brand","embeddable":true,"href":"https:\/\/roveyayinevi.com.tr\/index.php\/wp-json\/wp\/v2\/product_brand?post=762567"},{"taxonomy":"product_cat","embeddable":true,"href":"https:\/\/roveyayinevi.com.tr\/index.php\/wp-json\/wp\/v2\/product_cat?post=762567"},{"taxonomy":"product_tag","embeddable":true,"href":"https:\/\/roveyayinevi.com.tr\/index.php\/wp-json\/wp\/v2\/product_tag?post=762567"}],"curies":[{"name":"wp","href":"https:\/\/api.w.org\/{rel}","templated":true}]}}