{"id":762565,"date":"2025-08-28T10:13:32","date_gmt":"2025-08-28T07:13:32","guid":{"rendered":"https:\/\/roveyayinevi.com.tr\/index.php\/urun\/bagisla-onlari\/"},"modified":"2026-04-15T03:27:40","modified_gmt":"2026-04-15T00:27:40","slug":"bagisla-onlari","status":"publish","type":"product","link":"https:\/\/roveyayinevi.com.tr\/index.php\/urun\/bagisla-onlari\/","title":{"rendered":"Ba\u011f\u0131\u015fla Onlar\u0131"},"content":{"rendered":"<p>\u201cParmaklar\u0131, tuttu\u011fu elimi kerpeten gibi kavrad\u0131, s\u0131kt\u0131 ve \u00e7ekti kendine do\u011fru. E\u011fildim ve sokuldum. Y\u00fcz\u00fcm y\u00fcz\u00fcne de\u011fecekti neredeyse. Solu\u011fu kesik kesikti.   Bir \u015feyler s\u00f6yleyecekti bana, hissediyordum. A\u011fz\u0131n\u0131 a\u00e7t\u0131 ve ince bir h\u0131r\u0131lt\u0131 duydum. Daha yakla\u015ft\u0131m, kula\u011f\u0131m\u0131 a\u011fz\u0131na dayad\u0131m, bekledim.   \u2018Ba\u011f\u0131\u015fla onlar\u0131&#8230;\u2019 dedi. \u2018\u00c7\u00fcnk\u00fc&#8230; Onlar, ne yapt\u0131klar\u0131n\u0131&#8230; Bilmiyorlar.\u2019\u201d   Tar\u0131k Dursun, ilk bask\u0131s\u0131 1989\u2019da yap\u0131lan bu roman\u0131nda, T\u00fcrk tiyatrosunda ve T\u00fcrk sinemas\u0131nda pek \u00e7ok ilke imza atm\u0131\u015f, kurucu fig\u00fcr olan Muhsin Ertu\u011frul\u2019u, ad\u0131n\u0131 bir kez bile anmadan ele al\u0131yor.     Roman\u0131n her b\u00f6l\u00fcm\u00fcnde bir ba\u015fkas\u0131, yirmi alt\u0131 farkl\u0131 ses, aile fertleri, \u00e7al\u0131\u015fma arkada\u015flar\u0131, sevgilileri anlat\u0131yor b\u00fcy\u00fck sanat\u00e7\u0131y\u0131. Bazen birbiriyle \u00e7eli\u015fen, taban tabana z\u0131t Muhsin Ertu\u011frul\u2019lar \u00e7\u0131k\u0131yor kar\u015f\u0131m\u0131za. B\u00f6ylece ini\u015f-\u00e7\u0131k\u0131\u015flar\u0131, gelgitleri, olanca bilinmezli\u011fi ve anla\u015f\u0131lmazl\u0131\u011f\u0131yla, \u00e2deta ya\u015fayan bir portre \u00e7izmeyi ba\u015far\u0131yor Tar\u0131k Dursun. Ba\u011f\u0131\u015fla Onlar\u0131, bir t\u00fcr bilmece roman. Geni\u015f bir ara\u015ft\u0131rmaya, pek \u00e7ok an\u0131ya, s\u00f6yle\u015fiye, yani ger\u00e7eklere dayanan ama isimlerin \u00e7o\u011fu kez verilmedi\u011fi, konu\u015fan, anlatan sesin ve dahi anlat\u0131lan\u0131n kim oldu\u011funu bulman\u0131n okuyucuya b\u0131rak\u0131ld\u0131\u011f\u0131 bir eser. <\/p>\n","protected":false},"excerpt":{"rendered":"<p>\u201cParmaklar\u0131, tuttu\u011fu elimi kerpeten gibi kavrad\u0131, s\u0131kt\u0131 ve \u00e7ekti kendine do\u011fru. E\u011fildim ve sokuldum. Y\u00fcz\u00fcm y\u00fcz\u00fcne de\u011fecekti neredeyse. Solu\u011fu kesik kesikti. Bir \u015feyler s\u00f6yleyecekti bana, hissediyordum.<span class=\"excerpt-hellip\"> [\u2026]<\/span><\/p>\n","protected":false},"featured_media":0,"template":"","meta":{"_monsterinsights_skip_tracking":false,"_monsterinsights_sitenote_active":false,"_monsterinsights_sitenote_note":"","_monsterinsights_sitenote_category":0},"product_brand":[],"product_cat":[12291,12711],"product_tag":[],"class_list":{"0":"post-762565","1":"product","2":"type-product","3":"status-publish","5":"product_cat-edebiyat","6":"product_cat-roman-oyku","7":"pa_cilt-ciltsiz","8":"pa_tur-kitap","9":"pa_yayinevi-ithaki-yayinlari","10":"pa_yazar-tarik-dursun-k","12":"first","13":"instock","14":"sale","15":"shipping-taxable","16":"purchasable","17":"product-type-simple"},"_links":{"self":[{"href":"https:\/\/roveyayinevi.com.tr\/index.php\/wp-json\/wp\/v2\/product\/762565","targetHints":{"allow":["GET"]}}],"collection":[{"href":"https:\/\/roveyayinevi.com.tr\/index.php\/wp-json\/wp\/v2\/product"}],"about":[{"href":"https:\/\/roveyayinevi.com.tr\/index.php\/wp-json\/wp\/v2\/types\/product"}],"wp:attachment":[{"href":"https:\/\/roveyayinevi.com.tr\/index.php\/wp-json\/wp\/v2\/media?parent=762565"}],"wp:term":[{"taxonomy":"product_brand","embeddable":true,"href":"https:\/\/roveyayinevi.com.tr\/index.php\/wp-json\/wp\/v2\/product_brand?post=762565"},{"taxonomy":"product_cat","embeddable":true,"href":"https:\/\/roveyayinevi.com.tr\/index.php\/wp-json\/wp\/v2\/product_cat?post=762565"},{"taxonomy":"product_tag","embeddable":true,"href":"https:\/\/roveyayinevi.com.tr\/index.php\/wp-json\/wp\/v2\/product_tag?post=762565"}],"curies":[{"name":"wp","href":"https:\/\/api.w.org\/{rel}","templated":true}]}}