{"id":762564,"date":"2025-08-28T10:13:30","date_gmt":"2025-08-28T07:13:30","guid":{"rendered":"https:\/\/roveyayinevi.com.tr\/index.php\/urun\/esnek-ile-genis-2\/"},"modified":"2026-04-15T03:27:40","modified_gmt":"2026-04-15T00:27:40","slug":"esnek-ile-genis-2","status":"publish","type":"product","link":"https:\/\/roveyayinevi.com.tr\/index.php\/urun\/esnek-ile-genis-2\/","title":{"rendered":"Esnek ile Geni\u015f &#8211; 2"},"content":{"rendered":"<p>Esnek ile Geni\u015f ikinci cildinde k\u00e2h \u0130stanbul sokaklar\u0131nda k\u00e2h sahil beldelerinde maceralar\u0131na devam ediyor. Kayg\u0131s\u0131zl\u0131\u011f\u0131n manifestosunu yazan \u00e7iftimiz zorlu zamanlardan da ge\u00e7seler ister paras\u0131zl\u0131k ister ili\u015fki ya da arkada\u015f problemleri olsun nevi \u015fahs\u0131na m\u00fcnhas\u0131r vurdumduymazl\u0131klar\u0131yla hayatlar\u0131na devam ediyor. Uykusuz dergisinde yay\u0131mlanan b\u00f6l\u00fcmleriyle Esnek ile Geni\u015f\u2019in ikinci cildi her sayfas\u0131nda okuru \u00f6zde\u015fle\u015febilece\u011fi, bazen de imrenebilece\u011fi bir yolculu\u011fa \u00e7\u0131kar\u0131yor. <\/p>\n","protected":false},"excerpt":{"rendered":"<p>Esnek ile Geni\u015f ikinci cildinde k\u00e2h \u0130stanbul sokaklar\u0131nda k\u00e2h sahil beldelerinde maceralar\u0131na devam ediyor. Kayg\u0131s\u0131zl\u0131\u011f\u0131n manifestosunu yazan \u00e7iftimiz zorlu zamanlardan da ge\u00e7seler ister paras\u0131zl\u0131k ister ili\u015fki<span class=\"excerpt-hellip\"> [\u2026]<\/span><\/p>\n","protected":false},"featured_media":0,"template":"","meta":{"_monsterinsights_skip_tracking":false,"_monsterinsights_sitenote_active":false,"_monsterinsights_sitenote_note":"","_monsterinsights_sitenote_category":0},"product_brand":[],"product_cat":[12416,12291],"product_tag":[],"class_list":{"0":"post-762564","1":"product","2":"type-product","3":"status-publish","5":"product_cat-cizgi-roman","6":"product_cat-edebiyat","7":"pa_cilt-ciltsiz","8":"pa_tur-kitap","9":"pa_yayinevi-ithaki-yayinlari","10":"pa_yazar-yetkin-gulmen","12":"first","13":"instock","14":"sale","15":"shipping-taxable","16":"purchasable","17":"product-type-simple"},"_links":{"self":[{"href":"https:\/\/roveyayinevi.com.tr\/index.php\/wp-json\/wp\/v2\/product\/762564","targetHints":{"allow":["GET"]}}],"collection":[{"href":"https:\/\/roveyayinevi.com.tr\/index.php\/wp-json\/wp\/v2\/product"}],"about":[{"href":"https:\/\/roveyayinevi.com.tr\/index.php\/wp-json\/wp\/v2\/types\/product"}],"wp:attachment":[{"href":"https:\/\/roveyayinevi.com.tr\/index.php\/wp-json\/wp\/v2\/media?parent=762564"}],"wp:term":[{"taxonomy":"product_brand","embeddable":true,"href":"https:\/\/roveyayinevi.com.tr\/index.php\/wp-json\/wp\/v2\/product_brand?post=762564"},{"taxonomy":"product_cat","embeddable":true,"href":"https:\/\/roveyayinevi.com.tr\/index.php\/wp-json\/wp\/v2\/product_cat?post=762564"},{"taxonomy":"product_tag","embeddable":true,"href":"https:\/\/roveyayinevi.com.tr\/index.php\/wp-json\/wp\/v2\/product_tag?post=762564"}],"curies":[{"name":"wp","href":"https:\/\/api.w.org\/{rel}","templated":true}]}}