{"id":762563,"date":"2025-08-28T10:13:28","date_gmt":"2025-08-28T07:13:28","guid":{"rendered":"https:\/\/roveyayinevi.com.tr\/index.php\/urun\/gozlemevi-apartmani\/"},"modified":"2026-04-15T03:27:40","modified_gmt":"2026-04-15T00:27:40","slug":"gozlemevi-apartmani","status":"publish","type":"product","link":"https:\/\/roveyayinevi.com.tr\/index.php\/urun\/gozlemevi-apartmani\/","title":{"rendered":"G\u00f6zlemevi Apartman\u0131"},"content":{"rendered":"<p>\u201cEldiven takanlar esrarengiz insanlard\u0131r, eldiven takarak dokunduklar\u0131 her \u015feyi kontrol ederler; bu, d\u00fcnyan\u0131n \u00fczerinde s\u00fcz\u00fcl\u00fcp ya\u015fayanlar\u0131, ac\u0131 \u00e7ekenleri izlemek gibidir, yaln\u0131zca g\u00f6zlemlersin ama asla dokunmazs\u0131n. En iyisi Beyaz Eldiven Kanunu\u2019nu \u00e7i\u011fnemeyi akl\u0131mdan bile ge\u00e7irmemekti&#8230;\u201dBeyaz Eldiven Kanunu gere\u011fi eldivenlerini hi\u00e7 \u00e7\u0131karmayan Francis Orme, g\u00fcnd\u00fczleri parktaki kaidesinde hareketsiz durmakta, kalan zaman\u0131nda da toplad\u0131\u011f\u0131 nesnelerle ki\u015fisel m\u00fczesini G\u00f6zlemevi Apartman\u0131\u2019n\u0131n bodrum kat\u0131nda kurmaktad\u0131r. Y\u0131llard\u0131r birbirleriyle konu\u015fmay\u0131p odalar\u0131ndan \u00e7\u0131kmayan anne babas\u0131yla ve nevi \u015fahs\u0131na m\u00fcnhas\u0131r kom\u015fu tiplerle oturan Orme, 18 numaraya ta\u015f\u0131nan yeni kom\u015fu Anna Tap sayesinde s\u0131k\u0131 s\u0131k\u0131ya kontrol etti\u011fi d\u00fcnyas\u0131n\u0131n \u00e7ok ge\u00e7meden k\u00f6k\u00fcnden de\u011fi\u015fece\u011fini anlar. Bu yeni kirac\u0131dan kurtulmak i\u00e7in giri\u015fti\u011fi m\u00fccadelenin seyri hi\u00e7 de umdu\u011fu gibi olmayacak, her \u015fey tepetaklak olana kadar ayakta neyin kalaca\u011f\u0131n\u0131 kimse bilemeyecektir.Kendine \u00f6zg\u00fc tarz\u0131, \u00e7izimleri ve kara mizah\u0131yla Edward Carey\u2019nin ilk roman\u0131 G\u00f6zlemevi Apartman\u0131\u2019nda, hen\u00fcz Am\u00e9lie Poulain\u2019in maceralar\u0131 ya da Masumiyet M\u00fczesi ortada yokken, Perec\u2019in Ya\u015fam Kullanma K\u0131lavuzu\u2019nun izinden giden \u00f6zg\u00fcn bir apartman tablosu sergileniyor.<\/p>\n","protected":false},"excerpt":{"rendered":"<p>\u201cEldiven takanlar esrarengiz insanlard\u0131r, eldiven takarak dokunduklar\u0131 her \u015feyi kontrol ederler; bu, d\u00fcnyan\u0131n \u00fczerinde s\u00fcz\u00fcl\u00fcp ya\u015fayanlar\u0131, ac\u0131 \u00e7ekenleri izlemek gibidir, yaln\u0131zca g\u00f6zlemlersin ama asla dokunmazs\u0131n. En<span class=\"excerpt-hellip\"> [\u2026]<\/span><\/p>\n","protected":false},"featured_media":0,"template":"","meta":{"_monsterinsights_skip_tracking":false,"_monsterinsights_sitenote_active":false,"_monsterinsights_sitenote_note":"","_monsterinsights_sitenote_category":0},"product_brand":[],"product_cat":[12291,12711],"product_tag":[],"class_list":{"0":"post-762563","1":"product","2":"type-product","3":"status-publish","5":"product_cat-edebiyat","6":"product_cat-roman-oyku","7":"pa_cilt-ciltsiz","8":"pa_tur-kitap","9":"pa_yayinevi-ithaki-yayinlari","10":"pa_yazar-edward-carey","12":"first","13":"instock","14":"sale","15":"shipping-taxable","16":"purchasable","17":"product-type-simple"},"_links":{"self":[{"href":"https:\/\/roveyayinevi.com.tr\/index.php\/wp-json\/wp\/v2\/product\/762563","targetHints":{"allow":["GET"]}}],"collection":[{"href":"https:\/\/roveyayinevi.com.tr\/index.php\/wp-json\/wp\/v2\/product"}],"about":[{"href":"https:\/\/roveyayinevi.com.tr\/index.php\/wp-json\/wp\/v2\/types\/product"}],"wp:attachment":[{"href":"https:\/\/roveyayinevi.com.tr\/index.php\/wp-json\/wp\/v2\/media?parent=762563"}],"wp:term":[{"taxonomy":"product_brand","embeddable":true,"href":"https:\/\/roveyayinevi.com.tr\/index.php\/wp-json\/wp\/v2\/product_brand?post=762563"},{"taxonomy":"product_cat","embeddable":true,"href":"https:\/\/roveyayinevi.com.tr\/index.php\/wp-json\/wp\/v2\/product_cat?post=762563"},{"taxonomy":"product_tag","embeddable":true,"href":"https:\/\/roveyayinevi.com.tr\/index.php\/wp-json\/wp\/v2\/product_tag?post=762563"}],"curies":[{"name":"wp","href":"https:\/\/api.w.org\/{rel}","templated":true}]}}