{"id":762561,"date":"2025-08-28T10:13:23","date_gmt":"2025-08-28T07:13:23","guid":{"rendered":"https:\/\/roveyayinevi.com.tr\/index.php\/urun\/calibanin-savasi\/"},"modified":"2026-04-15T03:27:40","modified_gmt":"2026-04-15T00:27:40","slug":"calibanin-savasi","status":"publish","type":"product","link":"https:\/\/roveyayinevi.com.tr\/index.php\/urun\/calibanin-savasi\/","title":{"rendered":"Caliban\u2019\u0131n Sava\u015f\u0131"},"content":{"rendered":"<p>UZUN ZAMANDIR BEKLENEN ENG\u0130NL\u0130K (EXPANSE) SER\u0130S\u0130 YEPYEN\u0130 KAPAKLARIYLA TEKRAR S\u0130ZLERLE!   2020 HUGO EN \u0130Y\u0130 SER\u0130 \u00d6D\u00dcL\u00dc 2013 LOCUS EN \u0130Y\u0130 B\u0130L\u0130MKURGU ROMANI ADAYI   \u201cE\u011fer m\u00fcthi\u015f karakterler i\u00e7eren ve ger\u00e7ek uzayda ge\u00e7en bilimkurgular\u0131 seviyorsan\u0131z, buna bay\u0131lacaks\u0131n\u0131z.\u201d \u2013Jo Walton   Yaln\u0131z de\u011filiz\u2026   D\u0131\u015f gezegenlerin tah\u0131l ambar\u0131 Ganymede\u2019de bir Mars donanma piyadesi t\u00fcm m\u00fcfrezesinin canavar\u0131ms\u0131 bir s\u00fcper asker taraf\u0131ndan katledilmesine tan\u0131k olur. D\u00fcnya\u2019da y\u00fcksek mevkiden bir siyaset\u00e7i gezegenleraras\u0131 bir sava\u015f\u0131n \u00e7\u0131kmamas\u0131 i\u00e7in u\u011fra\u015fmaktad\u0131r. Ve uzayl\u0131 bir protomolek\u00fcl Ven\u00fcs\u2019\u00fc i\u015fgal ederek gezegende muazzam ve gizemli de\u011fi\u015fimlere yol a\u00e7arken bir yandan da G\u00fcne\u015f Sistemi\u2019ne yay\u0131lma tehdidinde bulunmaktad\u0131r.   Uzay\u0131n u\u00e7suz bucaks\u0131z bo\u015flu\u011fundaysa James Holden ile Rocinante\u2019nin m\u00fcrettebat\u0131 D\u0131\u015f Gezegenler \u0130ttifak\u0131 ad\u0131na huzuru sa\u011flamaktad\u0131rlar. Onlar sava\u015f\u0131n pen\u00e7esindeki Ganymede\u2019de kay\u0131p k\u0131z\u0131n\u0131 bulmas\u0131 i\u00e7in bir biliminsan\u0131na yard\u0131m etmeyi kabul ettiklerinde insanl\u0131\u011f\u0131n gelece\u011fi, tek bir geminin \u00e7oktan ba\u015flam\u0131\u015f olabilecek bir uzayl\u0131 istilas\u0131n\u0131 engelleyip engelleyemeyece\u011fine ba\u011fl\u0131. <\/p>\n","protected":false},"excerpt":{"rendered":"<p>UZUN ZAMANDIR BEKLENEN ENG\u0130NL\u0130K (EXPANSE) SER\u0130S\u0130 YEPYEN\u0130 KAPAKLARIYLA TEKRAR S\u0130ZLERLE! 2020 HUGO EN \u0130Y\u0130 SER\u0130 \u00d6D\u00dcL\u00dc 2013 LOCUS EN \u0130Y\u0130 B\u0130L\u0130MKURGU ROMANI ADAYI \u201cE\u011fer m\u00fcthi\u015f karakterler<span class=\"excerpt-hellip\"> [\u2026]<\/span><\/p>\n","protected":false},"featured_media":0,"template":"","meta":{"_monsterinsights_skip_tracking":false,"_monsterinsights_sitenote_active":false,"_monsterinsights_sitenote_note":"","_monsterinsights_sitenote_category":0},"product_brand":[],"product_cat":[12540,12291],"product_tag":[],"class_list":{"0":"post-762561","1":"product","2":"type-product","3":"status-publish","5":"product_cat-bilim-kurgu","6":"product_cat-edebiyat","7":"pa_cilt-ciltsiz","8":"pa_tur-kitap","9":"pa_yayinevi-ithaki-yayinlari","10":"pa_yazar-james-s-a-corey","12":"first","13":"instock","14":"sale","15":"shipping-taxable","16":"purchasable","17":"product-type-simple"},"_links":{"self":[{"href":"https:\/\/roveyayinevi.com.tr\/index.php\/wp-json\/wp\/v2\/product\/762561","targetHints":{"allow":["GET"]}}],"collection":[{"href":"https:\/\/roveyayinevi.com.tr\/index.php\/wp-json\/wp\/v2\/product"}],"about":[{"href":"https:\/\/roveyayinevi.com.tr\/index.php\/wp-json\/wp\/v2\/types\/product"}],"wp:attachment":[{"href":"https:\/\/roveyayinevi.com.tr\/index.php\/wp-json\/wp\/v2\/media?parent=762561"}],"wp:term":[{"taxonomy":"product_brand","embeddable":true,"href":"https:\/\/roveyayinevi.com.tr\/index.php\/wp-json\/wp\/v2\/product_brand?post=762561"},{"taxonomy":"product_cat","embeddable":true,"href":"https:\/\/roveyayinevi.com.tr\/index.php\/wp-json\/wp\/v2\/product_cat?post=762561"},{"taxonomy":"product_tag","embeddable":true,"href":"https:\/\/roveyayinevi.com.tr\/index.php\/wp-json\/wp\/v2\/product_tag?post=762561"}],"curies":[{"name":"wp","href":"https:\/\/api.w.org\/{rel}","templated":true}]}}