{"id":762560,"date":"2025-08-28T10:13:21","date_gmt":"2025-08-28T07:13:21","guid":{"rendered":"https:\/\/roveyayinevi.com.tr\/index.php\/urun\/leviathan-uyaniyor\/"},"modified":"2026-04-01T03:20:02","modified_gmt":"2026-04-01T00:20:02","slug":"leviathan-uyaniyor","status":"publish","type":"product","link":"https:\/\/roveyayinevi.com.tr\/index.php\/urun\/leviathan-uyaniyor\/","title":{"rendered":"Leviathan Uyan\u0131yor"},"content":{"rendered":"<p>UZUN ZAMANDIR BEKLENEN ENG\u0130NL\u0130K (EXPANSE) SER\u0130S\u0130 YEPYEN\u0130 KAPAKLARIYLA TEKRAR S\u0130ZLERLE!   2020 HUGO EN \u0130Y\u0130 SER\u0130 \u00d6D\u00dcL\u00dc 2012 HUGO EN \u0130Y\u0130 ROMAN ADAYI 2012 LOCUS EN \u0130Y\u0130 B\u0130L\u0130MKURGU ROMANI ADAYI   \u201cGezegenleraras\u0131 macera dedi\u011fin b\u00f6yle yaz\u0131l\u0131r.\u201d \u2013George R. R. Martin   Gelece\u011fe ho\u015fgeldiniz.   \u0130nsanl\u0131k Mars\u2019\u0131, Ay\u2019\u0131, Asteroit Ku\u015fa\u011f\u0131\u2019n\u0131 ve de \u00f6tesini kolonile\u015ftirmi\u015ftir. Fakat y\u0131ld\u0131zlar h\u00e2l\u00e2 eri\u015filmezdir.   Jim Holden Sat\u00fcrn\u2019\u00fcn halkalar\u0131 ile Ku\u015fak\u2019taki maden istasyonlar\u0131 aras\u0131nda mekik dokuyan bir buz \u015filebinin idari subay\u0131d\u0131r. O ve m\u00fcrettebat\u0131 Scopuli ad\u0131ndaki terk edilmi\u015f bir gemiye rastlad\u0131klar\u0131nda korkun\u00e7 bir s\u0131rla kar\u015f\u0131la\u015f\u0131rlar. Bu, birileri i\u00e7in u\u011fruna cinayet i\u015flenecek bir s\u0131rd\u0131r, hem de Holden ile m\u00fcrettebat\u0131n\u0131n hayal bile edemeyecekleri bir \u00f6l\u00e7ekte. Holden gemiyi oraya kimin ve niye b\u0131rakt\u0131\u011f\u0131n\u0131 bulamazsa G\u00fcne\u015f Sistemi\u2019nde sava\u015f \u00e7\u0131kacakt\u0131r. Dedektif Miller bir k\u0131z\u0131 aramaktad\u0131r, milyarlarca ki\u015filik sistemdeki tek bir k\u0131z\u0131. Fakat k\u0131z\u0131n ailesinde para boldur ve paray\u0131 veren d\u00fcd\u00fc\u011f\u00fc \u00e7almaktad\u0131r. \u0130pu\u00e7lar\u0131 onu Scopuli \u2019ye ve isyanc\u0131 sempatizan\u0131 Holden\u2019a \u00e7\u0131kard\u0131\u011f\u0131nda Miller bu k\u0131z\u0131n t\u00fcm olup bitenlerin anahtar\u0131 olabilece\u011fini anlar.   Holden ile Miller\u2019\u0131n D\u00fcnya h\u00fck\u00fcmeti, D\u0131\u015f Gezegen devrimcileri ve gizli \u015firketler aras\u0131ndaki ince bir \u00e7izgide y\u00fcr\u00fcmeleri gerekmektedir ve \u015fans onlardan yana de\u011fildir. Fakat Ku\u015fak\u2019ta farkl\u0131 kurallar ge\u00e7erlidir ve k\u00fc\u00e7\u00fck bir gemi bile evrenin kaderini de\u011fi\u015ftirebilir. <\/p>\n","protected":false},"excerpt":{"rendered":"<p>UZUN ZAMANDIR BEKLENEN ENG\u0130NL\u0130K (EXPANSE) SER\u0130S\u0130 YEPYEN\u0130 KAPAKLARIYLA TEKRAR S\u0130ZLERLE! 2020 HUGO EN \u0130Y\u0130 SER\u0130 \u00d6D\u00dcL\u00dc 2012 HUGO EN \u0130Y\u0130 ROMAN ADAYI 2012 LOCUS EN \u0130Y\u0130<span class=\"excerpt-hellip\"> [\u2026]<\/span><\/p>\n","protected":false},"featured_media":0,"template":"","meta":{"_monsterinsights_skip_tracking":false,"_monsterinsights_sitenote_active":false,"_monsterinsights_sitenote_note":"","_monsterinsights_sitenote_category":0},"product_brand":[],"product_cat":[12540,12291],"product_tag":[],"class_list":{"0":"post-762560","1":"product","2":"type-product","3":"status-publish","5":"product_cat-bilim-kurgu","6":"product_cat-edebiyat","7":"pa_cilt-ciltsiz","8":"pa_tur-kitap","9":"pa_yayinevi-ithaki-yayinlari","10":"pa_yazar-james-s-a-corey","12":"first","13":"instock","14":"sale","15":"shipping-taxable","16":"purchasable","17":"product-type-simple"},"_links":{"self":[{"href":"https:\/\/roveyayinevi.com.tr\/index.php\/wp-json\/wp\/v2\/product\/762560","targetHints":{"allow":["GET"]}}],"collection":[{"href":"https:\/\/roveyayinevi.com.tr\/index.php\/wp-json\/wp\/v2\/product"}],"about":[{"href":"https:\/\/roveyayinevi.com.tr\/index.php\/wp-json\/wp\/v2\/types\/product"}],"wp:attachment":[{"href":"https:\/\/roveyayinevi.com.tr\/index.php\/wp-json\/wp\/v2\/media?parent=762560"}],"wp:term":[{"taxonomy":"product_brand","embeddable":true,"href":"https:\/\/roveyayinevi.com.tr\/index.php\/wp-json\/wp\/v2\/product_brand?post=762560"},{"taxonomy":"product_cat","embeddable":true,"href":"https:\/\/roveyayinevi.com.tr\/index.php\/wp-json\/wp\/v2\/product_cat?post=762560"},{"taxonomy":"product_tag","embeddable":true,"href":"https:\/\/roveyayinevi.com.tr\/index.php\/wp-json\/wp\/v2\/product_tag?post=762560"}],"curies":[{"name":"wp","href":"https:\/\/api.w.org\/{rel}","templated":true}]}}