{"id":762559,"date":"2025-08-28T10:13:19","date_gmt":"2025-08-28T07:13:19","guid":{"rendered":"https:\/\/roveyayinevi.com.tr\/index.php\/urun\/seyyid-seyh-mahmud-samini-hazretleri\/"},"modified":"2025-11-21T10:40:06","modified_gmt":"2025-11-21T07:40:06","slug":"seyyid-seyh-mahmud-samini-hazretleri","status":"publish","type":"product","link":"https:\/\/roveyayinevi.com.tr\/index.php\/urun\/seyyid-seyh-mahmud-samini-hazretleri\/","title":{"rendered":"Seyyid \u015eeyh Mahmud Samini Hazretleri"},"content":{"rendered":"<p>Mak\u00e2m-\u0131 ir\u015f\u00e2d y\u00e2ni insanlar\u0131 yeti\u015ftirme makam\u0131 bir \u015fim\u015fektir. \u00c7akt\u0131\u011f\u0131 vakit etr\u00e2f\u0131n\u0131 ayd\u0131nlat\u0131r ve d\u00fc\u015ft\u00fc\u011f\u00fc yeri de yakar. M\u00e2rifet; o ayd\u0131nl\u0131\u011f\u0131 insanlar\u0131n kararan kalbine n\u00fcf\u00fbz ettirmek ve kalbleri ayd\u0131nlatmakt\u0131r. <\/p>\n","protected":false},"excerpt":{"rendered":"<p>Mak\u00e2m-\u0131 ir\u015f\u00e2d y\u00e2ni insanlar\u0131 yeti\u015ftirme makam\u0131 bir \u015fim\u015fektir. \u00c7akt\u0131\u011f\u0131 vakit etr\u00e2f\u0131n\u0131 ayd\u0131nlat\u0131r ve d\u00fc\u015ft\u00fc\u011f\u00fc yeri de yakar. M\u00e2rifet; o ayd\u0131nl\u0131\u011f\u0131 insanlar\u0131n kararan kalbine n\u00fcf\u00fbz ettirmek ve<span class=\"excerpt-hellip\"> [\u2026]<\/span><\/p>\n","protected":false},"featured_media":0,"template":"","meta":{"_monsterinsights_skip_tracking":false,"_monsterinsights_sitenote_active":false,"_monsterinsights_sitenote_note":"","_monsterinsights_sitenote_category":0},"product_brand":[],"product_cat":[14009,12291],"product_tag":[],"class_list":{"0":"post-762559","1":"product","2":"type-product","3":"status-publish","5":"product_cat-biyografi-otobiyografi-edebiyat","6":"product_cat-edebiyat","7":"pa_cilt-ciltsiz","8":"pa_tur-kitap","9":"pa_yayinevi-vova-yayinlari","10":"pa_yazar-abdulkadir-degirmencioglu","12":"first","13":"instock","14":"sale","15":"shipping-taxable","16":"purchasable","17":"product-type-simple"},"_links":{"self":[{"href":"https:\/\/roveyayinevi.com.tr\/index.php\/wp-json\/wp\/v2\/product\/762559","targetHints":{"allow":["GET"]}}],"collection":[{"href":"https:\/\/roveyayinevi.com.tr\/index.php\/wp-json\/wp\/v2\/product"}],"about":[{"href":"https:\/\/roveyayinevi.com.tr\/index.php\/wp-json\/wp\/v2\/types\/product"}],"wp:attachment":[{"href":"https:\/\/roveyayinevi.com.tr\/index.php\/wp-json\/wp\/v2\/media?parent=762559"}],"wp:term":[{"taxonomy":"product_brand","embeddable":true,"href":"https:\/\/roveyayinevi.com.tr\/index.php\/wp-json\/wp\/v2\/product_brand?post=762559"},{"taxonomy":"product_cat","embeddable":true,"href":"https:\/\/roveyayinevi.com.tr\/index.php\/wp-json\/wp\/v2\/product_cat?post=762559"},{"taxonomy":"product_tag","embeddable":true,"href":"https:\/\/roveyayinevi.com.tr\/index.php\/wp-json\/wp\/v2\/product_tag?post=762559"}],"curies":[{"name":"wp","href":"https:\/\/api.w.org\/{rel}","templated":true}]}}