{"id":762554,"date":"2025-08-28T10:13:09","date_gmt":"2025-08-28T07:13:09","guid":{"rendered":"https:\/\/roveyayinevi.com.tr\/index.php\/urun\/batman-yeni-52-cilt-2-baykuslar-sehri-retro\/"},"modified":"2026-04-15T03:27:40","modified_gmt":"2026-04-15T00:27:40","slug":"batman-yeni-52-cilt-2-baykuslar-sehri-retro","status":"publish","type":"product","link":"https:\/\/roveyayinevi.com.tr\/index.php\/urun\/batman-yeni-52-cilt-2-baykuslar-sehri-retro\/","title":{"rendered":"Batman Yeni 52 Cilt 2: Bayku\u015flar \u015eehri (Retro!)"},"content":{"rendered":"<p>BAYKU\u015eLAR D\u0130VANI, B\u0130R Y\u00dcZYILDAN DAHA UZUN B\u0130R S\u00dcRED\u0130R GOTHAM \u015eEHR\u0130 \u00dcZER\u0130NDE H\u00dcK\u00dcM S\u00dcRD\u00dc \u2013 ETK\u0130 ALANI SINIRSIZ, G\u00dcC\u00dc ENGELLENEMEZ. Batman ile sava\u015fana kadar. Gotham\u2019\u0131n kanun d\u0131\u015f\u0131 koruyucusu, zihni ve bedeni parampar\u00e7a olmu\u015f bir \u015fekilde Divan\u2019\u0131n pen\u00e7esinden kurtulmay\u0131 ba\u015fard\u0131. Kara \u015e\u00f6valye, yeni ve \u00f6l\u00fcmc\u00fcl sald\u0131rganlar\u0131yla yapt\u0131\u011f\u0131 d\u00fcelloyu kazanm\u0131\u015f olsa da hen\u00fcz sava\u015f\u0131 kazanm\u0131\u015f de\u011fil. Batman, Divan\u2019\u0131n fetih seferinin yaln\u0131zca ilk aya\u011f\u0131yd\u0131. Art\u0131k g\u00f6zlerini \u00e7ok daha b\u00fcy\u00fck bir \u015feye diktiler: Gotham \u015eehri\u2019ne. Hainler, Batman\u2019in de\u011fer verdi\u011fi her \u015feyi tehdit edecekler: Gizli kimli\u011fi. Evi. \u00dcsleri. Dostlar\u0131na ve d\u00fc\u015fmanlar\u0131na kar\u015f\u0131 olan inanc\u0131&#8230; Divan\u2019\u0131n \u00f6l\u00fcmc\u00fcl askerleri Talonlar, onu yok etmek i\u00e7in pe\u015fine d\u00fc\u015ft\u00fc\u011f\u00fcnde Kara \u015e\u00f6valye ve m\u00fcttefikleri kendilerini \u015fimdiye kadar kar\u015f\u0131la\u015ft\u0131klar\u0131 en tehlikeli y\u0131rt\u0131c\u0131lar ile bir \u00f6l\u00fcm kal\u0131m sava\u015f\u0131n\u0131n ortas\u0131nda bulacaklar.<\/p>\n","protected":false},"excerpt":{"rendered":"<p>BAYKU\u015eLAR D\u0130VANI, B\u0130R Y\u00dcZYILDAN DAHA UZUN B\u0130R S\u00dcRED\u0130R GOTHAM \u015eEHR\u0130 \u00dcZER\u0130NDE H\u00dcK\u00dcM S\u00dcRD\u00dc \u2013 ETK\u0130 ALANI SINIRSIZ, G\u00dcC\u00dc ENGELLENEMEZ. Batman ile sava\u015fana kadar. Gotham\u2019\u0131n kanun d\u0131\u015f\u0131<span class=\"excerpt-hellip\"> [\u2026]<\/span><\/p>\n","protected":false},"featured_media":0,"template":"","meta":{"_monsterinsights_skip_tracking":false,"_monsterinsights_sitenote_active":false,"_monsterinsights_sitenote_note":"","_monsterinsights_sitenote_category":0},"product_brand":[],"product_cat":[12416,12291],"product_tag":[],"class_list":{"0":"post-762554","1":"product","2":"type-product","3":"status-publish","5":"product_cat-cizgi-roman","6":"product_cat-edebiyat","7":"pa_cilt-ciltsiz","8":"pa_tur-kitap","9":"pa_yayinevi-jbc-yayincilik","10":"pa_yazar-scott-snyder","12":"first","13":"instock","14":"sale","15":"shipping-taxable","16":"purchasable","17":"product-type-simple"},"_links":{"self":[{"href":"https:\/\/roveyayinevi.com.tr\/index.php\/wp-json\/wp\/v2\/product\/762554","targetHints":{"allow":["GET"]}}],"collection":[{"href":"https:\/\/roveyayinevi.com.tr\/index.php\/wp-json\/wp\/v2\/product"}],"about":[{"href":"https:\/\/roveyayinevi.com.tr\/index.php\/wp-json\/wp\/v2\/types\/product"}],"wp:attachment":[{"href":"https:\/\/roveyayinevi.com.tr\/index.php\/wp-json\/wp\/v2\/media?parent=762554"}],"wp:term":[{"taxonomy":"product_brand","embeddable":true,"href":"https:\/\/roveyayinevi.com.tr\/index.php\/wp-json\/wp\/v2\/product_brand?post=762554"},{"taxonomy":"product_cat","embeddable":true,"href":"https:\/\/roveyayinevi.com.tr\/index.php\/wp-json\/wp\/v2\/product_cat?post=762554"},{"taxonomy":"product_tag","embeddable":true,"href":"https:\/\/roveyayinevi.com.tr\/index.php\/wp-json\/wp\/v2\/product_tag?post=762554"}],"curies":[{"name":"wp","href":"https:\/\/api.w.org\/{rel}","templated":true}]}}