{"id":762553,"date":"2025-08-28T10:13:07","date_gmt":"2025-08-28T07:13:07","guid":{"rendered":"https:\/\/roveyayinevi.com.tr\/index.php\/urun\/peygamberimi-taniyorum-iki-cilt\/"},"modified":"2026-04-15T03:27:40","modified_gmt":"2026-04-15T00:27:40","slug":"peygamberimi-taniyorum-iki-cilt","status":"publish","type":"product","link":"https:\/\/roveyayinevi.com.tr\/index.php\/urun\/peygamberimi-taniyorum-iki-cilt\/","title":{"rendered":"Peygamberimi Tan\u0131yorum (\u0130ki Cilt)"},"content":{"rendered":"<p>Bu kitaplarla Peygamberimizi (a.s.m.) tan\u0131mayan \u00e7ocuk kalmayacak\u2026   Kitab\u0131n ba\u015f\u0131nda bir bebe\u011fin do\u011fum haberini alacaks\u0131n. Sonra baz\u0131 ilgin\u00e7 geli\u015fmelerle birlikte bebek, b\u00fcy\u00fcmeye ba\u015flayacak. Ard\u0131ndan \u00e7ocuk daha da sonra gen\u00e7 olacak. \u0130\u015f adam\u0131 olacak, evlenecek, \u00e7ocuklar\u0131 olacak&#8230; Bir hayat hikayesinin i\u00e7inde bulacaks\u0131n kendini.     Sen de onun ya\u015fad\u0131\u011f\u0131 olaylar\u0131n tam ortas\u0131ndas\u0131nd\u0131r art\u0131k&#8230; Hen\u00fcz bebekken \u00fczerini \u00f6rtmek, \u00e7ocukken onunla oyun oynamak, gen\u00e7ken arkada\u015fl\u0131k etmek, i\u015f adam\u0131yken kervana kat\u0131lmak, evlenip baba oldu\u011funda bu aileden olmak isteyeceksin. Bir hayalin olacak art\u0131k. Sonra hik\u00e2ye boyunca parlayan g\u00f6zler de bir h\u00fcz\u00fcn belirecek, tebess\u00fcm eksik olmayan y\u00fcz\u00fcne bir g\u00f6lge d\u00fc\u015fecek. Neden? Asl\u0131nda her \u015fey yeni ba\u015fl\u0131yor. Seni bekleyen s\u00fcrprizle kar\u015f\u0131la\u015fmana az kald\u0131. \u00d6yle bir \u015fey olacak ki! Hayatlar\u0131m\u0131z\u0131n en \u00f6nemli insan\u0131yla tan\u0131\u015ft\u0131\u011f\u0131m\u0131z\u0131 fark edece\u011fiz. Bu bir tan\u0131\u015f\u0131p sevme hikayesi&#8230;     Haz\u0131r m\u0131s\u0131n? Bir gece vakti Mekke uykudayken t\u00fcm D\u00fcnya\u2019y\u0131 uyand\u0131racak olaylar ba\u015fl\u0131yor.<\/p>\n","protected":false},"excerpt":{"rendered":"<p>Bu kitaplarla Peygamberimizi (a.s.m.) tan\u0131mayan \u00e7ocuk kalmayacak\u2026 Kitab\u0131n ba\u015f\u0131nda bir bebe\u011fin do\u011fum haberini alacaks\u0131n. Sonra baz\u0131 ilgin\u00e7 geli\u015fmelerle birlikte bebek, b\u00fcy\u00fcmeye ba\u015flayacak. Ard\u0131ndan \u00e7ocuk daha da<span class=\"excerpt-hellip\"> [\u2026]<\/span><\/p>\n","protected":false},"featured_media":0,"template":"","meta":{"_monsterinsights_skip_tracking":false,"_monsterinsights_sitenote_active":false,"_monsterinsights_sitenote_note":"","_monsterinsights_sitenote_category":0},"product_brand":[],"product_cat":[12274,18802],"product_tag":[],"class_list":{"0":"post-762553","1":"product","2":"type-product","3":"status-publish","5":"product_cat-cocuk-ve-genclik-kitaplari","6":"product_cat-din-egitimi","7":"pa_cilt-set","8":"pa_tur-kitap","9":"pa_yayinevi-nesil-cocuk-yayinlari","10":"pa_yazar-esra-aksoy","12":"first","13":"instock","14":"sale","15":"shipping-taxable","16":"purchasable","17":"product-type-simple"},"_links":{"self":[{"href":"https:\/\/roveyayinevi.com.tr\/index.php\/wp-json\/wp\/v2\/product\/762553","targetHints":{"allow":["GET"]}}],"collection":[{"href":"https:\/\/roveyayinevi.com.tr\/index.php\/wp-json\/wp\/v2\/product"}],"about":[{"href":"https:\/\/roveyayinevi.com.tr\/index.php\/wp-json\/wp\/v2\/types\/product"}],"wp:attachment":[{"href":"https:\/\/roveyayinevi.com.tr\/index.php\/wp-json\/wp\/v2\/media?parent=762553"}],"wp:term":[{"taxonomy":"product_brand","embeddable":true,"href":"https:\/\/roveyayinevi.com.tr\/index.php\/wp-json\/wp\/v2\/product_brand?post=762553"},{"taxonomy":"product_cat","embeddable":true,"href":"https:\/\/roveyayinevi.com.tr\/index.php\/wp-json\/wp\/v2\/product_cat?post=762553"},{"taxonomy":"product_tag","embeddable":true,"href":"https:\/\/roveyayinevi.com.tr\/index.php\/wp-json\/wp\/v2\/product_tag?post=762553"}],"curies":[{"name":"wp","href":"https:\/\/api.w.org\/{rel}","templated":true}]}}