{"id":762552,"date":"2025-08-28T10:13:05","date_gmt":"2025-08-28T07:13:05","guid":{"rendered":"https:\/\/roveyayinevi.com.tr\/index.php\/urun\/eda-erdem-dundar-efsanevi-kaptan\/"},"modified":"2026-04-15T03:27:40","modified_gmt":"2026-04-15T00:27:40","slug":"eda-erdem-dundar-efsanevi-kaptan","status":"publish","type":"product","link":"https:\/\/roveyayinevi.com.tr\/index.php\/urun\/eda-erdem-dundar-efsanevi-kaptan\/","title":{"rendered":"Eda Erdem D\u00fcndar &#8211;  Efsanevi Kaptan"},"content":{"rendered":"<p>Eda Erdem D\u00fcndar: Efsanevi Kaptan   Eda Erdem D\u00fcndar, T\u00fcrk voleybolunun zirvesine t\u0131rmanan ve hem kul\u00fcb\u00fc Fenerbah\u00e7e hem de T\u00fcrkiye kad\u0131n mill\u00ee voleybol tak\u0131m\u0131n\u0131n vazge\u00e7ilmez lideri olan efsanevi bir sporcu. \u0130stanbul\u2019un kalbinde do\u011fan bu g\u00fc\u00e7l\u00fc kad\u0131n, hayallerini ger\u00e7e\u011fe d\u00f6n\u00fc\u015ft\u00fcrmek i\u00e7in g\u00f6sterdi\u011fi azim ve kararl\u0131l\u0131kla t\u00fcm T\u00fcrkiye\u2019yi kendine hayran b\u0131rakt\u0131.   Bu kitap, Eda\u2019n\u0131n s\u0131cac\u0131k bir yaz g\u00fcn\u00fc \u0130stanbul\u2019da ba\u015flayan ve zirveye uzanan ilham dolu yolculu\u011funu anlat\u0131yor. \u0130lk ad\u0131mlar\u0131ndan Be\u015fikta\u015f\u2019taki y\u00fckseli\u015fine, Fenerbah\u00e7e\u2019deki kaptanl\u0131k ser\u00fcveninden mill\u00ee tak\u0131mdaki zaferlerine kadar, her an\u0131s\u0131n\u0131 ve ba\u015far\u0131s\u0131n\u0131 i\u00e7ten bir dille payla\u015f\u0131yor. Ayr\u0131ca onun azmi ve liderlik vas\u0131flar\u0131n\u0131n gen\u00e7 sporculara nas\u0131l ilham kayna\u011f\u0131 oldu\u011funu g\u00f6zler \u00f6n\u00fcne seriyor.   Eda\u2019n\u0131n hik\u00e2yesiyle tan\u0131\u015f\u0131n ve onunla birlikte voleybolun zirvesine yolculuk edin.<\/p>\n","protected":false},"excerpt":{"rendered":"<p>Eda Erdem D\u00fcndar: Efsanevi Kaptan Eda Erdem D\u00fcndar, T\u00fcrk voleybolunun zirvesine t\u0131rmanan ve hem kul\u00fcb\u00fc Fenerbah\u00e7e hem de T\u00fcrkiye kad\u0131n mill\u00ee voleybol tak\u0131m\u0131n\u0131n vazge\u00e7ilmez lideri olan<span class=\"excerpt-hellip\"> [\u2026]<\/span><\/p>\n","protected":false},"featured_media":0,"template":"","meta":{"_monsterinsights_skip_tracking":false,"_monsterinsights_sitenote_active":false,"_monsterinsights_sitenote_note":"","_monsterinsights_sitenote_category":0},"product_brand":[],"product_cat":[14009,12291],"product_tag":[],"class_list":{"0":"post-762552","1":"product","2":"type-product","3":"status-publish","5":"product_cat-biyografi-otobiyografi-edebiyat","6":"product_cat-edebiyat","7":"pa_cilt-ciltsiz","8":"pa_tur-kitap","9":"pa_yayinevi-peta-kitap","10":"pa_yazar-can-eren","12":"first","13":"instock","14":"sale","15":"shipping-taxable","16":"purchasable","17":"product-type-simple"},"_links":{"self":[{"href":"https:\/\/roveyayinevi.com.tr\/index.php\/wp-json\/wp\/v2\/product\/762552","targetHints":{"allow":["GET"]}}],"collection":[{"href":"https:\/\/roveyayinevi.com.tr\/index.php\/wp-json\/wp\/v2\/product"}],"about":[{"href":"https:\/\/roveyayinevi.com.tr\/index.php\/wp-json\/wp\/v2\/types\/product"}],"wp:attachment":[{"href":"https:\/\/roveyayinevi.com.tr\/index.php\/wp-json\/wp\/v2\/media?parent=762552"}],"wp:term":[{"taxonomy":"product_brand","embeddable":true,"href":"https:\/\/roveyayinevi.com.tr\/index.php\/wp-json\/wp\/v2\/product_brand?post=762552"},{"taxonomy":"product_cat","embeddable":true,"href":"https:\/\/roveyayinevi.com.tr\/index.php\/wp-json\/wp\/v2\/product_cat?post=762552"},{"taxonomy":"product_tag","embeddable":true,"href":"https:\/\/roveyayinevi.com.tr\/index.php\/wp-json\/wp\/v2\/product_tag?post=762552"}],"curies":[{"name":"wp","href":"https:\/\/api.w.org\/{rel}","templated":true}]}}