{"id":762550,"date":"2025-08-28T10:13:00","date_gmt":"2025-08-28T07:13:00","guid":{"rendered":"https:\/\/roveyayinevi.com.tr\/index.php\/urun\/melissa-vargas-vazgecmeyen-bir-kadinin-oykusu\/"},"modified":"2026-04-15T03:27:40","modified_gmt":"2026-04-15T00:27:40","slug":"melissa-vargas-vazgecmeyen-bir-kadinin-oykusu","status":"publish","type":"product","link":"https:\/\/roveyayinevi.com.tr\/index.php\/urun\/melissa-vargas-vazgecmeyen-bir-kadinin-oykusu\/","title":{"rendered":"Melissa Vargas &#8211; Vazge\u00e7meyen Bir Kad\u0131n\u0131n \u00d6yk\u00fcs\u00fc"},"content":{"rendered":"<p>Melissa Vargas: Vazge\u00e7meyen Bir Kad\u0131n\u0131n \u00d6yk\u00fcs\u00fc   K\u00fcba\u2019dan T\u00fcrkiye\u2019ye uzanan destans\u0131 bir yolculuk\u2026   Melissa Vargas, voleybol sahalar\u0131nda f\u0131rt\u0131nalar estiren, azmi ve kararl\u0131l\u0131\u011f\u0131yla t\u00fcm d\u00fcnyaya ilham veren bir sporcu. K\u00fcba\u2019n\u0131n dar sokaklar\u0131nda ba\u015flayan hik\u00e2yesi, onu T\u00fcrkiye\u2019nin gururu ve d\u00fcnya voleybolunun parlayan y\u0131ld\u0131z\u0131 h\u00e2line getirdi. \u201cVargas Hava Yollar\u0131\u201d lakab\u0131yla tan\u0131nan Melissa, her sma\u00e7ta \u00e2deta yer \u00e7ekimine meydan okuyor, yeni rekorlar k\u0131r\u0131yor.   Bu kitap Melissa\u2019n\u0131n yaln\u0131zca bir sporcu olarak de\u011fil, ayn\u0131 zamanda cesaret dolu bir hayat hik\u00e2yesine sahip bir kad\u0131n olarak ya\u015fad\u0131\u011f\u0131 zorluklarla nas\u0131l m\u00fccadele etti\u011fini ve ba\u015far\u0131ya nas\u0131l ula\u015ft\u0131\u011f\u0131n\u0131 anlat\u0131yor. K\u00fcba Mill\u00ee Tak\u0131m\u0131\u2019ndan Fenerbah\u00e7e\u2019ye, \u00c7in\u2019deki ba\u015far\u0131l\u0131 sezonlar\u0131ndan T\u00fcrk Mill\u00ee Tak\u0131m\u0131\u2019na uzanan bu \u00f6yk\u00fc; azmin, inanc\u0131n ve vazge\u00e7memenin bir zaferi.<\/p>\n","protected":false},"excerpt":{"rendered":"<p>Melissa Vargas: Vazge\u00e7meyen Bir Kad\u0131n\u0131n \u00d6yk\u00fcs\u00fc K\u00fcba\u2019dan T\u00fcrkiye\u2019ye uzanan destans\u0131 bir yolculuk\u2026 Melissa Vargas, voleybol sahalar\u0131nda f\u0131rt\u0131nalar estiren, azmi ve kararl\u0131l\u0131\u011f\u0131yla t\u00fcm d\u00fcnyaya ilham veren bir<span class=\"excerpt-hellip\"> [\u2026]<\/span><\/p>\n","protected":false},"featured_media":0,"template":"","meta":{"_monsterinsights_skip_tracking":false,"_monsterinsights_sitenote_active":false,"_monsterinsights_sitenote_note":"","_monsterinsights_sitenote_category":0},"product_brand":[],"product_cat":[14009,12291],"product_tag":[],"class_list":{"0":"post-762550","1":"product","2":"type-product","3":"status-publish","5":"product_cat-biyografi-otobiyografi-edebiyat","6":"product_cat-edebiyat","7":"pa_cilt-ciltsiz","8":"pa_tur-kitap","9":"pa_yayinevi-peta-kitap","10":"pa_yazar-can-eren","12":"first","13":"instock","14":"sale","15":"shipping-taxable","16":"purchasable","17":"product-type-simple"},"_links":{"self":[{"href":"https:\/\/roveyayinevi.com.tr\/index.php\/wp-json\/wp\/v2\/product\/762550","targetHints":{"allow":["GET"]}}],"collection":[{"href":"https:\/\/roveyayinevi.com.tr\/index.php\/wp-json\/wp\/v2\/product"}],"about":[{"href":"https:\/\/roveyayinevi.com.tr\/index.php\/wp-json\/wp\/v2\/types\/product"}],"wp:attachment":[{"href":"https:\/\/roveyayinevi.com.tr\/index.php\/wp-json\/wp\/v2\/media?parent=762550"}],"wp:term":[{"taxonomy":"product_brand","embeddable":true,"href":"https:\/\/roveyayinevi.com.tr\/index.php\/wp-json\/wp\/v2\/product_brand?post=762550"},{"taxonomy":"product_cat","embeddable":true,"href":"https:\/\/roveyayinevi.com.tr\/index.php\/wp-json\/wp\/v2\/product_cat?post=762550"},{"taxonomy":"product_tag","embeddable":true,"href":"https:\/\/roveyayinevi.com.tr\/index.php\/wp-json\/wp\/v2\/product_tag?post=762550"}],"curies":[{"name":"wp","href":"https:\/\/api.w.org\/{rel}","templated":true}]}}