{"id":762549,"date":"2025-08-28T10:12:58","date_gmt":"2025-08-28T07:12:58","guid":{"rendered":"https:\/\/roveyayinevi.com.tr\/index.php\/urun\/gizem-orge-savunmanin-kralicesi\/"},"modified":"2026-04-15T03:27:40","modified_gmt":"2026-04-15T00:27:40","slug":"gizem-orge-savunmanin-kralicesi","status":"publish","type":"product","link":"https:\/\/roveyayinevi.com.tr\/index.php\/urun\/gizem-orge-savunmanin-kralicesi\/","title":{"rendered":"Gizem \u00d6rge &#8211; Savunman\u0131n Krali\u00e7esi"},"content":{"rendered":"<p>Gizem \u00d6rge: Savunman\u0131n Krali\u00e7esi   Gizem \u00d6rge\u2019nin muhte\u015fem voleybol yolculu\u011funa tan\u0131k olmaya haz\u0131r m\u0131s\u0131n\u0131z? Bu kitap, voleybol sahalar\u0131n\u0131n parlayan y\u0131ld\u0131z\u0131 Gizem \u00d6rge\u2019nin, \u00e7ocukluk hayallerinden d\u00fcnya sahnesine uzanan etkileyici hik\u00e2yesini g\u00f6zler \u00f6n\u00fcne seriyor. Alt\u0131 ya\u015f\u0131nda sokakta ba\u015flayan bu ser\u00fcven, onu T\u00fcrkiye\u2019nin ve d\u00fcnyan\u0131n en prestijli tak\u0131mlar\u0131na ta\u015f\u0131d\u0131r.   Vak\u0131fBank\u2019taki efsanevi ba\u015far\u0131lar\u0131, Fenerbah\u00e7e\u2019ye transferi ve buradaki ya\u015fad\u0131\u011f\u0131 zorlu s\u00fcre\u00e7ler, onun hem fiziksel hem de duygusal dayan\u0131kl\u0131l\u0131\u011f\u0131n\u0131 s\u0131nad\u0131. Gizem\u2019in her ba\u015far\u0131s\u0131, her hayal k\u0131r\u0131kl\u0131\u011f\u0131, her zaferi ve her m\u00fccadelesi, spor d\u00fcnyas\u0131na ilham veren bir hik\u00e2ye olarak bu sayfalarda hayat buluyor.   Gizem \u00d6rge, sadece bir sporcu de\u011fil, ayn\u0131 zamanda azmi, kararl\u0131l\u0131\u011f\u0131 ve bitmek bilmeyen enerjisiyle bir rol modeldir. Onun hik\u00e2yesi, hayallerinin pe\u015finden gitmek isteyen herkes i\u00e7in ilham verici bir yolculuk sunuyor. Bu kitap, voleybol tutkunlar\u0131 ve azmin g\u00fcc\u00fcne inanan herkes i\u00e7in e\u015fsiz bir ba\u015f ucu kitab\u0131 olacak.<\/p>\n","protected":false},"excerpt":{"rendered":"<p>Gizem \u00d6rge: Savunman\u0131n Krali\u00e7esi Gizem \u00d6rge\u2019nin muhte\u015fem voleybol yolculu\u011funa tan\u0131k olmaya haz\u0131r m\u0131s\u0131n\u0131z? Bu kitap, voleybol sahalar\u0131n\u0131n parlayan y\u0131ld\u0131z\u0131 Gizem \u00d6rge\u2019nin, \u00e7ocukluk hayallerinden d\u00fcnya sahnesine uzanan<span class=\"excerpt-hellip\"> [\u2026]<\/span><\/p>\n","protected":false},"featured_media":0,"template":"","meta":{"_monsterinsights_skip_tracking":false,"_monsterinsights_sitenote_active":false,"_monsterinsights_sitenote_note":"","_monsterinsights_sitenote_category":0},"product_brand":[],"product_cat":[14009,12291],"product_tag":[],"class_list":{"0":"post-762549","1":"product","2":"type-product","3":"status-publish","5":"product_cat-biyografi-otobiyografi-edebiyat","6":"product_cat-edebiyat","7":"pa_cilt-ciltsiz","8":"pa_tur-kitap","9":"pa_yayinevi-peta-kitap","10":"pa_yazar-can-eren","12":"first","13":"instock","14":"sale","15":"shipping-taxable","16":"purchasable","17":"product-type-simple"},"_links":{"self":[{"href":"https:\/\/roveyayinevi.com.tr\/index.php\/wp-json\/wp\/v2\/product\/762549","targetHints":{"allow":["GET"]}}],"collection":[{"href":"https:\/\/roveyayinevi.com.tr\/index.php\/wp-json\/wp\/v2\/product"}],"about":[{"href":"https:\/\/roveyayinevi.com.tr\/index.php\/wp-json\/wp\/v2\/types\/product"}],"wp:attachment":[{"href":"https:\/\/roveyayinevi.com.tr\/index.php\/wp-json\/wp\/v2\/media?parent=762549"}],"wp:term":[{"taxonomy":"product_brand","embeddable":true,"href":"https:\/\/roveyayinevi.com.tr\/index.php\/wp-json\/wp\/v2\/product_brand?post=762549"},{"taxonomy":"product_cat","embeddable":true,"href":"https:\/\/roveyayinevi.com.tr\/index.php\/wp-json\/wp\/v2\/product_cat?post=762549"},{"taxonomy":"product_tag","embeddable":true,"href":"https:\/\/roveyayinevi.com.tr\/index.php\/wp-json\/wp\/v2\/product_tag?post=762549"}],"curies":[{"name":"wp","href":"https:\/\/api.w.org\/{rel}","templated":true}]}}