{"id":762548,"date":"2025-08-28T10:12:56","date_gmt":"2025-08-28T07:12:56","guid":{"rendered":"https:\/\/roveyayinevi.com.tr\/index.php\/urun\/zehra-gunes-gecilmeyen-duvar\/"},"modified":"2026-04-15T03:27:40","modified_gmt":"2026-04-15T00:27:40","slug":"zehra-gunes-gecilmeyen-duvar","status":"publish","type":"product","link":"https:\/\/roveyayinevi.com.tr\/index.php\/urun\/zehra-gunes-gecilmeyen-duvar\/","title":{"rendered":"Zehra G\u00fcne\u015f &#8211; Ge\u00e7ilmeyen Duvar"},"content":{"rendered":"<p>Zehra G\u00fcne\u015f: Ge\u00e7ilmeyen Duvar   Bir k\u00fc\u00e7\u00fck k\u0131z \u00e7ocu\u011fu, \u0130stanbul\u2019un Kartal il\u00e7esinde do\u011far ve kaderin ince ince dokudu\u011fu yollar onu d\u00fcnyan\u0131n en b\u00fcy\u00fck voleybol sahalar\u0131na ta\u015f\u0131r. Bu kitap, Zehra G\u00fcne\u015f\u2019in azim ve kararl\u0131l\u0131kla dolu yolculu\u011funu, ba\u015far\u0131lar\u0131n\u0131n ard\u0131ndaki fedak\u00e2rl\u0131klar\u0131 ve zorluklarla nas\u0131l ba\u015fa \u00e7\u0131kt\u0131\u011f\u0131n\u0131 g\u00f6zler \u00f6n\u00fcne seriyor.   Zehra, ailesinden ald\u0131\u011f\u0131 g\u00fc\u00e7le ba\u015flad\u0131\u011f\u0131 voleybol kariyerinde, Vak\u0131fBank formas\u0131yla say\u0131s\u0131z \u015fampiyonluk ya\u015far. Omuz Sakatl\u0131\u011f\u0131 gibi zorlu anlar\u0131, inan\u00e7 ve psikolojik destekle a\u015farak yeniden do\u011far. Mill\u00ee tak\u0131mda g\u00f6sterdi\u011fi \u00fcst\u00fcn performans, onu uluslararas\u0131 arenada zirveye ta\u015f\u0131r ve T\u00fcrkiye\u2019nin gururu h\u00e2line getirir.   Bu kitab\u0131n her sayfas\u0131nda ilham dolu anlar, zaferlerin ard\u0131ndaki g\u00f6zya\u015flar\u0131 ve hayallere giden yolda at\u0131lan ad\u0131mlar\u0131 bulacaks\u0131n\u0131z. Zehra G\u00fcne\u015f\u2019in hik\u00e2yesi, hayallerin pe\u015finden ko\u015fman\u0131n ve asla vazge\u00e7memenin ne demek oldu\u011funu anlatan, y\u00fcreklere dokunan bir destan.<\/p>\n","protected":false},"excerpt":{"rendered":"<p>Zehra G\u00fcne\u015f: Ge\u00e7ilmeyen Duvar Bir k\u00fc\u00e7\u00fck k\u0131z \u00e7ocu\u011fu, \u0130stanbul\u2019un Kartal il\u00e7esinde do\u011far ve kaderin ince ince dokudu\u011fu yollar onu d\u00fcnyan\u0131n en b\u00fcy\u00fck voleybol sahalar\u0131na ta\u015f\u0131r. Bu<span class=\"excerpt-hellip\"> [\u2026]<\/span><\/p>\n","protected":false},"featured_media":0,"template":"","meta":{"_monsterinsights_skip_tracking":false,"_monsterinsights_sitenote_active":false,"_monsterinsights_sitenote_note":"","_monsterinsights_sitenote_category":0},"product_brand":[],"product_cat":[14009,12291],"product_tag":[],"class_list":{"0":"post-762548","1":"product","2":"type-product","3":"status-publish","5":"product_cat-biyografi-otobiyografi-edebiyat","6":"product_cat-edebiyat","7":"pa_cilt-ciltsiz","8":"pa_tur-kitap","9":"pa_yayinevi-peta-kitap","10":"pa_yazar-can-eren","12":"first","13":"instock","14":"sale","15":"shipping-taxable","16":"purchasable","17":"product-type-simple"},"_links":{"self":[{"href":"https:\/\/roveyayinevi.com.tr\/index.php\/wp-json\/wp\/v2\/product\/762548","targetHints":{"allow":["GET"]}}],"collection":[{"href":"https:\/\/roveyayinevi.com.tr\/index.php\/wp-json\/wp\/v2\/product"}],"about":[{"href":"https:\/\/roveyayinevi.com.tr\/index.php\/wp-json\/wp\/v2\/types\/product"}],"wp:attachment":[{"href":"https:\/\/roveyayinevi.com.tr\/index.php\/wp-json\/wp\/v2\/media?parent=762548"}],"wp:term":[{"taxonomy":"product_brand","embeddable":true,"href":"https:\/\/roveyayinevi.com.tr\/index.php\/wp-json\/wp\/v2\/product_brand?post=762548"},{"taxonomy":"product_cat","embeddable":true,"href":"https:\/\/roveyayinevi.com.tr\/index.php\/wp-json\/wp\/v2\/product_cat?post=762548"},{"taxonomy":"product_tag","embeddable":true,"href":"https:\/\/roveyayinevi.com.tr\/index.php\/wp-json\/wp\/v2\/product_tag?post=762548"}],"curies":[{"name":"wp","href":"https:\/\/api.w.org\/{rel}","templated":true}]}}