{"id":762547,"date":"2025-08-28T10:12:54","date_gmt":"2025-08-28T07:12:54","guid":{"rendered":"https:\/\/roveyayinevi.com.tr\/index.php\/urun\/ebrar-karakurt-yildizin-hikayesi\/"},"modified":"2026-04-15T03:27:40","modified_gmt":"2026-04-15T00:27:40","slug":"ebrar-karakurt-yildizin-hikayesi","status":"publish","type":"product","link":"https:\/\/roveyayinevi.com.tr\/index.php\/urun\/ebrar-karakurt-yildizin-hikayesi\/","title":{"rendered":"Ebrar Karakurt &#8211; Y\u0131ld\u0131z\u0131n Hikayesi"},"content":{"rendered":"<p>Ebrar Karakurt: Y\u0131ld\u0131z\u0131n Hik\u00e2yesi   Voleybol sahalar\u0131n\u0131n parlayan y\u0131ld\u0131z\u0131 Ebrar Karakurt\u2019un b\u00fcy\u00fcleyici yolculu\u011funa tan\u0131kl\u0131k edin! Bal\u0131kesir\u2019den ba\u015flay\u0131p d\u00fcnya sahnesine uzanan bu destans\u0131 hik\u00e2ye, sadece bir sporcunun ba\u015far\u0131lar\u0131n\u0131 de\u011fil; ayn\u0131 zamanda onun azmini, tutkusunu ve m\u00fccadeleci ruhunu da g\u00f6zler \u00f6n\u00fcne seriyor.   Mill\u00ee tak\u0131mda Eda Erdem ile kurdu\u011fu g\u00fc\u00e7l\u00fc ba\u011f, sahada ve saha d\u0131\u015f\u0131nda ya\u015fananlar, gen\u00e7 sporculara ilham verecek nitelikte. Ebrar\u2019\u0131n yeteneklerine duydu\u011fu g\u00fcven, rakiplerine duydu\u011fu sayg\u0131 ve gelece\u011fe dair b\u00fcy\u00fck hayalleri bu kitab\u0131n, her sat\u0131r\u0131nda hayat buluyor.   Ebrar Karakurt: Y\u0131ld\u0131z\u0131n Hik\u00e2yesi, sadece bir spor biyografisi de\u011fil, ayn\u0131 zamanda hayallerin pe\u015finden gitmenin, asla pes etmemenin ve her zorlukta yeniden aya\u011fa kalkman\u0131n \u00f6yk\u00fcs\u00fc. T\u00fcrk voleybolunun gururu Ebrar Karakurt\u2019un ilham verici hayat\u0131, spor severlerin kalplerinde derin izler b\u0131rakacak.<\/p>\n","protected":false},"excerpt":{"rendered":"<p>Ebrar Karakurt: Y\u0131ld\u0131z\u0131n Hik\u00e2yesi Voleybol sahalar\u0131n\u0131n parlayan y\u0131ld\u0131z\u0131 Ebrar Karakurt\u2019un b\u00fcy\u00fcleyici yolculu\u011funa tan\u0131kl\u0131k edin! Bal\u0131kesir\u2019den ba\u015flay\u0131p d\u00fcnya sahnesine uzanan bu destans\u0131 hik\u00e2ye, sadece bir sporcunun ba\u015far\u0131lar\u0131n\u0131<span class=\"excerpt-hellip\"> [\u2026]<\/span><\/p>\n","protected":false},"featured_media":0,"template":"","meta":{"_monsterinsights_skip_tracking":false,"_monsterinsights_sitenote_active":false,"_monsterinsights_sitenote_note":"","_monsterinsights_sitenote_category":0},"product_brand":[],"product_cat":[14009,12291],"product_tag":[],"class_list":{"0":"post-762547","1":"product","2":"type-product","3":"status-publish","5":"product_cat-biyografi-otobiyografi-edebiyat","6":"product_cat-edebiyat","7":"pa_cilt-ciltsiz","8":"pa_tur-kitap","9":"pa_yayinevi-peta-kitap","10":"pa_yazar-can-eren","12":"first","13":"instock","14":"sale","15":"shipping-taxable","16":"purchasable","17":"product-type-simple"},"_links":{"self":[{"href":"https:\/\/roveyayinevi.com.tr\/index.php\/wp-json\/wp\/v2\/product\/762547","targetHints":{"allow":["GET"]}}],"collection":[{"href":"https:\/\/roveyayinevi.com.tr\/index.php\/wp-json\/wp\/v2\/product"}],"about":[{"href":"https:\/\/roveyayinevi.com.tr\/index.php\/wp-json\/wp\/v2\/types\/product"}],"wp:attachment":[{"href":"https:\/\/roveyayinevi.com.tr\/index.php\/wp-json\/wp\/v2\/media?parent=762547"}],"wp:term":[{"taxonomy":"product_brand","embeddable":true,"href":"https:\/\/roveyayinevi.com.tr\/index.php\/wp-json\/wp\/v2\/product_brand?post=762547"},{"taxonomy":"product_cat","embeddable":true,"href":"https:\/\/roveyayinevi.com.tr\/index.php\/wp-json\/wp\/v2\/product_cat?post=762547"},{"taxonomy":"product_tag","embeddable":true,"href":"https:\/\/roveyayinevi.com.tr\/index.php\/wp-json\/wp\/v2\/product_tag?post=762547"}],"curies":[{"name":"wp","href":"https:\/\/api.w.org\/{rel}","templated":true}]}}