{"id":762543,"date":"2025-08-28T10:12:46","date_gmt":"2025-08-28T07:12:46","guid":{"rendered":"https:\/\/roveyayinevi.com.tr\/index.php\/urun\/tarih-oncesi-kopekler-havliyor\/"},"modified":"2026-04-15T03:27:40","modified_gmt":"2026-04-15T00:27:40","slug":"tarih-oncesi-kopekler-havliyor","status":"publish","type":"product","link":"https:\/\/roveyayinevi.com.tr\/index.php\/urun\/tarih-oncesi-kopekler-havliyor\/","title":{"rendered":"Tarih \u00d6ncesi K\u00f6pekler Havl\u0131yor"},"content":{"rendered":"<p>\u201c\u2026 \u0130lk yas, anneden koparak anneyi ve kendini tan\u0131ma s\u00fcreci, d\u00fcnyaya at\u0131lm\u0131\u015f ilk kancad\u0131r. (\u2026) \u00d6zellikle \u00e7ocukluk d\u00f6neminde, d\u00fcnyan\u0131n bir kez kopu\u015funa boyun e\u011fdi\u011fimiz, orada, \u00f6tede ve \u00f6teki olu\u015funa katland\u0131\u011f\u0131m\u0131z sevgilileri al\u0131p gitmesi durumunda geride kalan: ilk kancaya tutunmakt\u0131r. Yast\u0131r. Elinden kay\u0131p gidenin \u00f6teki oldu\u011funu g\u00f6rmek ve yine de o par\u00e7an\u0131n sen oldu\u011funu bilmek&#8230; Her sahiplenme \u00e7abas\u0131, bir uzakla\u015fma, \u00f6tekili\u011fi per\u00e7inleme s\u00fcrecidir de. Bu y\u00fczden t\u00fcm sahiplenme bi\u00e7imleri \u015fiddet y\u00fckl\u00fcd\u00fcr. Korunma ve kollanmay\u0131 vaat eden bir erki \u00fcstlenir. \u015eiddeti bar\u0131nd\u0131rmayan sevgi ya da zulm\u00fc bar\u0131nd\u0131rmayan mazlumluk var m\u0131d\u0131r? A\u015fk, k\u00f6kensel \u015fiddetin \u2013d\u00fcnyaya d\u00fc\u015f\u00fc\u015f\u00fcn\u2013 diyalektik b\u00fct\u00fcnleyicisidir ve ehlile\u015ftirilmi\u015f ruhsall\u0131k ile a\u015fks\u0131z bir hayata boyun e\u011fi\u015f, i\u015fte, belki de ayn\u0131 \u015feydir.\u201dCemal Dindar bu psikobiyografisinde yaln\u0131z kendisinin de\u011fil, bir ailenin, hatta bir halk\u0131n yaslar\u0131n\u0131 s\u0131rtlanmak zorunda kalm\u0131\u015f bir \u00e7ocu\u011fun bu yas\u0131 \u015fiire d\u00f6n\u00fc\u015ft\u00fcrme ser\u00fcvenini, yas-i\u00e7inde g\u00f6\u00e7ebelik halini, yas\u0131n erosa d\u00f6n\u00fc\u015ft\u00fcr\u00fclme m\u00fccadelesini anlat\u0131yor.<\/p>\n","protected":false},"excerpt":{"rendered":"<p>\u201c\u2026 \u0130lk yas, anneden koparak anneyi ve kendini tan\u0131ma s\u00fcreci, d\u00fcnyaya at\u0131lm\u0131\u015f ilk kancad\u0131r. (\u2026) \u00d6zellikle \u00e7ocukluk d\u00f6neminde, d\u00fcnyan\u0131n bir kez kopu\u015funa boyun e\u011fdi\u011fimiz, orada, \u00f6tede<span class=\"excerpt-hellip\"> [\u2026]<\/span><\/p>\n","protected":false},"featured_media":0,"template":"","meta":{"_monsterinsights_skip_tracking":false,"_monsterinsights_sitenote_active":false,"_monsterinsights_sitenote_note":"","_monsterinsights_sitenote_category":0},"product_brand":[],"product_cat":[14009,12291],"product_tag":[],"class_list":{"0":"post-762543","1":"product","2":"type-product","3":"status-publish","5":"product_cat-biyografi-otobiyografi-edebiyat","6":"product_cat-edebiyat","7":"pa_cilt-ciltsiz","8":"pa_tur-kitap","9":"pa_yayinevi-alfa-yayinlari","10":"pa_yazar-cemal-dindar","12":"first","13":"instock","14":"sale","15":"shipping-taxable","16":"purchasable","17":"product-type-simple"},"_links":{"self":[{"href":"https:\/\/roveyayinevi.com.tr\/index.php\/wp-json\/wp\/v2\/product\/762543","targetHints":{"allow":["GET"]}}],"collection":[{"href":"https:\/\/roveyayinevi.com.tr\/index.php\/wp-json\/wp\/v2\/product"}],"about":[{"href":"https:\/\/roveyayinevi.com.tr\/index.php\/wp-json\/wp\/v2\/types\/product"}],"wp:attachment":[{"href":"https:\/\/roveyayinevi.com.tr\/index.php\/wp-json\/wp\/v2\/media?parent=762543"}],"wp:term":[{"taxonomy":"product_brand","embeddable":true,"href":"https:\/\/roveyayinevi.com.tr\/index.php\/wp-json\/wp\/v2\/product_brand?post=762543"},{"taxonomy":"product_cat","embeddable":true,"href":"https:\/\/roveyayinevi.com.tr\/index.php\/wp-json\/wp\/v2\/product_cat?post=762543"},{"taxonomy":"product_tag","embeddable":true,"href":"https:\/\/roveyayinevi.com.tr\/index.php\/wp-json\/wp\/v2\/product_tag?post=762543"}],"curies":[{"name":"wp","href":"https:\/\/api.w.org\/{rel}","templated":true}]}}