{"id":762542,"date":"2025-08-28T10:12:44","date_gmt":"2025-08-28T07:12:44","guid":{"rendered":"https:\/\/roveyayinevi.com.tr\/index.php\/urun\/pessoa\/"},"modified":"2026-04-15T03:27:40","modified_gmt":"2026-04-15T00:27:40","slug":"pessoa","status":"publish","type":"product","link":"https:\/\/roveyayinevi.com.tr\/index.php\/urun\/pessoa\/","title":{"rendered":"Pessoa"},"content":{"rendered":"<p>Portekiz edebiyat\u0131n\u0131n ve Avrupa modernizminin \u00f6nde gelen isimlerinden Fernando Pessoa, \u015fiir, tiyatro, kurgu, kurgud\u0131\u015f\u0131 bir\u00e7ok eser kaleme alm\u0131\u015f ve as\u0131l \u00fcne \u00f6l\u00fcm\u00fcnden sonra kavu\u015fmu\u015ftur. Eline ge\u00e7irdi\u011fi her t\u00fcrden k\u00e2\u011f\u0131da karalad\u0131\u011f\u0131 yaz\u0131lar\u0131n\u0131 istifledi\u011fi me\u015fhur sand\u0131\u011f\u0131, 25.000\u2019den fazla belgeyi bar\u0131nd\u0131r\u0131r. Farkl\u0131 heteronimlerle \u2013yani yazar\u0131n kendisinden farkl\u0131 bir edebi tarzda yazan takma kimliklerle\u2013kaleme ald\u0131\u011f\u0131 bu belgelerden birine Pessoa, \u201cEvren gibi \u00e7o\u011ful ol!\u201d notunu d\u00fc\u015fm\u00fc\u015ft\u00fcr. Pessoa\u2019n\u0131n bir\u00e7ok eserinin \u00e7evirmeni olan Richard Zenith, bu \u00e7oksesli evrenin arkas\u0131ndaki gizemli yazar\u0131n ya\u015fam\u0131n\u0131 titiz ve kapsaml\u0131 bir ara\u015ft\u0131rmayla ortaya koyuyor. \u00dcstelik bu sadece Fernando Pessoa\u2019n\u0131n de\u011fil, ba\u015fta Alberto Caeiro, Ricardo Reis, \u00c1lvaro de Campos ve Bernardo Soares olmak \u00fczere onlarca heteronimin de ya\u015fam ve yarat\u0131m \u00f6yk\u00fcs\u00fc.   Devasa bir \u00e7al\u0131\u015fma. Pessoa\u2019n\u0131n yaz\u0131lar\u0131 rehbere ihtiya\u00e7 duyan bir \u015fehirdi. Zenith sayesinde sonunda bir rehberimiz oldu. New York Times Book Review <\/p>\n","protected":false},"excerpt":{"rendered":"<p>Portekiz edebiyat\u0131n\u0131n ve Avrupa modernizminin \u00f6nde gelen isimlerinden Fernando Pessoa, \u015fiir, tiyatro, kurgu, kurgud\u0131\u015f\u0131 bir\u00e7ok eser kaleme alm\u0131\u015f ve as\u0131l \u00fcne \u00f6l\u00fcm\u00fcnden sonra kavu\u015fmu\u015ftur. Eline ge\u00e7irdi\u011fi<span class=\"excerpt-hellip\"> [\u2026]<\/span><\/p>\n","protected":false},"featured_media":0,"template":"","meta":{"_monsterinsights_skip_tracking":false,"_monsterinsights_sitenote_active":false,"_monsterinsights_sitenote_note":"","_monsterinsights_sitenote_category":0},"product_brand":[],"product_cat":[14009,12291],"product_tag":[],"class_list":{"0":"post-762542","1":"product","2":"type-product","3":"status-publish","5":"product_cat-biyografi-otobiyografi-edebiyat","6":"product_cat-edebiyat","7":"pa_cilt-ciltsiz","8":"pa_tur-kitap","9":"pa_yayinevi-everest-yayinlari","10":"pa_yazar-richard-zenith","12":"first","13":"instock","14":"sale","15":"shipping-taxable","16":"purchasable","17":"product-type-simple"},"_links":{"self":[{"href":"https:\/\/roveyayinevi.com.tr\/index.php\/wp-json\/wp\/v2\/product\/762542","targetHints":{"allow":["GET"]}}],"collection":[{"href":"https:\/\/roveyayinevi.com.tr\/index.php\/wp-json\/wp\/v2\/product"}],"about":[{"href":"https:\/\/roveyayinevi.com.tr\/index.php\/wp-json\/wp\/v2\/types\/product"}],"wp:attachment":[{"href":"https:\/\/roveyayinevi.com.tr\/index.php\/wp-json\/wp\/v2\/media?parent=762542"}],"wp:term":[{"taxonomy":"product_brand","embeddable":true,"href":"https:\/\/roveyayinevi.com.tr\/index.php\/wp-json\/wp\/v2\/product_brand?post=762542"},{"taxonomy":"product_cat","embeddable":true,"href":"https:\/\/roveyayinevi.com.tr\/index.php\/wp-json\/wp\/v2\/product_cat?post=762542"},{"taxonomy":"product_tag","embeddable":true,"href":"https:\/\/roveyayinevi.com.tr\/index.php\/wp-json\/wp\/v2\/product_tag?post=762542"}],"curies":[{"name":"wp","href":"https:\/\/api.w.org\/{rel}","templated":true}]}}