{"id":762541,"date":"2025-08-28T10:12:42","date_gmt":"2025-08-28T07:12:42","guid":{"rendered":"https:\/\/roveyayinevi.com.tr\/index.php\/urun\/romantik-komunist\/"},"modified":"2026-04-15T03:27:40","modified_gmt":"2026-04-15T00:27:40","slug":"romantik-komunist","status":"publish","type":"product","link":"https:\/\/roveyayinevi.com.tr\/index.php\/urun\/romantik-komunist\/","title":{"rendered":"Romantik Kom\u00fcnist"},"content":{"rendered":"<p>Saime G\u00f6ksu ve Edward Timms\u2019in on y\u0131l\u0131 a\u015fk\u0131n ara\u015ft\u0131rmas\u0131n\u0131n \u00fcr\u00fcn\u00fc olarak yazd\u0131klar\u0131 Romantik Kom\u00fcnist yirminci y\u00fczy\u0131l edebiyat\u0131nda ve toplumsal hayat\u0131nda sars\u0131lmaz bir konuma sahip olan N\u00e2z\u0131m Hikmet\u2019in kapsaml\u0131, b\u00fcy\u00fcleyici bir biyografisi. Bu kitapta, Moskova\u2019daki ilk y\u0131llar\u0131nda, daha sonra kendi edebi \u00e7al\u0131\u015fmalar\u0131 i\u00e7in b\u00fcy\u00fck bir kaynak olu\u015fturacak tiyatroya dair zengin deneyimleri; T\u00fcrkiye\u2019ye d\u00f6nd\u00fckten sonra davas\u0131 u\u011fruna \u00e7al\u0131\u015fmalar\u0131; edebiyat\u0131n tutucu \u015fahsiyetleriyle tart\u0131\u015fmalar\u0131; a\u015fklar\u0131, tutsakl\u0131\u011f\u0131, y\u0131llar sonra kavu\u015ftu\u011fu \u201chazin h\u00fcrriyeti\u201d \u00f6zenli bir nesnellikle ele al\u0131n\u0131yor. G\u00f6ksu ve Timms, eserleriyle, \u00f6n\u00fcne konan b\u00fct\u00fcn engelleri a\u015fabilen N\u00e2z\u0131m Hikmet&#8217;in sanatsal ve siyasal tutkusunu t\u00fcm canl\u0131l\u0131\u011f\u0131yla ortaya koyuyor.    \u201cHikmet\u2019in hayat\u0131 \u2013bu biyografinin a\u00e7\u0131k\u00e7a ortaya koydu\u011fu gibi\u2013 \u2018filmlere konu olacak kadar\u2019 ilgin\u00e7ti.  [\u2026] N\u00e2z\u0131m\u2019\u0131n bu biyografisi Picasso, Tzara, Artaud, Sartre, Neruda, Apollinaire, Breton ve ge\u00e7ti\u011fimiz y\u00fczy\u0131l\u0131n daha bir\u00e7ok b\u00fcy\u00fck sanat\u00e7\u0131s\u0131n\u0131n \u00f6vg\u00fclerini kazanacak kadar \u00f6nemli bir edebi ve siyasi ki\u015fili\u011fe kar\u015f\u0131 ba\u015far\u0131yla yerine getirilmi\u015f bir g\u00f6rev olarak an\u0131lacak.\u201d \u2013Prof. Talat S. Halman <\/p>\n","protected":false},"excerpt":{"rendered":"<p>Saime G\u00f6ksu ve Edward Timms\u2019in on y\u0131l\u0131 a\u015fk\u0131n ara\u015ft\u0131rmas\u0131n\u0131n \u00fcr\u00fcn\u00fc olarak yazd\u0131klar\u0131 Romantik Kom\u00fcnist yirminci y\u00fczy\u0131l edebiyat\u0131nda ve toplumsal hayat\u0131nda sars\u0131lmaz bir konuma sahip olan N\u00e2z\u0131m<span class=\"excerpt-hellip\"> [\u2026]<\/span><\/p>\n","protected":false},"featured_media":0,"template":"","meta":{"_monsterinsights_skip_tracking":false,"_monsterinsights_sitenote_active":false,"_monsterinsights_sitenote_note":"","_monsterinsights_sitenote_category":0},"product_brand":[],"product_cat":[14009,12291],"product_tag":[],"class_list":{"0":"post-762541","1":"product","2":"type-product","3":"status-publish","5":"product_cat-biyografi-otobiyografi-edebiyat","6":"product_cat-edebiyat","7":"pa_cilt-ciltsiz","8":"pa_tur-kitap","9":"pa_yayinevi-alfa-yayinlari","10":"pa_yazar-saime-goksu-edward-tiimms","12":"first","13":"instock","14":"sale","15":"shipping-taxable","16":"purchasable","17":"product-type-simple"},"_links":{"self":[{"href":"https:\/\/roveyayinevi.com.tr\/index.php\/wp-json\/wp\/v2\/product\/762541","targetHints":{"allow":["GET"]}}],"collection":[{"href":"https:\/\/roveyayinevi.com.tr\/index.php\/wp-json\/wp\/v2\/product"}],"about":[{"href":"https:\/\/roveyayinevi.com.tr\/index.php\/wp-json\/wp\/v2\/types\/product"}],"wp:attachment":[{"href":"https:\/\/roveyayinevi.com.tr\/index.php\/wp-json\/wp\/v2\/media?parent=762541"}],"wp:term":[{"taxonomy":"product_brand","embeddable":true,"href":"https:\/\/roveyayinevi.com.tr\/index.php\/wp-json\/wp\/v2\/product_brand?post=762541"},{"taxonomy":"product_cat","embeddable":true,"href":"https:\/\/roveyayinevi.com.tr\/index.php\/wp-json\/wp\/v2\/product_cat?post=762541"},{"taxonomy":"product_tag","embeddable":true,"href":"https:\/\/roveyayinevi.com.tr\/index.php\/wp-json\/wp\/v2\/product_tag?post=762541"}],"curies":[{"name":"wp","href":"https:\/\/api.w.org\/{rel}","templated":true}]}}