{"id":762536,"date":"2025-08-28T10:12:32","date_gmt":"2025-08-28T07:12:32","guid":{"rendered":"https:\/\/roveyayinevi.com.tr\/index.php\/urun\/bilim-tarihine-yolculuk-ciltli\/"},"modified":"2026-04-15T03:27:39","modified_gmt":"2026-04-15T00:27:39","slug":"bilim-tarihine-yolculuk-ciltli","status":"publish","type":"product","link":"https:\/\/roveyayinevi.com.tr\/index.php\/urun\/bilim-tarihine-yolculuk-ciltli\/","title":{"rendered":"Bilim Tarihine Yolculuk (Ciltli)"},"content":{"rendered":"<p>Bilim tarihine do\u011fru e\u011flenceli bir yolculu\u011fa \u00e7\u0131kmak ister misin? E\u011fer istersen seninle bilim ve d\u00fc\u015f\u00fcnce tarihine do\u011fru e\u011flenceli bir yolculu\u011fa \u00e7\u0131kabiliriz. Yolculu\u011fumuza kat\u0131l\u0131rsan; Sokrates\u2019ten Aristotales\u2019e, Konf\u00fc\u00e7y\u00fcs\u2019ten Farabi\u2019ye, \u0130bn  Batuta\u2019dan Leonardo Da Vinci\u2019ye, Edison\u2019dan Einstein\u2019a kadar pek \u00e7ok bilim insan\u0131yla tan\u0131\u015facaks\u0131n. Felsefe, t\u0131p, mimari, astronomi, fizik, kimya ve matematik alan\u0131ndaki \u00e7al\u0131\u015fmalar\u0131n baz\u0131 s\u0131rlar\u0131n\u0131 \u00f6\u011freneceksin. Bu arada onlarca icada da \u015fahit olacaks\u0131n. Ben zeplinime atlay\u0131p yola \u00e7\u0131k\u0131yorum. Haydi, bilimi seven pe\u015fimden gelsin.  <\/p>\n","protected":false},"excerpt":{"rendered":"<p>Bilim tarihine do\u011fru e\u011flenceli bir yolculu\u011fa \u00e7\u0131kmak ister misin? E\u011fer istersen seninle bilim ve d\u00fc\u015f\u00fcnce tarihine do\u011fru e\u011flenceli bir yolculu\u011fa \u00e7\u0131kabiliriz. Yolculu\u011fumuza kat\u0131l\u0131rsan; Sokrates\u2019ten Aristotales\u2019e, Konf\u00fc\u00e7y\u00fcs\u2019ten<span class=\"excerpt-hellip\"> [\u2026]<\/span><\/p>\n","protected":false},"featured_media":0,"template":"","meta":{"_monsterinsights_skip_tracking":false,"_monsterinsights_sitenote_active":false,"_monsterinsights_sitenote_note":"","_monsterinsights_sitenote_category":0},"product_brand":[],"product_cat":[13829,12274],"product_tag":[],"class_list":{"0":"post-762536","1":"product","2":"type-product","3":"status-publish","5":"product_cat-bilimsel-kitaplar","6":"product_cat-cocuk-ve-genclik-kitaplari","7":"pa_cilt-ciltli","8":"pa_tur-kitap","9":"pa_yayinevi-nesil-cocuk-yayinlari","10":"pa_yazar-yusuf-yildiz","12":"first","13":"instock","14":"sale","15":"shipping-taxable","16":"purchasable","17":"product-type-simple"},"_links":{"self":[{"href":"https:\/\/roveyayinevi.com.tr\/index.php\/wp-json\/wp\/v2\/product\/762536","targetHints":{"allow":["GET"]}}],"collection":[{"href":"https:\/\/roveyayinevi.com.tr\/index.php\/wp-json\/wp\/v2\/product"}],"about":[{"href":"https:\/\/roveyayinevi.com.tr\/index.php\/wp-json\/wp\/v2\/types\/product"}],"wp:attachment":[{"href":"https:\/\/roveyayinevi.com.tr\/index.php\/wp-json\/wp\/v2\/media?parent=762536"}],"wp:term":[{"taxonomy":"product_brand","embeddable":true,"href":"https:\/\/roveyayinevi.com.tr\/index.php\/wp-json\/wp\/v2\/product_brand?post=762536"},{"taxonomy":"product_cat","embeddable":true,"href":"https:\/\/roveyayinevi.com.tr\/index.php\/wp-json\/wp\/v2\/product_cat?post=762536"},{"taxonomy":"product_tag","embeddable":true,"href":"https:\/\/roveyayinevi.com.tr\/index.php\/wp-json\/wp\/v2\/product_tag?post=762536"}],"curies":[{"name":"wp","href":"https:\/\/api.w.org\/{rel}","templated":true}]}}