{"id":762534,"date":"2025-08-28T10:12:27","date_gmt":"2025-08-28T07:12:27","guid":{"rendered":"https:\/\/roveyayinevi.com.tr\/index.php\/urun\/hic-degilse-nefret-olsun\/"},"modified":"2026-04-15T03:27:39","modified_gmt":"2026-04-15T00:27:39","slug":"hic-degilse-nefret-olsun","status":"publish","type":"product","link":"https:\/\/roveyayinevi.com.tr\/index.php\/urun\/hic-degilse-nefret-olsun\/","title":{"rendered":"Hi\u00e7 De\u011filse Nefret Olsun"},"content":{"rendered":"<p>Shakespeare\u2019in H\u0131r\u00e7\u0131n K\u0131z oyunundan ilham alan bu e\u011flenceli ve ba\u015ftan \u00e7\u0131kar\u0131c\u0131 hik\u00e2yede \u00e7ocukluk d\u00fc\u015fmanlar\u0131 a\u015fk ve nefret aras\u0131ndaki ince \u00e7izgiyi ke\u015ffediyor. Katerina Wilmot ve Christopher Petruchio \u00e7ocukken ayn\u0131 bah\u00e7eyi payla\u015fm\u0131\u015f ancak yeti\u015fkin olduklar\u0131nda ayn\u0131 yar\u0131m k\u00fcreyi bile payla\u015famam\u0131\u015ft\u0131r. Ta ki Kate aile evine ziyarette bulununcaya ve aralar\u0131ndaki d\u00fc\u015fmanl\u0131k yeniden alevlenerek \u015fiddetli bir cehenneme d\u00f6nene kadar. Arkada\u015flar\u0131n\u0131n ve ailelerinin bar\u0131\u015f \u00e7a\u011fr\u0131lar\u0131na ra\u011fmen Christopher, Kate\u2019in d\u00fc\u015fmanl\u0131k alevlerini isteyerek s\u00f6nd\u00fcrece\u011fine ikna olmaz. Ancak Kate sarho\u015f olup itirafta bulundu\u011funda, Christopher onunla sonsuza dek bar\u0131\u015fmaya yemin eder. Birden beyefendiye d\u00f6n\u00fc\u015fen ba\u015f d\u00fc\u015fman\u0131na kap\u0131lmak her ne kadar cazip gelse de Kate, onun b\u00fcy\u00fcleyici iyi adam tav\u0131rlar\u0131na ku\u015fkuyla yakla\u015f\u0131r. Christopher\u2019\u0131n \u0131srar\u0131 ve Kate\u2019in merak\u0131 tutkulu bir \u00f6p\u00fcc\u00fc\u011f\u00fc de beraberinde getirdi\u011finde \u201cbar\u0131\u015f\u201d\u0131n aralar\u0131nda m\u00fcmk\u00fcn olabilecek son \u015fey oldu\u011funu anlarlar. Arzu, yerini daha derin duygulara b\u0131rak\u0131rken, Kate ve Christopher bir karar vermek zorundad\u0131r. Kalplerinin k\u0131r\u0131lmas\u0131n\u0131 g\u00f6ze almaktansa nefret etmeye devam etmek daha m\u0131 iyidir? Yoksa bu karar\u0131 \u00e7ok uzun zaman \u00f6nce kalpleri vermi\u015f midir?<\/p>\n","protected":false},"excerpt":{"rendered":"<p>Shakespeare\u2019in H\u0131r\u00e7\u0131n K\u0131z oyunundan ilham alan bu e\u011flenceli ve ba\u015ftan \u00e7\u0131kar\u0131c\u0131 hik\u00e2yede \u00e7ocukluk d\u00fc\u015fmanlar\u0131 a\u015fk ve nefret aras\u0131ndaki ince \u00e7izgiyi ke\u015ffediyor. Katerina Wilmot ve Christopher Petruchio<span class=\"excerpt-hellip\"> [\u2026]<\/span><\/p>\n","protected":false},"featured_media":0,"template":"","meta":{"_monsterinsights_skip_tracking":false,"_monsterinsights_sitenote_active":false,"_monsterinsights_sitenote_note":"","_monsterinsights_sitenote_category":0},"product_brand":[],"product_cat":[12291,12711],"product_tag":[],"class_list":{"0":"post-762534","1":"product","2":"type-product","3":"status-publish","5":"product_cat-edebiyat","6":"product_cat-roman-oyku","7":"pa_cilt-ciltsiz","8":"pa_tur-kitap","9":"pa_yayinevi-artemis-yayinlari","10":"pa_yazar-chloe-liese","12":"first","13":"instock","14":"sale","15":"shipping-taxable","16":"purchasable","17":"product-type-simple"},"_links":{"self":[{"href":"https:\/\/roveyayinevi.com.tr\/index.php\/wp-json\/wp\/v2\/product\/762534","targetHints":{"allow":["GET"]}}],"collection":[{"href":"https:\/\/roveyayinevi.com.tr\/index.php\/wp-json\/wp\/v2\/product"}],"about":[{"href":"https:\/\/roveyayinevi.com.tr\/index.php\/wp-json\/wp\/v2\/types\/product"}],"wp:attachment":[{"href":"https:\/\/roveyayinevi.com.tr\/index.php\/wp-json\/wp\/v2\/media?parent=762534"}],"wp:term":[{"taxonomy":"product_brand","embeddable":true,"href":"https:\/\/roveyayinevi.com.tr\/index.php\/wp-json\/wp\/v2\/product_brand?post=762534"},{"taxonomy":"product_cat","embeddable":true,"href":"https:\/\/roveyayinevi.com.tr\/index.php\/wp-json\/wp\/v2\/product_cat?post=762534"},{"taxonomy":"product_tag","embeddable":true,"href":"https:\/\/roveyayinevi.com.tr\/index.php\/wp-json\/wp\/v2\/product_tag?post=762534"}],"curies":[{"name":"wp","href":"https:\/\/api.w.org\/{rel}","templated":true}]}}