{"id":762530,"date":"2025-08-28T10:12:20","date_gmt":"2025-08-28T07:12:20","guid":{"rendered":"https:\/\/roveyayinevi.com.tr\/index.php\/urun\/bozkurtlarin-olumu-2-album\/"},"modified":"2026-04-15T03:27:39","modified_gmt":"2026-04-15T00:27:39","slug":"bozkurtlarin-olumu-2-album","status":"publish","type":"product","link":"https:\/\/roveyayinevi.com.tr\/index.php\/urun\/bozkurtlarin-olumu-2-album\/","title":{"rendered":"Bozkurtlar\u0131n \u00d6l\u00fcm\u00fc 2. Alb\u00fcm"},"content":{"rendered":"<p>Bat\u0131 Ka\u011fan\u0131n\u0131n el\u00e7ileri \u00d6t\u00fcken\u2019de\u2026 T\u00fcng Yabgu Ka\u011fan, Kara Ka\u011fan\u2019a karde\u015f\u00e7e bir bitigle ya\u011f\u0131ya kar\u015f\u0131 bir ve b\u00fct\u00fcn olmay\u0131 \u00f6neriyor. \u0130\u00e7ing Katun\u2019un, ailesini \u00c7in\u2019de ba\u015fa ge\u00e7irmek i\u00e7in y\u00fcr\u00fctt\u00fc\u011f\u00fc siyasetin \u00d6t\u00fcken\u2019deki \u00c7inlilere sa\u011flad\u0131\u011f\u0131 ayr\u0131cal\u0131klardan rahats\u0131z olan T\u00fcrk Be\u011fleri, Kara Ka\u011fan\u2019la kine\u015ferek bu ayr\u0131cal\u0131klara son verilmesini sa\u011fl\u0131yorlar. Do\u011fu T\u00fcrkleri g\u00fc\u00e7lerini hem Bat\u0131 el\u00e7ilerine hem \u00c7inlilere g\u00f6stermek \u00fczere Yay mevsiminde \u00c7in\u2019e ak\u0131na haz\u0131rlan\u0131yorlar.<\/p>\n","protected":false},"excerpt":{"rendered":"<p>Bat\u0131 Ka\u011fan\u0131n\u0131n el\u00e7ileri \u00d6t\u00fcken\u2019de\u2026 T\u00fcng Yabgu Ka\u011fan, Kara Ka\u011fan\u2019a karde\u015f\u00e7e bir bitigle ya\u011f\u0131ya kar\u015f\u0131 bir ve b\u00fct\u00fcn olmay\u0131 \u00f6neriyor. \u0130\u00e7ing Katun\u2019un, ailesini \u00c7in\u2019de ba\u015fa ge\u00e7irmek i\u00e7in<span class=\"excerpt-hellip\"> [\u2026]<\/span><\/p>\n","protected":false},"featured_media":0,"template":"","meta":{"_monsterinsights_skip_tracking":false,"_monsterinsights_sitenote_active":false,"_monsterinsights_sitenote_note":"","_monsterinsights_sitenote_category":0},"product_brand":[],"product_cat":[12416,12291],"product_tag":[],"class_list":{"0":"post-762530","1":"product","2":"type-product","3":"status-publish","5":"product_cat-cizgi-roman","6":"product_cat-edebiyat","7":"pa_cilt-ciltsiz","8":"pa_tur-kitap","9":"pa_yayinevi-otuken-nesriyat","10":"pa_yazar-huseyin-nihal-atsiz","12":"first","13":"instock","14":"sale","15":"shipping-taxable","16":"purchasable","17":"product-type-simple"},"_links":{"self":[{"href":"https:\/\/roveyayinevi.com.tr\/index.php\/wp-json\/wp\/v2\/product\/762530","targetHints":{"allow":["GET"]}}],"collection":[{"href":"https:\/\/roveyayinevi.com.tr\/index.php\/wp-json\/wp\/v2\/product"}],"about":[{"href":"https:\/\/roveyayinevi.com.tr\/index.php\/wp-json\/wp\/v2\/types\/product"}],"wp:attachment":[{"href":"https:\/\/roveyayinevi.com.tr\/index.php\/wp-json\/wp\/v2\/media?parent=762530"}],"wp:term":[{"taxonomy":"product_brand","embeddable":true,"href":"https:\/\/roveyayinevi.com.tr\/index.php\/wp-json\/wp\/v2\/product_brand?post=762530"},{"taxonomy":"product_cat","embeddable":true,"href":"https:\/\/roveyayinevi.com.tr\/index.php\/wp-json\/wp\/v2\/product_cat?post=762530"},{"taxonomy":"product_tag","embeddable":true,"href":"https:\/\/roveyayinevi.com.tr\/index.php\/wp-json\/wp\/v2\/product_tag?post=762530"}],"curies":[{"name":"wp","href":"https:\/\/api.w.org\/{rel}","templated":true}]}}