{"id":762529,"date":"2025-08-28T10:12:18","date_gmt":"2025-08-28T07:12:18","guid":{"rendered":"https:\/\/roveyayinevi.com.tr\/index.php\/urun\/medalist-madalya-pesinde-2\/"},"modified":"2026-04-15T03:27:39","modified_gmt":"2026-04-15T00:27:39","slug":"medalist-madalya-pesinde-2","status":"publish","type":"product","link":"https:\/\/roveyayinevi.com.tr\/index.php\/urun\/medalist-madalya-pesinde-2\/","title":{"rendered":"Medalist \u2013 Madalya Pe\u015finde 2"},"content":{"rendered":"<p>Artistik buz pateninde olimpiyatlara g\u00f6z\u00fcn\u00fc diken \u0130nori ve ko\u00e7u Tsukasa&#8230; \u00d6nlerindeki ilk basamak olan Meiko turnuvas\u0131 ba\u015fl\u0131yor! \u0130nori, ikili atlay\u0131\u015f yapabilen rakibi Mikeda&#8217;ya k\u0131yasla sadece tekli atlay\u0131\u015f yapabiliyor. Zamanla geli\u015fen paten becerileri ve Tsukasa&#8217;n\u0131n ke\u015ffetti\u011fi d\u00f6n\u00fc\u015f tekni\u011fiyle zaferi hedefleyerek piste \u00e7\u0131k\u0131yor! <\/p>\n","protected":false},"excerpt":{"rendered":"<p>Artistik buz pateninde olimpiyatlara g\u00f6z\u00fcn\u00fc diken \u0130nori ve ko\u00e7u Tsukasa&#8230; \u00d6nlerindeki ilk basamak olan Meiko turnuvas\u0131 ba\u015fl\u0131yor! \u0130nori, ikili atlay\u0131\u015f yapabilen rakibi Mikeda&#8217;ya k\u0131yasla sadece tekli<span class=\"excerpt-hellip\"> [\u2026]<\/span><\/p>\n","protected":false},"featured_media":0,"template":"","meta":{"_monsterinsights_skip_tracking":false,"_monsterinsights_sitenote_active":false,"_monsterinsights_sitenote_note":"","_monsterinsights_sitenote_category":0},"product_brand":[],"product_cat":[12416,12291],"product_tag":[],"class_list":{"0":"post-762529","1":"product","2":"type-product","3":"status-publish","5":"product_cat-cizgi-roman","6":"product_cat-edebiyat","7":"pa_cilt-ciltsiz","8":"pa_tur-kitap","9":"pa_yayinevi-akil-celen-kitaplar","10":"pa_yazar-tsurumaikada","12":"first","13":"instock","14":"sale","15":"shipping-taxable","16":"purchasable","17":"product-type-simple"},"_links":{"self":[{"href":"https:\/\/roveyayinevi.com.tr\/index.php\/wp-json\/wp\/v2\/product\/762529","targetHints":{"allow":["GET"]}}],"collection":[{"href":"https:\/\/roveyayinevi.com.tr\/index.php\/wp-json\/wp\/v2\/product"}],"about":[{"href":"https:\/\/roveyayinevi.com.tr\/index.php\/wp-json\/wp\/v2\/types\/product"}],"wp:attachment":[{"href":"https:\/\/roveyayinevi.com.tr\/index.php\/wp-json\/wp\/v2\/media?parent=762529"}],"wp:term":[{"taxonomy":"product_brand","embeddable":true,"href":"https:\/\/roveyayinevi.com.tr\/index.php\/wp-json\/wp\/v2\/product_brand?post=762529"},{"taxonomy":"product_cat","embeddable":true,"href":"https:\/\/roveyayinevi.com.tr\/index.php\/wp-json\/wp\/v2\/product_cat?post=762529"},{"taxonomy":"product_tag","embeddable":true,"href":"https:\/\/roveyayinevi.com.tr\/index.php\/wp-json\/wp\/v2\/product_tag?post=762529"}],"curies":[{"name":"wp","href":"https:\/\/api.w.org\/{rel}","templated":true}]}}