{"id":762528,"date":"2025-08-28T10:12:17","date_gmt":"2025-08-28T07:12:17","guid":{"rendered":"https:\/\/roveyayinevi.com.tr\/index.php\/urun\/osmanli-mutfagindan-tatlilar\/"},"modified":"2026-04-15T03:27:39","modified_gmt":"2026-04-15T00:27:39","slug":"osmanli-mutfagindan-tatlilar","status":"publish","type":"product","link":"https:\/\/roveyayinevi.com.tr\/index.php\/urun\/osmanli-mutfagindan-tatlilar\/","title":{"rendered":"Osmanl\u0131 Mutfa\u011f\u0131\u2019ndan Tatl\u0131lar"},"content":{"rendered":"<p>\u201cTatl\u0131 yiyelim, tatl\u0131 konu\u015fal\u0131m.\u201d diye, harikulade bir atas\u00f6z\u00fcm\u00fcz var. Ba\u015fka bir dilde bu kadar \u201ctatl\u0131\u201d bir atas\u00f6z\u00fc bulunur mu bilemeyiz, fakat atalar\u0131m\u0131z a\u011fz\u0131n\u0131n tad\u0131n\u0131 biliyorlarm\u0131\u015f ve tabi insan\u0131n kalbine giden yolun midesinden ge\u00e7ti\u011fi ger\u00e7e\u011finden de haberdar olduklar\u0131 muhakkak. Belki d\u00fcnya mutfaklar\u0131 aras\u0131nda en fazla tatl\u0131 \u00e7e\u015fidi de bizim mutfa\u011f\u0131m\u0131zda vard\u0131r. Zira \u015ferbetlisinden, s\u00fctl\u00fcs\u00fcne, hamur ile haz\u0131rlanan\u0131ndan, meyve ile haz\u0131rlanan\u0131na kadar say\u0131s\u0131z \u00e7e\u015fit ve vas\u0131fta tatl\u0131lar\u0131m\u0131z var. Co\u011frafyalar aras\u0131 ge\u00e7i\u015f ile beslenen mutfak k\u00fclt\u00fcr\u00fcm\u00fcz, bu durumdan fazlas\u0131yla faydalanm\u0131\u015f; ne mutlu bize. Yay\u0131nevimiz taraf\u0131ndan, daha \u00f6nce, g\u00fcn\u00fcm\u00fcz T\u00fcrk\u00e7esi ve g\u00fcn\u00fcm\u00fcz \u00f6l\u00e7\u00fc birimleri ile yay\u0131mlanarak okuyucunun istifadesine sunulan, 1844 y\u0131l\u0131nda Mehmed Kamil taraf\u0131ndan kaleme al\u0131nan ve bas\u0131lan ilk T\u00fcrk\u00e7e yemek kitab\u0131 olarak bilinen Melce\u00fc\u2019t-Tabb\u00e2h\u00een (A\u015f\u00e7\u0131lar\u0131n S\u0131\u011f\u0131na\u011f\u0131) ve 1858 y\u0131l\u0131 civar\u0131nda Ali E\u015fref Dede taraf\u0131ndan yaz\u0131lm\u0131\u015f Ali E\u015fref Dede\u2019ye Ait Yemek Risalesi adl\u0131 kitaplarda yer alan tatl\u0131 tarifleri tekrar g\u00f6zden ge\u00e7irilip, yer yer kar\u015f\u0131la\u015ft\u0131rma yap\u0131lmas\u0131na imkan verecek \u015fekilde s\u0131n\u0131fland\u0131r\u0131larak bu kitapta okuyucunun be\u011fenisine sunulmu\u015f, Osmanl\u0131 Mutfa\u011f\u0131\u2019na dair elimizdeki iki kaynak eserde yer alan tatl\u0131 tarifleri bir araya getirilerek, mutfaklar\u0131m\u0131za yeni bir kaynak eser kazand\u0131r\u0131lm\u0131\u015ft\u0131r. Yemekle bar\u0131\u015f\u0131k herkesin ilgisini \u00e7ekece\u011fine emin oldu\u011fumuz bu kitapla okuyucular\u0131m\u0131zla birlikte \u00e7\u0131kt\u0131\u011f\u0131m\u0131z, do\u011fru rota ile yeni ufuklara yolculu\u011fumuz, tatl\u0131 tatl\u0131 devam ediyor. <\/p>\n","protected":false},"excerpt":{"rendered":"<p>\u201cTatl\u0131 yiyelim, tatl\u0131 konu\u015fal\u0131m.\u201d diye, harikulade bir atas\u00f6z\u00fcm\u00fcz var. Ba\u015fka bir dilde bu kadar \u201ctatl\u0131\u201d bir atas\u00f6z\u00fc bulunur mu bilemeyiz, fakat atalar\u0131m\u0131z a\u011fz\u0131n\u0131n tad\u0131n\u0131 biliyorlarm\u0131\u015f ve<span class=\"excerpt-hellip\"> [\u2026]<\/span><\/p>\n","protected":false},"featured_media":0,"template":"","meta":{"_monsterinsights_skip_tracking":false,"_monsterinsights_sitenote_active":false,"_monsterinsights_sitenote_note":"","_monsterinsights_sitenote_category":0},"product_brand":[],"product_cat":[12458,12457],"product_tag":[],"class_list":{"0":"post-762528","1":"product","2":"type-product","3":"status-publish","5":"product_cat-turk-mutfagi","6":"product_cat-yemek-kitaplari","7":"pa_cilt-ciltsiz","8":"pa_tur-kitap","9":"pa_yayinevi-kaptan-kitap","10":"pa_yazar-mehmed-kamil-ali-esref-dede","12":"first","13":"instock","14":"sale","15":"shipping-taxable","16":"purchasable","17":"product-type-simple"},"_links":{"self":[{"href":"https:\/\/roveyayinevi.com.tr\/index.php\/wp-json\/wp\/v2\/product\/762528","targetHints":{"allow":["GET"]}}],"collection":[{"href":"https:\/\/roveyayinevi.com.tr\/index.php\/wp-json\/wp\/v2\/product"}],"about":[{"href":"https:\/\/roveyayinevi.com.tr\/index.php\/wp-json\/wp\/v2\/types\/product"}],"wp:attachment":[{"href":"https:\/\/roveyayinevi.com.tr\/index.php\/wp-json\/wp\/v2\/media?parent=762528"}],"wp:term":[{"taxonomy":"product_brand","embeddable":true,"href":"https:\/\/roveyayinevi.com.tr\/index.php\/wp-json\/wp\/v2\/product_brand?post=762528"},{"taxonomy":"product_cat","embeddable":true,"href":"https:\/\/roveyayinevi.com.tr\/index.php\/wp-json\/wp\/v2\/product_cat?post=762528"},{"taxonomy":"product_tag","embeddable":true,"href":"https:\/\/roveyayinevi.com.tr\/index.php\/wp-json\/wp\/v2\/product_tag?post=762528"}],"curies":[{"name":"wp","href":"https:\/\/api.w.org\/{rel}","templated":true}]}}