{"id":762523,"date":"2025-08-28T10:12:06","date_gmt":"2025-08-28T07:12:06","guid":{"rendered":"https:\/\/roveyayinevi.com.tr\/index.php\/urun\/esrarli-ada-7\/"},"modified":"2026-04-15T03:27:39","modified_gmt":"2026-04-15T00:27:39","slug":"esrarli-ada-7","status":"publish","type":"product","link":"https:\/\/roveyayinevi.com.tr\/index.php\/urun\/esrarli-ada-7\/","title":{"rendered":"Esrarl\u0131 Ada"},"content":{"rendered":"<p>K\u00f6pe\u011fiyle birlikte bir m\u00fchendis, bir u\u015fak, bir gazeteci, bir denizci ve arkada\u015f\u0131: 18 Mart 1865 gecesi esir olduklar\u0131 kamptan gizlice balonla havalan\u0131rlar. Okyanusta f\u0131rt\u0131naya yakalanan grup, balonlar\u0131 y\u0131rt\u0131ld\u0131\u011f\u0131 i\u00e7in okyanusa d\u00fc\u015fmek- ten son anda kurtulur ve kendilerini bir adada bulurlar. Adada onlar\u0131 bekleyen b\u00fcy\u00fck gizemi \u00e7\u00f6zebilecekler mi hep birlikte g\u00f6rece\u011fiz. <\/p>\n","protected":false},"excerpt":{"rendered":"<p>K\u00f6pe\u011fiyle birlikte bir m\u00fchendis, bir u\u015fak, bir gazeteci, bir denizci ve arkada\u015f\u0131: 18 Mart 1865 gecesi esir olduklar\u0131 kamptan gizlice balonla havalan\u0131rlar. Okyanusta f\u0131rt\u0131naya yakalanan grup,<span class=\"excerpt-hellip\"> [\u2026]<\/span><\/p>\n","protected":false},"featured_media":0,"template":"","meta":{"_monsterinsights_skip_tracking":false,"_monsterinsights_sitenote_active":false,"_monsterinsights_sitenote_note":"","_monsterinsights_sitenote_category":0},"product_brand":[],"product_cat":[12274,12284],"product_tag":[],"class_list":{"0":"post-762523","1":"product","2":"type-product","3":"status-publish","5":"product_cat-cocuk-ve-genclik-kitaplari","6":"product_cat-hikayeler","7":"pa_cilt-ciltsiz","8":"pa_tur-kitap","9":"pa_yayinevi-pars-yayinlari","10":"pa_yazar-jules-verne","12":"first","13":"instock","14":"sale","15":"shipping-taxable","16":"purchasable","17":"product-type-simple"},"_links":{"self":[{"href":"https:\/\/roveyayinevi.com.tr\/index.php\/wp-json\/wp\/v2\/product\/762523","targetHints":{"allow":["GET"]}}],"collection":[{"href":"https:\/\/roveyayinevi.com.tr\/index.php\/wp-json\/wp\/v2\/product"}],"about":[{"href":"https:\/\/roveyayinevi.com.tr\/index.php\/wp-json\/wp\/v2\/types\/product"}],"wp:attachment":[{"href":"https:\/\/roveyayinevi.com.tr\/index.php\/wp-json\/wp\/v2\/media?parent=762523"}],"wp:term":[{"taxonomy":"product_brand","embeddable":true,"href":"https:\/\/roveyayinevi.com.tr\/index.php\/wp-json\/wp\/v2\/product_brand?post=762523"},{"taxonomy":"product_cat","embeddable":true,"href":"https:\/\/roveyayinevi.com.tr\/index.php\/wp-json\/wp\/v2\/product_cat?post=762523"},{"taxonomy":"product_tag","embeddable":true,"href":"https:\/\/roveyayinevi.com.tr\/index.php\/wp-json\/wp\/v2\/product_tag?post=762523"}],"curies":[{"name":"wp","href":"https:\/\/api.w.org\/{rel}","templated":true}]}}