{"id":762522,"date":"2025-08-28T10:12:04","date_gmt":"2025-08-28T07:12:04","guid":{"rendered":"https:\/\/roveyayinevi.com.tr\/index.php\/urun\/dans-eden-ari\/"},"modified":"2026-04-15T03:27:39","modified_gmt":"2026-04-15T00:27:39","slug":"dans-eden-ari","status":"publish","type":"product","link":"https:\/\/roveyayinevi.com.tr\/index.php\/urun\/dans-eden-ari\/","title":{"rendered":"Dans Eden Ar\u0131"},"content":{"rendered":"<p>Ar\u0131 dili ve dans\u0131, Avusturya as\u0131ll\u0131 bilim adam\u0131 Karl von Frisch taraf\u0131ndan uzun ara\u015ft\u0131rmalar\u0131n sonunda ke\u015ffedilmi\u015f ve bu \u00e7al\u0131\u015fmas\u0131yla 1973 y\u0131l\u0131nda Nobel \u00d6d\u00fcl\u00fc alm\u0131\u015ft\u0131.   Usta yazar Sergun A\u011far, bir \u00e7ocu\u011fun g\u00f6z\u00fcnden ve e\u011flenceli bir hik\u00e2ye ile ar\u0131lar\u0131n mucizelerini g\u00f6zler \u00f6n\u00fcne sererken, sadece \u00e7ocuklar i\u00e7in de\u011fil, yeti\u015fkinler i\u00e7in bile ilham olacak sat\u0131rlar ortaya koyuyor.   \u0130nsano\u011flunun do\u011fay\u0131 bu kadar h\u0131rpalamas\u0131na ra\u011fmen ar\u0131lar h\u00e2l\u00e2 dans edebiliyorsa, bu, yery\u00fcz\u00fcnde hen\u00fcz her \u015feyin bitmedi\u011fini g\u00f6steriyor. O zaman bu ya\u015fl\u0131 gezegen i\u00e7in h\u00e2l\u00e2 \u201cUmut var,\u201d diyebiliriz.     \u201cBaba, \u00f6yle mutluyum ki ben d\u00fcn gece ar\u0131 oldum\u2026\u201d<\/p>\n","protected":false},"excerpt":{"rendered":"<p>Ar\u0131 dili ve dans\u0131, Avusturya as\u0131ll\u0131 bilim adam\u0131 Karl von Frisch taraf\u0131ndan uzun ara\u015ft\u0131rmalar\u0131n sonunda ke\u015ffedilmi\u015f ve bu \u00e7al\u0131\u015fmas\u0131yla 1973 y\u0131l\u0131nda Nobel \u00d6d\u00fcl\u00fc alm\u0131\u015ft\u0131. Usta yazar<span class=\"excerpt-hellip\"> [\u2026]<\/span><\/p>\n","protected":false},"featured_media":0,"template":"","meta":{"_monsterinsights_skip_tracking":false,"_monsterinsights_sitenote_active":false,"_monsterinsights_sitenote_note":"","_monsterinsights_sitenote_category":0},"product_brand":[],"product_cat":[12274,12284],"product_tag":[],"class_list":{"0":"post-762522","1":"product","2":"type-product","3":"status-publish","5":"product_cat-cocuk-ve-genclik-kitaplari","6":"product_cat-hikayeler","7":"pa_cilt-ciltsiz","8":"pa_tur-kitap","9":"pa_yayinevi-luna-cocuk-yayinlari","10":"pa_yazar-sergun-agar","12":"first","13":"instock","14":"sale","15":"shipping-taxable","16":"purchasable","17":"product-type-simple"},"_links":{"self":[{"href":"https:\/\/roveyayinevi.com.tr\/index.php\/wp-json\/wp\/v2\/product\/762522","targetHints":{"allow":["GET"]}}],"collection":[{"href":"https:\/\/roveyayinevi.com.tr\/index.php\/wp-json\/wp\/v2\/product"}],"about":[{"href":"https:\/\/roveyayinevi.com.tr\/index.php\/wp-json\/wp\/v2\/types\/product"}],"wp:attachment":[{"href":"https:\/\/roveyayinevi.com.tr\/index.php\/wp-json\/wp\/v2\/media?parent=762522"}],"wp:term":[{"taxonomy":"product_brand","embeddable":true,"href":"https:\/\/roveyayinevi.com.tr\/index.php\/wp-json\/wp\/v2\/product_brand?post=762522"},{"taxonomy":"product_cat","embeddable":true,"href":"https:\/\/roveyayinevi.com.tr\/index.php\/wp-json\/wp\/v2\/product_cat?post=762522"},{"taxonomy":"product_tag","embeddable":true,"href":"https:\/\/roveyayinevi.com.tr\/index.php\/wp-json\/wp\/v2\/product_tag?post=762522"}],"curies":[{"name":"wp","href":"https:\/\/api.w.org\/{rel}","templated":true}]}}