{"id":762518,"date":"2025-08-28T10:11:57","date_gmt":"2025-08-28T07:11:57","guid":{"rendered":"https:\/\/roveyayinevi.com.tr\/index.php\/urun\/abla-olmak-harika\/"},"modified":"2026-04-15T03:27:39","modified_gmt":"2026-04-15T00:27:39","slug":"abla-olmak-harika","status":"publish","type":"product","link":"https:\/\/roveyayinevi.com.tr\/index.php\/urun\/abla-olmak-harika\/","title":{"rendered":"Abla Olmak Harika!"},"content":{"rendered":"<p>Ailemize yeni biri kat\u0131ld\u0131. Bu benim karde\u015fim, hen\u00fcz bir bebek! *** Eve bir bebe\u011fin gelmesiyle yeni bir d\u00f6nem ba\u015flar: g\u00fcl\u00fcc\u00fckler, kokular, a\u011flamalar, sar\u0131lmalar ve \u00f6p\u00fcc\u00fcklerle dolu zamanlar\u2026. Bu kitap, aileye yeni bir \u00fcyenin kat\u0131lmas\u0131yla birlikte ya\u015fananlar\u0131, b\u00fcy\u00fck karde\u015fin g\u00f6z\u00fcnden samimi bir bi\u00e7imde ortaya koyuyor. Anne ve baban\u0131n sevgisinin aile i\u00e7inde herkese yetecek kadar b\u00fcy\u00fck oldu\u011funu g\u00f6steren s\u0131cac\u0131k bir \u00f6yk\u00fc. <\/p>\n","protected":false},"excerpt":{"rendered":"<p>Ailemize yeni biri kat\u0131ld\u0131. Bu benim karde\u015fim, hen\u00fcz bir bebek! *** Eve bir bebe\u011fin gelmesiyle yeni bir d\u00f6nem ba\u015flar: g\u00fcl\u00fcc\u00fckler, kokular, a\u011flamalar, sar\u0131lmalar ve \u00f6p\u00fcc\u00fcklerle dolu<span class=\"excerpt-hellip\"> [\u2026]<\/span><\/p>\n","protected":false},"featured_media":0,"template":"","meta":{"_monsterinsights_skip_tracking":false,"_monsterinsights_sitenote_active":false,"_monsterinsights_sitenote_note":"","_monsterinsights_sitenote_category":0},"product_brand":[],"product_cat":[12274,12284],"product_tag":[],"class_list":{"0":"post-762518","1":"product","2":"type-product","3":"status-publish","5":"product_cat-cocuk-ve-genclik-kitaplari","6":"product_cat-hikayeler","7":"pa_cilt-ciltsiz","8":"pa_tur-kitap","9":"pa_yayinevi-1001-cicek-kitaplar","10":"pa_yazar-fran-manushkin","12":"first","13":"instock","14":"sale","15":"shipping-taxable","16":"purchasable","17":"product-type-simple"},"_links":{"self":[{"href":"https:\/\/roveyayinevi.com.tr\/index.php\/wp-json\/wp\/v2\/product\/762518","targetHints":{"allow":["GET"]}}],"collection":[{"href":"https:\/\/roveyayinevi.com.tr\/index.php\/wp-json\/wp\/v2\/product"}],"about":[{"href":"https:\/\/roveyayinevi.com.tr\/index.php\/wp-json\/wp\/v2\/types\/product"}],"wp:attachment":[{"href":"https:\/\/roveyayinevi.com.tr\/index.php\/wp-json\/wp\/v2\/media?parent=762518"}],"wp:term":[{"taxonomy":"product_brand","embeddable":true,"href":"https:\/\/roveyayinevi.com.tr\/index.php\/wp-json\/wp\/v2\/product_brand?post=762518"},{"taxonomy":"product_cat","embeddable":true,"href":"https:\/\/roveyayinevi.com.tr\/index.php\/wp-json\/wp\/v2\/product_cat?post=762518"},{"taxonomy":"product_tag","embeddable":true,"href":"https:\/\/roveyayinevi.com.tr\/index.php\/wp-json\/wp\/v2\/product_tag?post=762518"}],"curies":[{"name":"wp","href":"https:\/\/api.w.org\/{rel}","templated":true}]}}