{"id":762514,"date":"2025-08-28T10:11:49","date_gmt":"2025-08-28T07:11:49","guid":{"rendered":"https:\/\/roveyayinevi.com.tr\/index.php\/urun\/gantz-17\/"},"modified":"2026-04-15T03:27:39","modified_gmt":"2026-04-15T00:27:39","slug":"gantz-17","status":"publish","type":"product","link":"https:\/\/roveyayinevi.com.tr\/index.php\/urun\/gantz-17\/","title":{"rendered":"Gantz 17"},"content":{"rendered":"<p>Kurono, 100 puana ula\u015f\u0131lmas\u0131 halinde \u00f6len \u00fcyelerin hayata geri d\u00f6nd\u00fcr\u00fclebilece\u011fini \u00f6\u011frenir. Hayat\u0131 sona ermi\u015f yol arkada\u015flar\u0131n\u0131 geri getirmek ister ve yenilenmi\u015f bir kararl\u0131l\u0131kla yeni bir g\u00f6reve at\u0131l\u0131r. Kurono ve arkada\u015flar\u0131, hayatta kalma \u015fanslar\u0131n\u0131 art\u0131rmak i\u00e7in bir s\u00fcredir talim yapmaktad\u0131rlar ancak bu seferki hedefleri Uzayl\u0131 Oni insanlarla denk bir zek\u00e2 seviyesine sahiptir ve bu sefer kar\u015f\u0131lar\u0131nda birbirleriyle ileti\u015fim kurabilen, organize bir d\u00fc\u015fman vard\u0131r. Her d\u00f6v\u00fc\u015f, elbiselerin zay\u0131fl\u0131klar\u0131 hakk\u0131nda bile bilgi sahibi olan uzayl\u0131lar\u0131n sald\u0131r\u0131s\u0131yla ba\u015flar. Hik\u00e2ye ak\u0131\u015f\u0131 ve ana kahramanlar\u0131n\u0131n ya\u015fad\u0131klar\u0131yla di\u011fer t\u00fcm mangalardan ayr\u0131lan yeti\u015fkin mangas\u0131 Gantz, y\u00fcksek temposuyla \u015fa\u015f\u0131rtmaya devam ediyor. <\/p>\n","protected":false},"excerpt":{"rendered":"<p>Kurono, 100 puana ula\u015f\u0131lmas\u0131 halinde \u00f6len \u00fcyelerin hayata geri d\u00f6nd\u00fcr\u00fclebilece\u011fini \u00f6\u011frenir. Hayat\u0131 sona ermi\u015f yol arkada\u015flar\u0131n\u0131 geri getirmek ister ve yenilenmi\u015f bir kararl\u0131l\u0131kla yeni bir g\u00f6reve<span class=\"excerpt-hellip\"> [\u2026]<\/span><\/p>\n","protected":false},"featured_media":0,"template":"","meta":{"_monsterinsights_skip_tracking":false,"_monsterinsights_sitenote_active":false,"_monsterinsights_sitenote_note":"","_monsterinsights_sitenote_category":0},"product_brand":[],"product_cat":[12416,12291],"product_tag":[],"class_list":{"0":"post-762514","1":"product","2":"type-product","3":"status-publish","5":"product_cat-cizgi-roman","6":"product_cat-edebiyat","7":"pa_cilt-ciltsiz","8":"pa_tur-kitap","9":"pa_yayinevi-kurukafa","10":"pa_yazar-hiroya-oku","12":"first","13":"instock","14":"sale","15":"shipping-taxable","16":"purchasable","17":"product-type-simple"},"_links":{"self":[{"href":"https:\/\/roveyayinevi.com.tr\/index.php\/wp-json\/wp\/v2\/product\/762514","targetHints":{"allow":["GET"]}}],"collection":[{"href":"https:\/\/roveyayinevi.com.tr\/index.php\/wp-json\/wp\/v2\/product"}],"about":[{"href":"https:\/\/roveyayinevi.com.tr\/index.php\/wp-json\/wp\/v2\/types\/product"}],"wp:attachment":[{"href":"https:\/\/roveyayinevi.com.tr\/index.php\/wp-json\/wp\/v2\/media?parent=762514"}],"wp:term":[{"taxonomy":"product_brand","embeddable":true,"href":"https:\/\/roveyayinevi.com.tr\/index.php\/wp-json\/wp\/v2\/product_brand?post=762514"},{"taxonomy":"product_cat","embeddable":true,"href":"https:\/\/roveyayinevi.com.tr\/index.php\/wp-json\/wp\/v2\/product_cat?post=762514"},{"taxonomy":"product_tag","embeddable":true,"href":"https:\/\/roveyayinevi.com.tr\/index.php\/wp-json\/wp\/v2\/product_tag?post=762514"}],"curies":[{"name":"wp","href":"https:\/\/api.w.org\/{rel}","templated":true}]}}