{"id":762513,"date":"2025-08-28T10:11:47","date_gmt":"2025-08-28T07:11:47","guid":{"rendered":"https:\/\/roveyayinevi.com.tr\/index.php\/urun\/kaiju-no-8-8-nolu-canavar-4\/"},"modified":"2026-04-15T03:27:39","modified_gmt":"2026-04-15T00:27:39","slug":"kaiju-no-8-8-nolu-canavar-4","status":"publish","type":"product","link":"https:\/\/roveyayinevi.com.tr\/index.php\/urun\/kaiju-no-8-8-nolu-canavar-4\/","title":{"rendered":"Kaiju No: 8 &#8211; 8 No\u2019lu Canavar 4"},"content":{"rendered":"<p>Savunma Birli\u011fi\u2019nin Ta\u00e7ikava \u00fcss\u00fc bir grup canavar taraf\u0131ndan g\u00f6ky\u00fcz\u00fcnden sald\u0131r\u0131ya u\u011frar, ancak \u00fcyelerin \u00e7abalar\u0131yla kalan canavarlar\u0131 p\u00fcsk\u00fcrtmeye ba\u015flarlar. Bu s\u0131rada Ho\u015fina t\u00fcm g\u00fcc\u00fcn\u00fc ortaya koyar ve dev canavara kar\u015f\u0131 sava\u015f\u0131r. Durum \u00e7\u00f6z\u00fclm\u00fc\u015f gibi g\u00f6r\u00fcn\u00fcr, ancak dev canavarda bir de\u011fi\u015fiklik vard\u0131r! Kafka&#8217;n\u0131n alg\u0131lama yetene\u011fi de buna tepki verir. Peki, orada neler oluyor? B\u00fcy\u00fck Tehdit, 4. ciltte devam ediyor! <\/p>\n","protected":false},"excerpt":{"rendered":"<p>Savunma Birli\u011fi\u2019nin Ta\u00e7ikava \u00fcss\u00fc bir grup canavar taraf\u0131ndan g\u00f6ky\u00fcz\u00fcnden sald\u0131r\u0131ya u\u011frar, ancak \u00fcyelerin \u00e7abalar\u0131yla kalan canavarlar\u0131 p\u00fcsk\u00fcrtmeye ba\u015flarlar. Bu s\u0131rada Ho\u015fina t\u00fcm g\u00fcc\u00fcn\u00fc ortaya koyar ve<span class=\"excerpt-hellip\"> [\u2026]<\/span><\/p>\n","protected":false},"featured_media":0,"template":"","meta":{"_monsterinsights_skip_tracking":false,"_monsterinsights_sitenote_active":false,"_monsterinsights_sitenote_note":"","_monsterinsights_sitenote_category":0},"product_brand":[],"product_cat":[12416,12291],"product_tag":[],"class_list":{"0":"post-762513","1":"product","2":"type-product","3":"status-publish","5":"product_cat-cizgi-roman","6":"product_cat-edebiyat","7":"pa_cilt-ciltsiz","8":"pa_tur-kitap","9":"pa_yayinevi-kurukafa","10":"pa_yazar-naoya-matsumoto","12":"first","13":"instock","14":"sale","15":"shipping-taxable","16":"purchasable","17":"product-type-simple"},"_links":{"self":[{"href":"https:\/\/roveyayinevi.com.tr\/index.php\/wp-json\/wp\/v2\/product\/762513","targetHints":{"allow":["GET"]}}],"collection":[{"href":"https:\/\/roveyayinevi.com.tr\/index.php\/wp-json\/wp\/v2\/product"}],"about":[{"href":"https:\/\/roveyayinevi.com.tr\/index.php\/wp-json\/wp\/v2\/types\/product"}],"wp:attachment":[{"href":"https:\/\/roveyayinevi.com.tr\/index.php\/wp-json\/wp\/v2\/media?parent=762513"}],"wp:term":[{"taxonomy":"product_brand","embeddable":true,"href":"https:\/\/roveyayinevi.com.tr\/index.php\/wp-json\/wp\/v2\/product_brand?post=762513"},{"taxonomy":"product_cat","embeddable":true,"href":"https:\/\/roveyayinevi.com.tr\/index.php\/wp-json\/wp\/v2\/product_cat?post=762513"},{"taxonomy":"product_tag","embeddable":true,"href":"https:\/\/roveyayinevi.com.tr\/index.php\/wp-json\/wp\/v2\/product_tag?post=762513"}],"curies":[{"name":"wp","href":"https:\/\/api.w.org\/{rel}","templated":true}]}}