{"id":762512,"date":"2025-08-28T10:11:44","date_gmt":"2025-08-28T07:11:44","guid":{"rendered":"https:\/\/roveyayinevi.com.tr\/index.php\/urun\/coanda\/"},"modified":"2026-04-15T03:27:39","modified_gmt":"2026-04-15T00:27:39","slug":"coanda","status":"publish","type":"product","link":"https:\/\/roveyayinevi.com.tr\/index.php\/urun\/coanda\/","title":{"rendered":"Coanda"},"content":{"rendered":"<p>Niye yaln\u0131z kalmaktan ho\u015flanm\u0131yor, hatta s\u0131k\u0131l\u0131yorsun biliyor musun? \u00c7\u00fcnk\u00fc kendinde bir renk bir \u0131\u015f\u0131k bulam\u0131yorsun.    S\u0131k\u0131c\u0131 buluyorsun kendini. Ba\u015f ba\u015fa kal\u0131nca s\u0131k\u0131l\u0131yorsun. \u00c7\u00fcnk\u00fc anlatacak bir \u015feyin yok ona. Birine ihtiya\u00e7 duyuyorsun katlanmak i\u00e7in ona!    Tan\u0131yor musun peki kendini?    Belki de korkuyorsun da tan\u0131maktan. Tan\u0131y\u0131p da onu hi\u00e7 sevememekten&#8230;<\/p>\n","protected":false},"excerpt":{"rendered":"<p>Niye yaln\u0131z kalmaktan ho\u015flanm\u0131yor, hatta s\u0131k\u0131l\u0131yorsun biliyor musun? \u00c7\u00fcnk\u00fc kendinde bir renk bir \u0131\u015f\u0131k bulam\u0131yorsun. S\u0131k\u0131c\u0131 buluyorsun kendini. Ba\u015f ba\u015fa kal\u0131nca s\u0131k\u0131l\u0131yorsun. \u00c7\u00fcnk\u00fc anlatacak bir \u015feyin<span class=\"excerpt-hellip\"> [\u2026]<\/span><\/p>\n","protected":false},"featured_media":0,"template":"","meta":{"_monsterinsights_skip_tracking":false,"_monsterinsights_sitenote_active":false,"_monsterinsights_sitenote_note":"","_monsterinsights_sitenote_category":0},"product_brand":[],"product_cat":[12291,12509],"product_tag":[],"class_list":{"0":"post-762512","1":"product","2":"type-product","3":"status-publish","5":"product_cat-edebiyat","6":"product_cat-siir","7":"pa_cilt-ciltsiz","8":"pa_tur-kitap","9":"pa_yayinevi-hazer-yayinlari","10":"pa_yazar-demet-demirkaya","12":"first","13":"instock","14":"sale","15":"shipping-taxable","16":"purchasable","17":"product-type-simple"},"_links":{"self":[{"href":"https:\/\/roveyayinevi.com.tr\/index.php\/wp-json\/wp\/v2\/product\/762512","targetHints":{"allow":["GET"]}}],"collection":[{"href":"https:\/\/roveyayinevi.com.tr\/index.php\/wp-json\/wp\/v2\/product"}],"about":[{"href":"https:\/\/roveyayinevi.com.tr\/index.php\/wp-json\/wp\/v2\/types\/product"}],"wp:attachment":[{"href":"https:\/\/roveyayinevi.com.tr\/index.php\/wp-json\/wp\/v2\/media?parent=762512"}],"wp:term":[{"taxonomy":"product_brand","embeddable":true,"href":"https:\/\/roveyayinevi.com.tr\/index.php\/wp-json\/wp\/v2\/product_brand?post=762512"},{"taxonomy":"product_cat","embeddable":true,"href":"https:\/\/roveyayinevi.com.tr\/index.php\/wp-json\/wp\/v2\/product_cat?post=762512"},{"taxonomy":"product_tag","embeddable":true,"href":"https:\/\/roveyayinevi.com.tr\/index.php\/wp-json\/wp\/v2\/product_tag?post=762512"}],"curies":[{"name":"wp","href":"https:\/\/api.w.org\/{rel}","templated":true}]}}