{"id":762509,"date":"2025-08-28T10:11:39","date_gmt":"2025-08-28T07:11:39","guid":{"rendered":"https:\/\/roveyayinevi.com.tr\/index.php\/urun\/calisma-atolyemiz\/"},"modified":"2026-04-15T03:27:39","modified_gmt":"2026-04-15T00:27:39","slug":"calisma-atolyemiz","status":"publish","type":"product","link":"https:\/\/roveyayinevi.com.tr\/index.php\/urun\/calisma-atolyemiz\/","title":{"rendered":"\u00c7al\u0131\u015fma At\u00f6lyemiz"},"content":{"rendered":"<p>Bu \u00e7al\u0131\u015fma, benim 25\u2019inci kitab\u0131md\u0131r. Daha \u00f6nceki s\u00fcre\u00e7te yay\u0131nlam\u0131\u015f oldu\u011fum 24 eserde, birbirinden farkl\u0131 fakat b\u00fct\u00fcnl\u00fck arz eden konulara odakland\u0131m. Bu konu ve alanlar ise; bilim, k\u00fclt\u00fcr, sanat, an\u0131, deneme, roman, \u00f6yk\u00fc, edebiyat, m\u00fczik, \u015fiir, felsefe, mant\u0131k, sosyoloji, psikoloji, tar\u0131msal ve end\u00fcstriyel \u00fcretim, genel hukuk, demokrasi ve adalet \u00f6zlemi, y\u00f6netim bilimleri ve benzerleridir. Her ne kadar anlat\u0131mlar\u0131mda kalite, planlama, AR-GE, \u00fcretim konular\u0131na de\u011finsem de, yeni \u00e7al\u0131\u015fmamda bu alanlar\u0131 \u00f6zel olarak masaya yat\u0131rd\u0131m. \u201cZamanlama, planlama, ileti\u015fim, verimlilik, kalite ve i\u015f ahlak\u0131\u201d her i\u015fin, g\u00f6revin, s\u00fcrecin olmazsa olmaz\u0131d\u0131r. Ve bu \u00f6geler t\u00fcm eserlerimizin temelini olu\u015fturmaktad\u0131r. E\u011fitim faaliyetleri; bir toplumda \u00f6nemli, y\u00f6nlendirici ve \u00f6nc\u00fc etken olsa da laboratuvar, k\u00fct\u00fcphane, at\u00f6lye, ofis, fabrika ve tarlada ge\u00e7irilen toplam zaman (i\u015f g\u00fcc\u00fc) o toplumun kalk\u0131nma d\u00fczeyinin g\u00f6stergesi olacakt\u0131r. G\u00fcn\u00fcm\u00fczde mevcut yayg\u0131n inan\u00e7lar, \u00f6\u011fretiler, \u00f6neriler, d\u00fc\u015f\u00fcnceler, ideolojiler, aidiyetler, birliktelikler, giri\u015fimler ve t\u00fcm alt kimlikler; kendi \u00fcye, ba\u011fl\u0131 ve ba\u011f\u0131ml\u0131lar\u0131na dahi huzur, g\u00fcven, umut, sevgi ve refah d\u00fczeyini, arzu edilen nitelikte sa\u011flamad\u0131\u011f\u0131 gibi, kapsama ve etki alanlar\u0131n\u0131n d\u0131\u015f\u0131nda g\u00f6rd\u00fckleri kitlelere de umut veremeyip, tedirginlik yaratmaktad\u0131rlar. Peki \u00f6yleyse, bu k\u0131s\u0131r d\u00f6ng\u00fcden, \u00e7\u0131kmaz sokaktan, zehirli atmosferden nas\u0131l kurtulaca\u011f\u0131z?&#8230; \u0130nsanlar i\u00e7in en do\u011fal ve gerekli olan \u00f6rg\u00fctlenme, dayan\u0131\u015fma, birlikte hareket, eylem, y\u00f6netim ve \u00f6zg\u00fcrl\u00fck hakk\u0131n\u0131 nas\u0131l, hangi y\u00f6ntemle sunaca\u011f\u0131z?&#8230; Herkes kendi k\u00f6y\u00fcn\u00fcn muhtar\u0131, kendi saray\u0131n\u0131n kral\u0131 m\u0131 olacak? \u0130nsanlar\u0131 yaln\u0131zl\u0131\u011fa m\u0131 y\u00f6nlendirece\u011fiz? Bir insan\u0131n yeti\u015fme ve ya\u015fam tarz\u0131, beklentisi, inanc\u0131, d\u00fc\u015f\u00fcncesi, alg\u0131s\u0131, ilke ve de\u011ferler zinciri ne olursa olsun; e\u011fer toplumda birlikte ya\u015fam modeli s\u00fcrd\u00fcr\u00fclecekse, \u00f6ncelikle \u00f6zg\u00fcrl\u00fck, g\u00fcvenlik, adalet, \u00fcretim, \u015feffafl\u0131k, kanunilik, me\u015fruiyet, payla\u015f\u0131m ve dayan\u0131\u015fma alanlar\u0131nda g\u00f6r\u00fc\u015f birli\u011fi i\u00e7inde olunmas\u0131 gerekiyor. Di\u011fer detay, \u00e7e\u015fitlilik ve farkl\u0131l\u0131klar ise bireylerin \u00f6zel tercih ve ya\u015fam alanlar\u0131d\u0131r. Marlo Morgan\u2019\u0131n, Aborjinler\u2019in ya\u015fam\u0131n\u0131 anlatan \u201cBir \u00e7ift Y\u00fcrek\u201d,  Henry David Thoreau&#8217; nun &#8220;Do\u011fal Ya\u015fam ve Ba\u015fkald\u0131r\u0131&#8221; ve \u015eevket S\u00fcreyya Aydemir&#8217;in  &#8220;Toprak Uyan\u0131rsa&#8221; adl\u0131 kitaplar\u0131nda aktar\u0131lan ya\u015fam tarz\u0131 gibi birebir ayn\u0131 olamay\u0131z fakat ad\u0131 ge\u00e7en kitaplar dayan\u0131\u015fma ruhu, \u00fcretim ve \u00f6zg\u00fcven a\u00e7\u0131s\u0131ndan ilham al\u0131nmas\u0131 gereken \u00f6\u011fretiler i\u00e7ermektedir. refikler.com web sitesindeki \u00fcretim odakl\u0131 ya\u015fam tarz\u0131 da umut, sevgi, heyecan, mutluluk d\u00fczeyinizi art\u0131racakt\u0131r. \u201cMutluK\u00f6y\u201d adl\u0131 roman\u0131mda ise daha farkl\u0131 bir ya\u015fam \u00f6rne\u011fi kurgulad\u0131m. \u00d6zg\u00fcrl\u00fck, adalet, g\u00fcvenlik, s\u00fcrd\u00fcr\u00fclebilirlik ve f\u0131rsat e\u015fitli\u011fi sa\u011fland\u0131\u011f\u0131nda; her birey bilgi, birikim, edinim, kazan\u0131m ve donan\u0131mlar\u0131n\u0131, -sonu\u00e7lar\u0131n\u0131 kabullenmek \u015fart\u0131yla- diledi\u011fi gibi tasarruf etmekte serbesttir. \u0130nsan \u00f6ncelikle d\u00fc\u015f\u00fcnen, ara\u015ft\u0131ran, \u00f6\u011frenen, sonra geli\u015ftiren ve \u00fcreten konumda olmal\u0131d\u0131r. \u00d6\u011frenmeyen ve \u00fcretmeyenin de hi\u00e7bir y\u00f6netim mekanizmas\u0131nda yer almamas\u0131 gerekir. En adil, do\u011fal, kal\u0131c\u0131, dengeli ve s\u00fcrd\u00fcr\u00fclebilir ilkesel duru\u015f budur. Liyakat, ehliyet, \u00fcretkenlik a\u00e7\u0131s\u0131ndan yetersiz, ahlak ve adaletten beslenememi\u015f \u015fahsiyetler; karar al\u0131c\u0131 ve uygulay\u0131c\u0131 konumda olmamalar\u0131 gerekti\u011fini d\u00fc\u015f\u00fcn\u00fcyorum. \u00dcretime d\u00f6n\u00fc\u015fmeyen, \u00fcretimi te\u015fvik etmeyen; t\u00fcm \u00f6\u011freti, d\u00fc\u015f\u00fcnce, inan\u00e7, ilke ve aidiyetlerden uzak durulmal\u0131d\u0131r. \u00dcretim, adalet, \u00f6zg\u00fcrl\u00fck, e\u015fitlik, ahlak, sevgi ve a\u015fk\u0131 b\u00fcnyesinde bar\u0131nd\u0131ramayan, g\u00fcndemi yaln\u0131zca herhangi bir \u201cba\u015f\u201d olmaya odakl\u0131 duygu, d\u00fc\u015f\u00fcnce ve inan\u00e7lar\u0131n; ya\u015fam\u0131m\u0131za katabilecek neyi olabilir ki?&#8230; Eserimden, in\u015faat m\u00fchendisleri ve mimarlar, plan ve proje \u00fczerinde \u00e7al\u0131\u015fanlar da mek\u00e2n tasar\u0131m\u0131 konusunda faydalanabilirler. G\u00f6zden ka\u00e7an bir ayr\u0131nt\u0131n\u0131n, telafisi sonradan \u00e7ok maliyetli olmaktad\u0131r. Bu \u00e7al\u0131\u015fmam\u0131, \u201cMutluk\u00f6y\u201d adl\u0131 do\u011fal f\u00fct\u00fcrist kurgu roman\u0131m\u0131n devam\u0131 ve di\u011fer eserlerimin tamamlay\u0131c\u0131s\u0131 olarak d\u00fc\u015f\u00fcnebilirsiniz. G\u0131da \u00fcretim tariflerinin de ilginizi \u00e7ekece\u011fini umuyorum. Koca evrende ve s\u0131k\u0131\u015ft\u0131r\u0131ld\u0131\u011f\u0131m\u0131z d\u00fcnya gezegeninde; menfaat \u00e7at\u0131\u015fmas\u0131, g\u00fc\u00e7 sava\u015f\u0131, doyumsuzluk ve k\u0131skan\u00e7l\u0131kla kuyruklar\u0131m\u0131z birbirine de\u011febiliyorsa; toplumlar ve bireyler aras\u0131nda noksan kalan, yanl\u0131\u015f olan bir \u015feyler var demektir. Her alanda \u00fcretim yapanlar\u0131n, hak ettikleri refah d\u00fczeyi, en \u00fcst seviyededir. \u00dcreten toplumlar g\u00fc\u00e7l\u00fcd\u00fcr, refah d\u00fczeyi y\u00fcksektir. \u00dcretenin; savunma, koruyucu ve cayd\u0131r\u0131c\u0131 g\u00fcc\u00fc vard\u0131r. Ve payla\u015f\u0131m\u0131 da adil yapabilmi\u015fse sosyal adaletle toplumsal dayan\u0131\u015fmay\u0131 ba\u015farm\u0131\u015f demektir. Buradan hareketle; ni\u00e7in, neyi, nas\u0131l, ne kadar, nerede ve kiminle \u00fcretmemiz gerekti\u011fi sorular\u0131na cevap bulmaya \u00e7al\u0131\u015ft\u0131k. \u00dcretim verimlili\u011fi kadar, t\u00fcketim k\u00fclt\u00fcr\u00fc de \u00f6nemlidir. Tasarruf, geri d\u00f6n\u00fc\u015f\u00fcm, bak\u0131m, tamirat, kalite, inovasyon, geli\u015ftirme ve s\u00fcre\u00e7 iyile\u015ftirme de ilgi alanlar\u0131m\u0131z dahilindedir. \u0130yi bir planlama yapt\u0131\u011f\u0131m\u0131zda; at\u0131klar\u0131m\u0131z\u0131n \u00e7ok az bir k\u0131sm\u0131n\u0131n \u00e7\u00f6p varili ve \u00e7\u00f6p kamyonuna at\u0131lacak nitelikte oldu\u011funu ke\u015ffedece\u011fiz. Bulundu\u011fumuz ortam ister bir konut, isterse bir i\u015fyeri olsun; \u00fcretim ve t\u00fcketim \u00e7e\u015fitlili\u011fine g\u00f6re \u00e7ok farkl\u0131 at\u0131klar olu\u015fturmaktay\u0131z.At\u0131k ayr\u0131\u015ft\u0131rma kategorileri genellikle: metal, pil, k\u00e2\u011f\u0131t, plastik, ah\u015fap, ya\u011f, cam, tehlikeli at\u0131k  \u015feklinde olmaktad\u0131r.Biz bunu daha bilin\u00e7li bir \u00e7al\u0131\u015fmayla; \u201chayvan mamas\u0131 olabilecek at\u0131klar, do\u011fal g\u00fcbre olabilecek at\u0131klar, kat\u0131 yak\u0131t olacak at\u0131klar, \u201cd\u00f6n\u00fc\u015ft\u00fcr\u00fclemeyecek at\u0131klar\u201d \u015feklinde geni\u015fletebilirsek, d\u00f6n\u00fc\u015ft\u00fcr\u00fclemeyen at\u0131k k\u00fctlesi \u00e7ok azalacak ve \u00e7\u00f6p kamyonlar\u0131, \u00e7\u00f6p i\u015fleme istasyonlar\u0131 dolup ta\u015fmayacakt\u0131r. \u0130ster ya\u015fad\u0131\u011f\u0131m\u0131z ev ortam\u0131 olsun, isterse \u00e7iftlik, otel, hastane, okul, tatil k\u00f6y\u00fc, i\u015f han\u0131 benzeri bir yerle\u015fim yerinde bulunal\u0131m; \u00fcretim, tamirat, tadilat, iyile\u015ftirme ve bak\u0131m hizmetleri i\u00e7in bir \u00e7al\u0131\u015fma at\u00f6lyesine ihtiyac\u0131m\u0131z olacakt\u0131r. Konum, g\u00f6rev, \u00fcretim \u015fekline g\u00f6re bu at\u00f6lyemizin donan\u0131mlar\u0131 ve birimleri de\u011fi\u015fiklik arz edecektir. Bu kitab\u0131m\u0131zda temel noktalar\u0131 ele al\u0131p, di\u011fer tercih ve se\u00e7enekleri sizlere b\u0131rak\u0131yoruz. Kitab\u0131n kapa\u011f\u0131ndaki tak\u0131m asma panosu; bu s\u00fcre\u00e7te d\u00fczenlemi\u015f oldu\u011fum \u00e7al\u0131\u015fma at\u00f6lyesinden foto\u011fraflanm\u0131\u015ft\u0131r. Anlat\u0131mlar\u0131m\u0131zda, \u00fcretim teknikleri ve form\u00fclleri vermek yerine; i\u015f ahlak\u0131, zamanlama, verimlilik, fonksiyonellik, planlama, geri d\u00f6n\u00fc\u015f\u00fcm teknikleri konular\u0131nda ilke ve ipu\u00e7lar\u0131 vermeye \u00e7al\u0131\u015ft\u0131k. \u00d6neri ve yorumlar\u0131n\u0131z, yeni bask\u0131lara g\u00fc\u00e7 verecektir. Ayr\u0131ca kitab\u0131m\u0131zda \u00fcretim, uygulama, tamirat, tadilat, AR-GE konular\u0131nda deneyiminizi art\u0131rabilece\u011finiz video e\u011fitim ve uygulama linkleri listelenmi\u015ftir. Ve art\u0131k s\u00f6z\u00fc kitaba b\u0131rak\u0131yorum. &#8220;Yalanlamak ve reddetmek i\u00e7in okuma! \u0130nanmak ve her \u015feyi kabullenmek i\u00e7in de okuma! Konu\u015fmak ve nutuk \u00e7ekmek i\u00e7in de okuma! Tartmak, k\u0131yaslamak, d\u00fc\u015f\u00fcnmek ve \u00fcretmek i\u00e7in oku!.. Francis Bacon&#8221; S\u00f6z\u00fc her \u015feyi \u00f6zetliyor ve yol haritam\u0131z\u0131 g\u00f6steriyor asl\u0131nda. Kitab\u0131m\u0131 inceleyerek \u00f6neriler sunan, bir sunu\u015f yaz\u0131s\u0131yla onurland\u0131ran, Say\u0131n Do\u00e7. Dr. Halil Murat \u00dcnver hocam\u0131za en te\u015fekk\u00fcr ederim. \u00dcretimde bulu\u015fan, \u00e7al\u0131\u015fmaya a\u015f\u0131k, g\u00fc\u00e7l\u00fc, azimli, g\u00fcvenli ve \u00f6zg\u00fcven i\u00e7inde olan, hak\u00e7a payla\u015fan, dayan\u0131\u015fma ve yard\u0131mla\u015fmay\u0131 g\u00f6n\u00fcl defterine yazan bir toplumda bulu\u015fmak dile\u011fiyle. <\/p>\n","protected":false},"excerpt":{"rendered":"<p>Bu \u00e7al\u0131\u015fma, benim 25\u2019inci kitab\u0131md\u0131r. Daha \u00f6nceki s\u00fcre\u00e7te yay\u0131nlam\u0131\u015f oldu\u011fum 24 eserde, birbirinden farkl\u0131 fakat b\u00fct\u00fcnl\u00fck arz eden konulara odakland\u0131m. Bu konu ve alanlar ise; bilim,<span class=\"excerpt-hellip\"> [\u2026]<\/span><\/p>\n","protected":false},"featured_media":0,"template":"","meta":{"_monsterinsights_skip_tracking":false,"_monsterinsights_sitenote_active":false,"_monsterinsights_sitenote_note":"","_monsterinsights_sitenote_category":0},"product_brand":[],"product_cat":[13005,37328],"product_tag":[],"class_list":{"0":"post-762509","1":"product","2":"type-product","3":"status-publish","5":"product_cat-bilim-muhendislik","6":"product_cat-diger-bilim-muhendislik","7":"pa_cilt-ciltsiz","8":"pa_tur-kitap","9":"pa_yayinevi-gulnar-yayinlari","10":"pa_yazar-ali-riza-malkoc","12":"first","13":"instock","14":"sale","15":"shipping-taxable","16":"purchasable","17":"product-type-simple"},"_links":{"self":[{"href":"https:\/\/roveyayinevi.com.tr\/index.php\/wp-json\/wp\/v2\/product\/762509","targetHints":{"allow":["GET"]}}],"collection":[{"href":"https:\/\/roveyayinevi.com.tr\/index.php\/wp-json\/wp\/v2\/product"}],"about":[{"href":"https:\/\/roveyayinevi.com.tr\/index.php\/wp-json\/wp\/v2\/types\/product"}],"wp:attachment":[{"href":"https:\/\/roveyayinevi.com.tr\/index.php\/wp-json\/wp\/v2\/media?parent=762509"}],"wp:term":[{"taxonomy":"product_brand","embeddable":true,"href":"https:\/\/roveyayinevi.com.tr\/index.php\/wp-json\/wp\/v2\/product_brand?post=762509"},{"taxonomy":"product_cat","embeddable":true,"href":"https:\/\/roveyayinevi.com.tr\/index.php\/wp-json\/wp\/v2\/product_cat?post=762509"},{"taxonomy":"product_tag","embeddable":true,"href":"https:\/\/roveyayinevi.com.tr\/index.php\/wp-json\/wp\/v2\/product_tag?post=762509"}],"curies":[{"name":"wp","href":"https:\/\/api.w.org\/{rel}","templated":true}]}}