{"id":762506,"date":"2025-08-28T10:11:33","date_gmt":"2025-08-28T07:11:33","guid":{"rendered":"https:\/\/roveyayinevi.com.tr\/index.php\/urun\/bir-cumhuriyet-diplomati-numan-menemencioglu\/"},"modified":"2026-04-15T03:27:39","modified_gmt":"2026-04-15T00:27:39","slug":"bir-cumhuriyet-diplomati-numan-menemencioglu","status":"publish","type":"product","link":"https:\/\/roveyayinevi.com.tr\/index.php\/urun\/bir-cumhuriyet-diplomati-numan-menemencioglu\/","title":{"rendered":"Bir Cumhuriyet Diplomat\u0131 Numan Menemencio\u011flu"},"content":{"rendered":"<p>\u201cSiz, sulh\u00fcn erkan\u0131 harbisiniz.\u201d   Mustafa Kemal Atat\u00fcrk   \u201cRastlad\u0131\u011f\u0131m en b\u00fcy\u00fck politik zek\u00e2lardan biriydi. Ba\u015fka bir devirde d\u00fcnyaya gelseydi hi\u00e7 \u015f\u00fcphem yok Osmanl\u0131 \u0130mparatorlu\u011fu\u2019nun tarihine \u015ferefli sayfalar yazan b\u00fcy\u00fck vezirlerden biri olurdu.\u201d   Rene Massigli (Frans\u0131z diplomat, B\u00fcy\u00fckel\u00e7i)   \u201cBeklenmedik bir durum kar\u015f\u0131s\u0131nda ani olarak vaziyet almaya, ondan daha m\u00fcsait bir muhakeme kabiliyetine sahip olan hi\u00e7 kimseye rastlamad\u0131m. B\u00fct\u00fcn meseleleri \u015fim\u015fek h\u0131z\u0131yla kavrard\u0131.\u201d   Sir Knatchbull Hugessen (\u0130ngiliz Diplomat, B\u00fcy\u00fckel\u00e7i)   \u201cBu memleket, tarihinin en zor devrelerinden birinde, bu vas\u0131fta bir adama sahip oldu\u011fu i\u00e7in kendini talihli sayabilir. Avrupa politikas\u0131n\u0131n gerekleri hakk\u0131nda tamamen belirli fikirleri vard\u0131. Her t\u00fcrl\u00fc zor durumdan bir \u00e7\u0131k\u0131\u015f yolu bulmak gibi m\u00fcstesna bir kabiliyete sahipti.\u201d   Franz Von Papen (Eski Almanya \u015eans\u00f6lyesi, B\u00fcy\u00fckel\u00e7i)<\/p>\n","protected":false},"excerpt":{"rendered":"<p>\u201cSiz, sulh\u00fcn erkan\u0131 harbisiniz.\u201d Mustafa Kemal Atat\u00fcrk \u201cRastlad\u0131\u011f\u0131m en b\u00fcy\u00fck politik zek\u00e2lardan biriydi. Ba\u015fka bir devirde d\u00fcnyaya gelseydi hi\u00e7 \u015f\u00fcphem yok Osmanl\u0131 \u0130mparatorlu\u011fu\u2019nun tarihine \u015ferefli sayfalar<span class=\"excerpt-hellip\"> [\u2026]<\/span><\/p>\n","protected":false},"featured_media":0,"template":"","meta":{"_monsterinsights_skip_tracking":false,"_monsterinsights_sitenote_active":false,"_monsterinsights_sitenote_note":"","_monsterinsights_sitenote_category":0},"product_brand":[],"product_cat":[12370,12304],"product_tag":[],"class_list":{"0":"post-762506","1":"product","2":"type-product","3":"status-publish","5":"product_cat-arastirma-inceleme","6":"product_cat-tarih","7":"pa_cilt-ciltsiz","8":"pa_tur-kitap","9":"pa_yayinevi-efil-yayinevi","10":"pa_yazar-gokhan-metin","12":"first","13":"instock","14":"sale","15":"shipping-taxable","16":"purchasable","17":"product-type-simple"},"_links":{"self":[{"href":"https:\/\/roveyayinevi.com.tr\/index.php\/wp-json\/wp\/v2\/product\/762506","targetHints":{"allow":["GET"]}}],"collection":[{"href":"https:\/\/roveyayinevi.com.tr\/index.php\/wp-json\/wp\/v2\/product"}],"about":[{"href":"https:\/\/roveyayinevi.com.tr\/index.php\/wp-json\/wp\/v2\/types\/product"}],"wp:attachment":[{"href":"https:\/\/roveyayinevi.com.tr\/index.php\/wp-json\/wp\/v2\/media?parent=762506"}],"wp:term":[{"taxonomy":"product_brand","embeddable":true,"href":"https:\/\/roveyayinevi.com.tr\/index.php\/wp-json\/wp\/v2\/product_brand?post=762506"},{"taxonomy":"product_cat","embeddable":true,"href":"https:\/\/roveyayinevi.com.tr\/index.php\/wp-json\/wp\/v2\/product_cat?post=762506"},{"taxonomy":"product_tag","embeddable":true,"href":"https:\/\/roveyayinevi.com.tr\/index.php\/wp-json\/wp\/v2\/product_tag?post=762506"}],"curies":[{"name":"wp","href":"https:\/\/api.w.org\/{rel}","templated":true}]}}