{"id":762505,"date":"2025-08-28T10:11:31","date_gmt":"2025-08-28T07:11:31","guid":{"rendered":"https:\/\/roveyayinevi.com.tr\/index.php\/urun\/sesimi-duymayan-kaldi-mi\/"},"modified":"2026-04-15T03:27:39","modified_gmt":"2026-04-15T00:27:39","slug":"sesimi-duymayan-kaldi-mi","status":"publish","type":"product","link":"https:\/\/roveyayinevi.com.tr\/index.php\/urun\/sesimi-duymayan-kaldi-mi\/","title":{"rendered":"Sesimi Duymayan Kald\u0131 m\u0131?"},"content":{"rendered":"<p>Bu kitapta talihsiz ve yoksulluk i\u00e7inde Elaz\u0131\u011f\u2019da hayata ba\u015flayan, kar\u015f\u0131la\u015ft\u0131\u011f\u0131 zorluklara \u00e7\u00f6z\u00fcmler \u00fcretebilme yetene\u011fi g\u00f6steren bir \u00e7ocu\u011fun ya\u015fam hik\u00e2yesini okurken duygulanacaks\u0131n\u0131z.Naci\u2019nin hedefi sayg\u0131n, donan\u0131ml\u0131, evrensel bilim camias\u0131 taraf\u0131ndan tan\u0131nan ve her zaman bilimin i\u00e7inde yer alan bir bilim insan\u0131 olmakt\u0131. Bunu, yapt\u0131\u011f\u0131 ara\u015ft\u0131rmalar, \u00f6zg\u00fcn projeler ve bilimsel yay\u0131nlarla ba\u015fard\u0131. Naci, \u0130T\u00dc Maden Fak\u00fcltesi Dekanl\u0131\u011f\u0131, T\u00dcB\u0130TAK Marmara Ara\u015ft\u0131rma Merkezi Ba\u015fkanl\u0131\u011f\u0131, bir\u00e7ok ulusal ve uluslararas\u0131 proje liderli\u011fi gibi g\u00f6revleri y\u00fcr\u00fct\u00fcrken gen\u00e7 ara\u015ft\u0131rmac\u0131lar\u0131 desteklemeye ve bulundu\u011fu konumu daha \u00fcstlere \u00e7\u0131karmaya \u00f6ncelik vermi\u015ftir. Do\u011fru bildi\u011fi konularda taviz vermeyen \u0131srarc\u0131 ve m\u00fccadeleci yap\u0131s\u0131, onun en belirgin \u00f6zelli\u011fidir. Kitapta ya\u015fam\u00f6yk\u00fcs\u00fcyle birlikte T\u00fcrkiye\u2019deki bilimsel ortam\u0131n durumu, d\u00fcnyadan ilgin\u00e7 jeoloji \u00f6rnekleri, depremle ilgili Marmara Denizi\u2019nde yap\u0131lan uluslararas\u0131 jeolojik ve jeofizik ara\u015ft\u0131rmalar hakk\u0131nda verdi\u011fi bilgiler ayd\u0131nlat\u0131c\u0131 niteliktedir.Naci\u2019nin deprem konusundaki duyarl\u0131l\u0131\u011f\u0131 bu kitapta ayr\u0131nt\u0131l\u0131 bir \u015fekilde \u00f6n plana \u00e7\u0131kmaktad\u0131r.Remzi Akk\u00f6k<\/p>\n","protected":false},"excerpt":{"rendered":"<p>Bu kitapta talihsiz ve yoksulluk i\u00e7inde Elaz\u0131\u011f\u2019da hayata ba\u015flayan, kar\u015f\u0131la\u015ft\u0131\u011f\u0131 zorluklara \u00e7\u00f6z\u00fcmler \u00fcretebilme yetene\u011fi g\u00f6steren bir \u00e7ocu\u011fun ya\u015fam hik\u00e2yesini okurken duygulanacaks\u0131n\u0131z.Naci\u2019nin hedefi sayg\u0131n, donan\u0131ml\u0131, evrensel bilim<span class=\"excerpt-hellip\"> [\u2026]<\/span><\/p>\n","protected":false},"featured_media":0,"template":"","meta":{"_monsterinsights_skip_tracking":false,"_monsterinsights_sitenote_active":false,"_monsterinsights_sitenote_note":"","_monsterinsights_sitenote_category":0},"product_brand":[],"product_cat":[12291,30969],"product_tag":[],"class_list":{"0":"post-762505","1":"product","2":"type-product","3":"status-publish","5":"product_cat-edebiyat","6":"product_cat-soylesi-edebiyat","7":"pa_cilt-ciltsiz","8":"pa_tur-kitap","9":"pa_yayinevi-masa-kitap","10":"pa_yazar-naci-gorur","12":"first","13":"instock","14":"sale","15":"shipping-taxable","16":"purchasable","17":"product-type-simple"},"_links":{"self":[{"href":"https:\/\/roveyayinevi.com.tr\/index.php\/wp-json\/wp\/v2\/product\/762505","targetHints":{"allow":["GET"]}}],"collection":[{"href":"https:\/\/roveyayinevi.com.tr\/index.php\/wp-json\/wp\/v2\/product"}],"about":[{"href":"https:\/\/roveyayinevi.com.tr\/index.php\/wp-json\/wp\/v2\/types\/product"}],"wp:attachment":[{"href":"https:\/\/roveyayinevi.com.tr\/index.php\/wp-json\/wp\/v2\/media?parent=762505"}],"wp:term":[{"taxonomy":"product_brand","embeddable":true,"href":"https:\/\/roveyayinevi.com.tr\/index.php\/wp-json\/wp\/v2\/product_brand?post=762505"},{"taxonomy":"product_cat","embeddable":true,"href":"https:\/\/roveyayinevi.com.tr\/index.php\/wp-json\/wp\/v2\/product_cat?post=762505"},{"taxonomy":"product_tag","embeddable":true,"href":"https:\/\/roveyayinevi.com.tr\/index.php\/wp-json\/wp\/v2\/product_tag?post=762505"}],"curies":[{"name":"wp","href":"https:\/\/api.w.org\/{rel}","templated":true}]}}