{"id":762503,"date":"2025-08-28T10:11:26","date_gmt":"2025-08-28T07:11:26","guid":{"rendered":"https:\/\/roveyayinevi.com.tr\/index.php\/urun\/kuzeydeki-tehlike\/"},"modified":"2026-04-15T03:27:39","modified_gmt":"2026-04-15T00:27:39","slug":"kuzeydeki-tehlike","status":"publish","type":"product","link":"https:\/\/roveyayinevi.com.tr\/index.php\/urun\/kuzeydeki-tehlike\/","title":{"rendered":"Kuzeydeki Tehlike"},"content":{"rendered":"<p>Gazeteci Matthew Cave\u2019in k\u0131z karde\u015fi ortadan kayboldu\u011funda, arkas\u0131nda sadece terk edilmi\u015f bir evdeki kan izi kalm\u0131\u015ft\u0131r ve Matt ikisinin de bir \u00f6l\u00fcm kal\u0131m oyunundaki piyon oldu\u011funu fark eder. Babalar\u0131, Gr\u00f6nland\u2019da g\u00f6revli gen\u00e7 bir askerken \u00f6l\u00fcmc\u00fcl sonu\u00e7lara neden olan gizli bir deneyde rol alm\u0131\u015ft\u0131r. \u0130ki ki\u015finin cinayetiyle su\u00e7lanan babalar\u0131 Tom Cave ortadan kaybolmu\u015ftur. \u015eimdi de davas\u0131 tekrar a\u00e7\u0131lm\u0131\u015f ve ge\u00e7mi\u015fin hayaletleri \u2013belki de iblisleri\u2013 serbest kalm\u0131\u015ft\u0131r.        Matt\u2019in hayat\u0131 boyunca arad\u0131\u011f\u0131 babas\u0131 so\u011fukkanl\u0131 bir katil midir? Peki, Matt onu ABD ordusundan \u00f6nce bulabilecek midir? Di\u011fer yandan da gen\u00e7 bir kad\u0131n olan Tupaarnaq Siegstad, Matt\u2019e k\u0131z karde\u015finin hayat\u0131n\u0131 kurtarabilmesi i\u00e7in yard\u0131m etmek \u00fczere Nuuk\u2019a d\u00f6ner ve baz\u0131 ki\u015fisel meselelerinin de pe\u015fine d\u00fc\u015fer. Fakat gerilim giderek artarken Matt bir \u015feyi merak etmeye ba\u015flar: Tupaarnaq ger\u00e7ekten de sand\u0131\u011f\u0131 ki\u015fi midir?<\/p>\n","protected":false},"excerpt":{"rendered":"<p>Gazeteci Matthew Cave\u2019in k\u0131z karde\u015fi ortadan kayboldu\u011funda, arkas\u0131nda sadece terk edilmi\u015f bir evdeki kan izi kalm\u0131\u015ft\u0131r ve Matt ikisinin de bir \u00f6l\u00fcm kal\u0131m oyunundaki piyon oldu\u011funu<span class=\"excerpt-hellip\"> [\u2026]<\/span><\/p>\n","protected":false},"featured_media":0,"template":"","meta":{"_monsterinsights_skip_tracking":false,"_monsterinsights_sitenote_active":false,"_monsterinsights_sitenote_note":"","_monsterinsights_sitenote_category":0},"product_brand":[],"product_cat":[12291,17033],"product_tag":[],"class_list":{"0":"post-762503","1":"product","2":"type-product","3":"status-publish","5":"product_cat-edebiyat","6":"product_cat-korku-gerilim","7":"pa_cilt-ciltsiz","8":"pa_tur-kitap","9":"pa_yayinevi-epsilon-yayinlari","10":"pa_yazar-mads-peder-nordbo","12":"first","13":"instock","14":"sale","15":"shipping-taxable","16":"purchasable","17":"product-type-simple"},"_links":{"self":[{"href":"https:\/\/roveyayinevi.com.tr\/index.php\/wp-json\/wp\/v2\/product\/762503","targetHints":{"allow":["GET"]}}],"collection":[{"href":"https:\/\/roveyayinevi.com.tr\/index.php\/wp-json\/wp\/v2\/product"}],"about":[{"href":"https:\/\/roveyayinevi.com.tr\/index.php\/wp-json\/wp\/v2\/types\/product"}],"wp:attachment":[{"href":"https:\/\/roveyayinevi.com.tr\/index.php\/wp-json\/wp\/v2\/media?parent=762503"}],"wp:term":[{"taxonomy":"product_brand","embeddable":true,"href":"https:\/\/roveyayinevi.com.tr\/index.php\/wp-json\/wp\/v2\/product_brand?post=762503"},{"taxonomy":"product_cat","embeddable":true,"href":"https:\/\/roveyayinevi.com.tr\/index.php\/wp-json\/wp\/v2\/product_cat?post=762503"},{"taxonomy":"product_tag","embeddable":true,"href":"https:\/\/roveyayinevi.com.tr\/index.php\/wp-json\/wp\/v2\/product_tag?post=762503"}],"curies":[{"name":"wp","href":"https:\/\/api.w.org\/{rel}","templated":true}]}}