{"id":762502,"date":"2025-08-28T10:11:25","date_gmt":"2025-08-28T07:11:25","guid":{"rendered":"https:\/\/roveyayinevi.com.tr\/index.php\/urun\/kucuk-prens-40\/"},"modified":"2026-04-15T03:27:38","modified_gmt":"2026-04-15T00:27:38","slug":"kucuk-prens-40","status":"publish","type":"product","link":"https:\/\/roveyayinevi.com.tr\/index.php\/urun\/kucuk-prens-40\/","title":{"rendered":"K\u00fc\u00e7\u00fck Prens"},"content":{"rendered":"<p>\u201cHo\u015f\u00e7a kal\u201d dedi tilki  \u201c\u0130\u015fte benim \u00e7ok basit s\u0131rr\u0131m: G\u00f6ze g\u00f6r\u00fcnmeyen en \u00f6nemli ger\u00e7ekleri insan sadece kalbiyle g\u00f6r\u00fcr.\u201d   \u201cG\u00f6ze g\u00f6r\u00fcnmeyen \u00f6nemli ger\u00e7ekler nedir?\u201d diye tekrarlad\u0131 K\u00fc\u00e7\u00fck Prens, \u00f6\u011frendi\u011finden emin olmak i\u00e7in.   \u201cSenin, g\u00fcl\u00fcn i\u00e7in harcad\u0131\u011f\u0131n zaman g\u00fcl\u00fcn\u00fc \u00e7ok \u00f6nemli k\u0131l\u0131yor. \u0130\u015fte budur.\u201d   \u201cBenim g\u00fcl\u00fcm i\u00e7in harcad\u0131\u011f\u0131m zaman\u2026\u201d dedi K\u00fc\u00e7\u00fck Prens hat\u0131rlayabilece\u011finden emin olmak i\u00e7in.    \u201c\u0130nsanlar bu ger\u00e7e\u011fi unuturlar.\u201d dedi tilki. \u201cAma sen bunu unutmamal\u0131s\u0131n. Evcille\u015ftirdi\u011fin her \u015feyden sonsuza kadar sorumlusun. G\u00fcl\u00fcnden sorumlusun\u2026\u201d <\/p>\n","protected":false},"excerpt":{"rendered":"<p>\u201cHo\u015f\u00e7a kal\u201d dedi tilki \u201c\u0130\u015fte benim \u00e7ok basit s\u0131rr\u0131m: G\u00f6ze g\u00f6r\u00fcnmeyen en \u00f6nemli ger\u00e7ekleri insan sadece kalbiyle g\u00f6r\u00fcr.\u201d \u201cG\u00f6ze g\u00f6r\u00fcnmeyen \u00f6nemli ger\u00e7ekler nedir?\u201d diye tekrarlad\u0131 K\u00fc\u00e7\u00fck<span class=\"excerpt-hellip\"> [\u2026]<\/span><\/p>\n","protected":false},"featured_media":0,"template":"","meta":{"_monsterinsights_skip_tracking":false,"_monsterinsights_sitenote_active":false,"_monsterinsights_sitenote_note":"","_monsterinsights_sitenote_category":0},"product_brand":[],"product_cat":[12274,12467],"product_tag":[],"class_list":{"0":"post-762502","1":"product","2":"type-product","3":"status-publish","5":"product_cat-cocuk-ve-genclik-kitaplari","6":"product_cat-dunya-klasikleri","7":"pa_cilt-ciltsiz","8":"pa_tur-kitap","9":"pa_yayinevi-pars-yayinlari","10":"pa_yazar-antoine-de-saint-exupery","12":"first","13":"instock","14":"sale","15":"shipping-taxable","16":"purchasable","17":"product-type-simple"},"_links":{"self":[{"href":"https:\/\/roveyayinevi.com.tr\/index.php\/wp-json\/wp\/v2\/product\/762502","targetHints":{"allow":["GET"]}}],"collection":[{"href":"https:\/\/roveyayinevi.com.tr\/index.php\/wp-json\/wp\/v2\/product"}],"about":[{"href":"https:\/\/roveyayinevi.com.tr\/index.php\/wp-json\/wp\/v2\/types\/product"}],"wp:attachment":[{"href":"https:\/\/roveyayinevi.com.tr\/index.php\/wp-json\/wp\/v2\/media?parent=762502"}],"wp:term":[{"taxonomy":"product_brand","embeddable":true,"href":"https:\/\/roveyayinevi.com.tr\/index.php\/wp-json\/wp\/v2\/product_brand?post=762502"},{"taxonomy":"product_cat","embeddable":true,"href":"https:\/\/roveyayinevi.com.tr\/index.php\/wp-json\/wp\/v2\/product_cat?post=762502"},{"taxonomy":"product_tag","embeddable":true,"href":"https:\/\/roveyayinevi.com.tr\/index.php\/wp-json\/wp\/v2\/product_tag?post=762502"}],"curies":[{"name":"wp","href":"https:\/\/api.w.org\/{rel}","templated":true}]}}