{"id":762500,"date":"2025-08-28T10:11:22","date_gmt":"2025-08-28T07:11:22","guid":{"rendered":"https:\/\/roveyayinevi.com.tr\/index.php\/urun\/insan-ne-ile-yasar-25\/"},"modified":"2026-04-15T03:27:38","modified_gmt":"2026-04-15T00:27:38","slug":"insan-ne-ile-yasar-25","status":"publish","type":"product","link":"https:\/\/roveyayinevi.com.tr\/index.php\/urun\/insan-ne-ile-yasar-25\/","title":{"rendered":"\u0130nsan Ne \u0130le Ya\u015far"},"content":{"rendered":"<p>Kendine ait bir evi ve arazisi olmayan Simon ad\u0131nda bir ayakkab\u0131c\u0131, kar\u0131s\u0131 ve \u00e7ocuklar\u0131 ile birlikte bir kul\u00fcbede ya\u015f\u0131yor ve ayakkab\u0131c\u0131l\u0131k yaparak ge\u00e7imini sa\u011fl\u0131yordu. Emek ucuz, ekmek ise pahal\u0131yd\u0131; b\u00fct\u00fcn kazand\u0131\u011f\u0131n\u0131 yiyece\u011fe harc\u0131yordu.   \u201cBen de sana bunu anlatmaya \u00e7al\u0131\u015f\u0131yorum,\u201d dedi Simon. \u201cTap\u0131na\u011fa gitti\u011fimde, onu tamamen \u00e7\u0131plak ve neredeyse donmu\u015f halde buldum. \u00c7\u0131plak oturulacak bir hava de\u011fildi. Beni ona Tanr\u0131 g\u00f6nderdi, yoksa donarak \u00f6lecekti. Ne yapabilirdim? Ba\u015f\u0131na neler geldi\u011fini nereden bilebiliriz? Ben de onu ald\u0131m, giydirdim ve yan\u0131mda getirdim. Bu kadar k\u0131zma Matryona. G\u00fcnah, unutma, hepimiz bir g\u00fcn \u00f6lece\u011fiz.\u201d <\/p>\n","protected":false},"excerpt":{"rendered":"<p>Kendine ait bir evi ve arazisi olmayan Simon ad\u0131nda bir ayakkab\u0131c\u0131, kar\u0131s\u0131 ve \u00e7ocuklar\u0131 ile birlikte bir kul\u00fcbede ya\u015f\u0131yor ve ayakkab\u0131c\u0131l\u0131k yaparak ge\u00e7imini sa\u011fl\u0131yordu. Emek ucuz,<span class=\"excerpt-hellip\"> [\u2026]<\/span><\/p>\n","protected":false},"featured_media":0,"template":"","meta":{"_monsterinsights_skip_tracking":false,"_monsterinsights_sitenote_active":false,"_monsterinsights_sitenote_note":"","_monsterinsights_sitenote_category":0},"product_brand":[],"product_cat":[12274,12467],"product_tag":[],"class_list":{"0":"post-762500","1":"product","2":"type-product","3":"status-publish","5":"product_cat-cocuk-ve-genclik-kitaplari","6":"product_cat-dunya-klasikleri","7":"pa_cilt-ciltsiz","8":"pa_tur-kitap","9":"pa_yayinevi-pars-yayinlari","10":"pa_yazar-lev-nikolayevic-tolstoy","12":"first","13":"instock","14":"sale","15":"shipping-taxable","16":"purchasable","17":"product-type-simple"},"_links":{"self":[{"href":"https:\/\/roveyayinevi.com.tr\/index.php\/wp-json\/wp\/v2\/product\/762500","targetHints":{"allow":["GET"]}}],"collection":[{"href":"https:\/\/roveyayinevi.com.tr\/index.php\/wp-json\/wp\/v2\/product"}],"about":[{"href":"https:\/\/roveyayinevi.com.tr\/index.php\/wp-json\/wp\/v2\/types\/product"}],"wp:attachment":[{"href":"https:\/\/roveyayinevi.com.tr\/index.php\/wp-json\/wp\/v2\/media?parent=762500"}],"wp:term":[{"taxonomy":"product_brand","embeddable":true,"href":"https:\/\/roveyayinevi.com.tr\/index.php\/wp-json\/wp\/v2\/product_brand?post=762500"},{"taxonomy":"product_cat","embeddable":true,"href":"https:\/\/roveyayinevi.com.tr\/index.php\/wp-json\/wp\/v2\/product_cat?post=762500"},{"taxonomy":"product_tag","embeddable":true,"href":"https:\/\/roveyayinevi.com.tr\/index.php\/wp-json\/wp\/v2\/product_tag?post=762500"}],"curies":[{"name":"wp","href":"https:\/\/api.w.org\/{rel}","templated":true}]}}