{"id":762499,"date":"2025-08-28T10:11:20","date_gmt":"2025-08-28T07:11:20","guid":{"rendered":"https:\/\/roveyayinevi.com.tr\/index.php\/urun\/kendi-uzerinde-samimiyetle-calisanlar-yeni-bir-mabet-insa\/"},"modified":"2026-04-15T03:27:38","modified_gmt":"2026-04-15T00:27:38","slug":"kendi-uzerinde-samimiyetle-calisanlar-yeni-bir-mabet-insa","status":"publish","type":"product","link":"https:\/\/roveyayinevi.com.tr\/index.php\/urun\/kendi-uzerinde-samimiyetle-calisanlar-yeni-bir-mabet-insa\/","title":{"rendered":"Kendi \u00dczerinde Samimiyetle \u00c7al\u0131\u015fanlar Yeni Bir Mabet \u0130n\u015fa"},"content":{"rendered":"<p>\u201cB\u0130REYLE\u015eMEN\u0130N AMACI, KEND\u0130 YA\u015eAMININ FARKINDA VE BUNDAN SORUMLU OLAN, TAM B\u0130R \u0130NSAN \u0130N\u015eA ETMEKT\u0130R.\u201d \u2013 MARIE-LOUISE VON FRANZ   Carl Gustav Jung\u2019un yak\u0131n \u00e7al\u0131\u015fma arkada\u015flar\u0131ndan biri olan Marie-Louise von Franz\u2019\u0131n zengin entelekt\u00fcel miras\u0131n\u0131 mercek alt\u0131na alan bu kitap, derinlikli bir ke\u015fif sunuyor. \u201cKendini bilmek\u201d ile ba\u015flayan bu ke\u015fif, bilin\u00e7d\u0131\u015f\u0131 sembollerin rehberli\u011finde r\u00fcyalardan ge\u00e7erek masallarda gizli evrensel hakikatlere, eski simyac\u0131lar\u0131n f\u0131r\u0131nlar\u0131ndan kolektif bilin\u00e7d\u0131\u015f\u0131n\u0131n arketiplerine uzan\u0131yor.   Von Franz\u2019\u0131n temel fikirlerini tan\u0131tmay\u0131 ama\u00e7layan bu kitapta arketipler, g\u00f6lge, anima gibi kavramlar\u0131n karma\u015f\u0131k dinamikleri incelenerek insan\u0131n psi\u015fesine dair derin bir kavray\u0131\u015f\u0131n ipu\u00e7lar\u0131 sunuluyor. Ayr\u0131ca, kadim bir sanat olan simyan\u0131n ki\u015fisel veya ruhsal d\u00f6n\u00fc\u015f\u00fcm s\u00fcrecindeki \u00f6nemi incelenirken \u00e7a\u011f\u0131m\u0131z\u0131n \u00f6nemli ruhsal ve felsefi sorunlar\u0131 da irdeleniyor. Von Franz\u2019\u0131n titiz \u00e7al\u0131\u015fmalar\u0131 sayesinde okurlar\u0131n bilin\u00e7d\u0131\u015f\u0131n\u0131n karanl\u0131k yollar\u0131nda g\u00fcvenle ilerlemeye ba\u015flayabileceklerini umuyoruz. <\/p>\n","protected":false},"excerpt":{"rendered":"<p>\u201cB\u0130REYLE\u015eMEN\u0130N AMACI, KEND\u0130 YA\u015eAMININ FARKINDA VE BUNDAN SORUMLU OLAN, TAM B\u0130R \u0130NSAN \u0130N\u015eA ETMEKT\u0130R.\u201d \u2013 MARIE-LOUISE VON FRANZ Carl Gustav Jung\u2019un yak\u0131n \u00e7al\u0131\u015fma arkada\u015flar\u0131ndan biri olan<span class=\"excerpt-hellip\"> [\u2026]<\/span><\/p>\n","protected":false},"featured_media":0,"template":"","meta":{"_monsterinsights_skip_tracking":false,"_monsterinsights_sitenote_active":false,"_monsterinsights_sitenote_note":"","_monsterinsights_sitenote_category":0},"product_brand":[],"product_cat":[12357],"product_tag":[],"class_list":{"0":"post-762499","1":"product","2":"type-product","3":"status-publish","5":"product_cat-psikoloji","6":"pa_cilt-ciltsiz","7":"pa_tur-kitap","8":"pa_yayinevi-destek-yayinlari","9":"pa_yazar-reha-kuldasli","11":"first","12":"instock","13":"sale","14":"shipping-taxable","15":"purchasable","16":"product-type-simple"},"_links":{"self":[{"href":"https:\/\/roveyayinevi.com.tr\/index.php\/wp-json\/wp\/v2\/product\/762499","targetHints":{"allow":["GET"]}}],"collection":[{"href":"https:\/\/roveyayinevi.com.tr\/index.php\/wp-json\/wp\/v2\/product"}],"about":[{"href":"https:\/\/roveyayinevi.com.tr\/index.php\/wp-json\/wp\/v2\/types\/product"}],"wp:attachment":[{"href":"https:\/\/roveyayinevi.com.tr\/index.php\/wp-json\/wp\/v2\/media?parent=762499"}],"wp:term":[{"taxonomy":"product_brand","embeddable":true,"href":"https:\/\/roveyayinevi.com.tr\/index.php\/wp-json\/wp\/v2\/product_brand?post=762499"},{"taxonomy":"product_cat","embeddable":true,"href":"https:\/\/roveyayinevi.com.tr\/index.php\/wp-json\/wp\/v2\/product_cat?post=762499"},{"taxonomy":"product_tag","embeddable":true,"href":"https:\/\/roveyayinevi.com.tr\/index.php\/wp-json\/wp\/v2\/product_tag?post=762499"}],"curies":[{"name":"wp","href":"https:\/\/api.w.org\/{rel}","templated":true}]}}