{"id":762498,"date":"2025-08-28T10:11:18","date_gmt":"2025-08-28T07:11:18","guid":{"rendered":"https:\/\/roveyayinevi.com.tr\/index.php\/urun\/tasavvufun-sirlari-2-arinma\/"},"modified":"2026-04-15T03:27:38","modified_gmt":"2026-04-15T00:27:38","slug":"tasavvufun-sirlari-2-arinma","status":"publish","type":"product","link":"https:\/\/roveyayinevi.com.tr\/index.php\/urun\/tasavvufun-sirlari-2-arinma\/","title":{"rendered":"Tasavvufun S\u0131rlar\u0131 2 &#8211; Ar\u0131nma"},"content":{"rendered":"<p>KALB\u0130N\u0130 TEM\u0130ZLE K\u0130, HAK\u0130KAT SEN\u0130 AYDINLATSIN.   \u0130lahi G\u00fczelli\u011fin Yans\u0131mas\u0131   Tasavvuf, Allah\u2019\u0131n sonsuz g\u00fczelli\u011fini anlamaya, hissetmeye ve ya\u015famaya y\u00f6nelik bir yolculuktur. Bu kitap, y\u00fcrekleri Allah\u2019\u0131n nuruyla ayd\u0131nlatan, g\u00f6n\u00fclleri O\u2019nun sevgisiyle doldurup ta\u015f\u0131ran bir ilahi ser\u00fcveni anlat\u0131yor. Her sayfas\u0131nda, Allah\u2019\u0131n g\u00fczelli\u011fini yans\u0131tan bir hik\u00e2ye, bir \u00f6\u011freti sakl\u0131.   Allah\u2019\u0131n g\u00fczelli\u011fi, evrenin her zerresinde, her nefeste, her anda mevcuttur. Bu g\u00fczellik, kalplerde sevgi, g\u00f6zlerde ya\u015f, s\u00f6zlerde hikmet olarak belirir. Tasavvuf, bu ilahi g\u00fczelli\u011fi g\u00f6rmeyi, anlamay\u0131 ve ya\u015famay\u0131 \u00f6\u011fretir. Bu kitapta, Allah\u2019\u0131n e\u015fsiz sanat\u0131n\u0131, rahmetini ve a\u015fk\u0131n\u0131 derinlemesine ke\u015ffedeceksiniz.   Bu eser, Allah\u2019\u0131n isim ve s\u0131fatlar\u0131n\u0131n tecellilerini, O\u2019nun yarat\u0131l\u0131\u015ftaki kusursuz d\u00fczenini ve insan ruhundaki ilahi a\u015fk\u0131 anlat\u0131yor. Her sat\u0131r\u0131nda, Allah\u2019\u0131n sonsuz sevgisinin ve merhametinin izlerini bulacaks\u0131n\u0131z. O\u2019nun g\u00fczelli\u011fi, kalbinizde bir bahar gibi a\u00e7acak, ruhunuzu ayd\u0131nlatacak.   Allah\u2019\u0131n g\u00fczelli\u011fi, g\u00f6ky\u00fcz\u00fcn\u00fcn sonsuz mavili\u011finde, g\u00fcne\u015fin do\u011fu\u015funda, bir \u00e7i\u00e7e\u011fin zarafetinde sakl\u0131d\u0131r. Bu g\u00fczellik, insana kendini ve Rabb\u2019ini tan\u0131ma yolunda rehberlik eder. Bu kitap, sizi Allah\u2019\u0131n g\u00fczelli\u011fini hissetmeye, anlamaya ve ya\u015famaya davet ediyor. \u0130lahi a\u015fk\u0131n ve sevginin derinliklerinde unutulmaz bir yolculu\u011fa \u00e7\u0131kacaks\u0131n\u0131z.   Kalbinizin derinliklerinde Allah\u2019\u0131n g\u00fczelli\u011fini ke\u015ffedin. Bu kitap, sizi O\u2019nun nuruna, sevgisine ve rahmetine g\u00f6t\u00fcrecek bir rehberdir. \u0130lahi g\u00fczelli\u011fin izini s\u00fcrd\u00fck\u00e7e, ruhunuzun derinliklerinde huzuru ve mutlulu\u011fu bulacaks\u0131n\u0131z. <\/p>\n","protected":false},"excerpt":{"rendered":"<p>KALB\u0130N\u0130 TEM\u0130ZLE K\u0130, HAK\u0130KAT SEN\u0130 AYDINLATSIN. \u0130lahi G\u00fczelli\u011fin Yans\u0131mas\u0131 Tasavvuf, Allah\u2019\u0131n sonsuz g\u00fczelli\u011fini anlamaya, hissetmeye ve ya\u015famaya y\u00f6nelik bir yolculuktur. Bu kitap, y\u00fcrekleri Allah\u2019\u0131n nuruyla ayd\u0131nlatan,<span class=\"excerpt-hellip\"> [\u2026]<\/span><\/p>\n","protected":false},"featured_media":0,"template":"","meta":{"_monsterinsights_skip_tracking":false,"_monsterinsights_sitenote_active":false,"_monsterinsights_sitenote_note":"","_monsterinsights_sitenote_category":0},"product_brand":[],"product_cat":[12718,12719,15238],"product_tag":[],"class_list":{"0":"post-762498","1":"product","2":"type-product","3":"status-publish","5":"product_cat-din","6":"product_cat-islam","7":"product_cat-tasavvuf","8":"pa_cilt-ciltsiz","9":"pa_tur-kitap","10":"pa_yayinevi-destek-yayinlari","11":"pa_yazar-ferhat-atik","13":"first","14":"instock","15":"sale","16":"shipping-taxable","17":"purchasable","18":"product-type-simple"},"_links":{"self":[{"href":"https:\/\/roveyayinevi.com.tr\/index.php\/wp-json\/wp\/v2\/product\/762498","targetHints":{"allow":["GET"]}}],"collection":[{"href":"https:\/\/roveyayinevi.com.tr\/index.php\/wp-json\/wp\/v2\/product"}],"about":[{"href":"https:\/\/roveyayinevi.com.tr\/index.php\/wp-json\/wp\/v2\/types\/product"}],"wp:attachment":[{"href":"https:\/\/roveyayinevi.com.tr\/index.php\/wp-json\/wp\/v2\/media?parent=762498"}],"wp:term":[{"taxonomy":"product_brand","embeddable":true,"href":"https:\/\/roveyayinevi.com.tr\/index.php\/wp-json\/wp\/v2\/product_brand?post=762498"},{"taxonomy":"product_cat","embeddable":true,"href":"https:\/\/roveyayinevi.com.tr\/index.php\/wp-json\/wp\/v2\/product_cat?post=762498"},{"taxonomy":"product_tag","embeddable":true,"href":"https:\/\/roveyayinevi.com.tr\/index.php\/wp-json\/wp\/v2\/product_tag?post=762498"}],"curies":[{"name":"wp","href":"https:\/\/api.w.org\/{rel}","templated":true}]}}