{"id":762497,"date":"2025-08-28T10:11:16","date_gmt":"2025-08-28T07:11:16","guid":{"rendered":"https:\/\/roveyayinevi.com.tr\/index.php\/urun\/dovus-tanrisi-4\/"},"modified":"2026-04-15T03:27:38","modified_gmt":"2026-04-15T00:27:38","slug":"dovus-tanrisi-4","status":"publish","type":"product","link":"https:\/\/roveyayinevi.com.tr\/index.php\/urun\/dovus-tanrisi-4\/","title":{"rendered":"D\u00f6v\u00fc\u015f Tanr\u0131s\u0131 4"},"content":{"rendered":"<p>Seul B\u00f6lge Turnuvas\u0131\u2019nda son gu\u0308nler&#8230; Kazananlar ulusal yar\u0131\u015fmaya haz\u0131rlan\u0131yor. Ac\u0131mas\u0131z mu\u0308cadeleler olaca\u011fa benziyor! Fakat God Of High School\u2019da bir trajedi ya\u015fan\u0131rken Jin Mo-Ri\u2019nin ge\u00e7mi\u015fi onun pe\u015fini b\u0131rakmayacak gibi&#8230;   Acaba hangi karanl\u0131k s\u0131rlar ortaya \u00e7\u0131kacak? <\/p>\n","protected":false},"excerpt":{"rendered":"<p>Seul B\u00f6lge Turnuvas\u0131\u2019nda son gu\u0308nler&#8230; Kazananlar ulusal yar\u0131\u015fmaya haz\u0131rlan\u0131yor. Ac\u0131mas\u0131z mu\u0308cadeleler olaca\u011fa benziyor! Fakat God Of High School\u2019da bir trajedi ya\u015fan\u0131rken Jin Mo-Ri\u2019nin ge\u00e7mi\u015fi onun pe\u015fini<span class=\"excerpt-hellip\"> [\u2026]<\/span><\/p>\n","protected":false},"featured_media":0,"template":"","meta":{"_monsterinsights_skip_tracking":false,"_monsterinsights_sitenote_active":false,"_monsterinsights_sitenote_note":"","_monsterinsights_sitenote_category":0},"product_brand":[],"product_cat":[12416,12291],"product_tag":[],"class_list":{"0":"post-762497","1":"product","2":"type-product","3":"status-publish","5":"product_cat-cizgi-roman","6":"product_cat-edebiyat","7":"pa_cilt-ciltsiz","8":"pa_tur-kitap","9":"pa_yayinevi-athica-yayinlari","10":"pa_yazar-yong-je-park","12":"first","13":"instock","14":"sale","15":"shipping-taxable","16":"purchasable","17":"product-type-simple"},"_links":{"self":[{"href":"https:\/\/roveyayinevi.com.tr\/index.php\/wp-json\/wp\/v2\/product\/762497","targetHints":{"allow":["GET"]}}],"collection":[{"href":"https:\/\/roveyayinevi.com.tr\/index.php\/wp-json\/wp\/v2\/product"}],"about":[{"href":"https:\/\/roveyayinevi.com.tr\/index.php\/wp-json\/wp\/v2\/types\/product"}],"wp:attachment":[{"href":"https:\/\/roveyayinevi.com.tr\/index.php\/wp-json\/wp\/v2\/media?parent=762497"}],"wp:term":[{"taxonomy":"product_brand","embeddable":true,"href":"https:\/\/roveyayinevi.com.tr\/index.php\/wp-json\/wp\/v2\/product_brand?post=762497"},{"taxonomy":"product_cat","embeddable":true,"href":"https:\/\/roveyayinevi.com.tr\/index.php\/wp-json\/wp\/v2\/product_cat?post=762497"},{"taxonomy":"product_tag","embeddable":true,"href":"https:\/\/roveyayinevi.com.tr\/index.php\/wp-json\/wp\/v2\/product_tag?post=762497"}],"curies":[{"name":"wp","href":"https:\/\/api.w.org\/{rel}","templated":true}]}}