{"id":762494,"date":"2025-08-28T10:11:11","date_gmt":"2025-08-28T07:11:11","guid":{"rendered":"https:\/\/roveyayinevi.com.tr\/index.php\/urun\/frankin-kompost-yigini\/"},"modified":"2026-04-15T03:27:38","modified_gmt":"2026-04-15T00:27:38","slug":"frankin-kompost-yigini","status":"publish","type":"product","link":"https:\/\/roveyayinevi.com.tr\/index.php\/urun\/frankin-kompost-yigini\/","title":{"rendered":"Frank\u2019\u0131n Kompost Y\u0131\u011f\u0131n\u0131"},"content":{"rendered":"<p>Bah\u00e7edeki kompost y\u0131\u011f\u0131n\u0131nda ya\u015fayan solucan Frank, bir g\u00fcn bah\u00e7eye \u00e7\u0131k\u0131p yeteneklerini ke\u015ffetmeye karar verdi ve hayat\u0131 boyunca yapt\u0131\u011f\u0131 s\u0131radan \u015feyin asl\u0131nda ne kadar \u00f6nemli oldu\u011funu fark etti&#8230; Frank\u2019\u0131n Kompost Y\u0131\u011f\u0131n\u0131, k\u00fc\u00e7\u00fck bah\u00e7\u0131vanlara kompost yapman\u0131n temel ve pratik bilgilerini i\u00e7eren keyifli bir okuma sunuyor. <\/p>\n","protected":false},"excerpt":{"rendered":"<p>Bah\u00e7edeki kompost y\u0131\u011f\u0131n\u0131nda ya\u015fayan solucan Frank, bir g\u00fcn bah\u00e7eye \u00e7\u0131k\u0131p yeteneklerini ke\u015ffetmeye karar verdi ve hayat\u0131 boyunca yapt\u0131\u011f\u0131 s\u0131radan \u015feyin asl\u0131nda ne kadar \u00f6nemli oldu\u011funu fark<span class=\"excerpt-hellip\"> [\u2026]<\/span><\/p>\n","protected":false},"featured_media":0,"template":"","meta":{"_monsterinsights_skip_tracking":false,"_monsterinsights_sitenote_active":false,"_monsterinsights_sitenote_note":"","_monsterinsights_sitenote_category":0},"product_brand":[],"product_cat":[12274,12518],"product_tag":[],"class_list":{"0":"post-762494","1":"product","2":"type-product","3":"status-publish","5":"product_cat-cocuk-ve-genclik-kitaplari","6":"product_cat-okul-oncesi-kitaplar","7":"pa_cilt-ciltsiz","8":"pa_tur-kitap","9":"pa_yayinevi-koc-universitesi-yayinlari","10":"pa_yazar-simona-cechova","12":"first","13":"instock","14":"sale","15":"shipping-taxable","16":"purchasable","17":"product-type-simple"},"_links":{"self":[{"href":"https:\/\/roveyayinevi.com.tr\/index.php\/wp-json\/wp\/v2\/product\/762494","targetHints":{"allow":["GET"]}}],"collection":[{"href":"https:\/\/roveyayinevi.com.tr\/index.php\/wp-json\/wp\/v2\/product"}],"about":[{"href":"https:\/\/roveyayinevi.com.tr\/index.php\/wp-json\/wp\/v2\/types\/product"}],"wp:attachment":[{"href":"https:\/\/roveyayinevi.com.tr\/index.php\/wp-json\/wp\/v2\/media?parent=762494"}],"wp:term":[{"taxonomy":"product_brand","embeddable":true,"href":"https:\/\/roveyayinevi.com.tr\/index.php\/wp-json\/wp\/v2\/product_brand?post=762494"},{"taxonomy":"product_cat","embeddable":true,"href":"https:\/\/roveyayinevi.com.tr\/index.php\/wp-json\/wp\/v2\/product_cat?post=762494"},{"taxonomy":"product_tag","embeddable":true,"href":"https:\/\/roveyayinevi.com.tr\/index.php\/wp-json\/wp\/v2\/product_tag?post=762494"}],"curies":[{"name":"wp","href":"https:\/\/api.w.org\/{rel}","templated":true}]}}