{"id":762492,"date":"2025-08-28T10:11:08","date_gmt":"2025-08-28T07:11:08","guid":{"rendered":"https:\/\/roveyayinevi.com.tr\/index.php\/urun\/yakin-arkadaslar-ayi-ile-ordek\/"},"modified":"2026-04-15T03:27:38","modified_gmt":"2026-04-15T00:27:38","slug":"yakin-arkadaslar-ayi-ile-ordek","status":"publish","type":"product","link":"https:\/\/roveyayinevi.com.tr\/index.php\/urun\/yakin-arkadaslar-ayi-ile-ordek\/","title":{"rendered":"Yak\u0131n Arkada\u015flar Ay\u0131 \u0130le \u00d6rdek"},"content":{"rendered":"<p>AYI \u0130LE \u00d6RDEK ARKADA\u015eTIR. HEM DE \u00c7OK YAKIN ARKADA\u015e. AMA HER ZAMAN \u00c7OK \u0130Y\u0130 ANLA\u015eAMAZLAR. \u00d6RDEK HER \u015eEYE HEVES EDER. AYI \u0130SE DAHA TEMK\u0130NL\u0130D\u0130R, YEN\u0130 \u015eEYLER\u0130 PEK SEVMEZ. PEK\u0130 G\u00dcNLER\u0130 NASIL GE\u00c7ER? ARKADA\u015eLIK VE KONFOR ALANINDAN \u00c7IKMA HAKKINDA KALPLER\u0130 ISITAN B\u0130R \u00d6YK\u00dc&#8230; <\/p>\n","protected":false},"excerpt":{"rendered":"<p>AYI \u0130LE \u00d6RDEK ARKADA\u015eTIR. HEM DE \u00c7OK YAKIN ARKADA\u015e. AMA HER ZAMAN \u00c7OK \u0130Y\u0130 ANLA\u015eAMAZLAR. \u00d6RDEK HER \u015eEYE HEVES EDER. AYI \u0130SE DAHA TEMK\u0130NL\u0130D\u0130R, YEN\u0130 \u015eEYLER\u0130<span class=\"excerpt-hellip\"> [\u2026]<\/span><\/p>\n","protected":false},"featured_media":0,"template":"","meta":{"_monsterinsights_skip_tracking":false,"_monsterinsights_sitenote_active":false,"_monsterinsights_sitenote_note":"","_monsterinsights_sitenote_category":0},"product_brand":[],"product_cat":[12274,12518],"product_tag":[],"class_list":{"0":"post-762492","1":"product","2":"type-product","3":"status-publish","5":"product_cat-cocuk-ve-genclik-kitaplari","6":"product_cat-okul-oncesi-kitaplar","7":"pa_cilt-ciltsiz","8":"pa_tur-kitap","9":"pa_yayinevi-koc-universitesi-yayinlari","10":"pa_yazar-sue-degennaro","12":"first","13":"instock","14":"sale","15":"shipping-taxable","16":"purchasable","17":"product-type-simple"},"_links":{"self":[{"href":"https:\/\/roveyayinevi.com.tr\/index.php\/wp-json\/wp\/v2\/product\/762492","targetHints":{"allow":["GET"]}}],"collection":[{"href":"https:\/\/roveyayinevi.com.tr\/index.php\/wp-json\/wp\/v2\/product"}],"about":[{"href":"https:\/\/roveyayinevi.com.tr\/index.php\/wp-json\/wp\/v2\/types\/product"}],"wp:attachment":[{"href":"https:\/\/roveyayinevi.com.tr\/index.php\/wp-json\/wp\/v2\/media?parent=762492"}],"wp:term":[{"taxonomy":"product_brand","embeddable":true,"href":"https:\/\/roveyayinevi.com.tr\/index.php\/wp-json\/wp\/v2\/product_brand?post=762492"},{"taxonomy":"product_cat","embeddable":true,"href":"https:\/\/roveyayinevi.com.tr\/index.php\/wp-json\/wp\/v2\/product_cat?post=762492"},{"taxonomy":"product_tag","embeddable":true,"href":"https:\/\/roveyayinevi.com.tr\/index.php\/wp-json\/wp\/v2\/product_tag?post=762492"}],"curies":[{"name":"wp","href":"https:\/\/api.w.org\/{rel}","templated":true}]}}