{"id":762491,"date":"2025-08-28T10:11:06","date_gmt":"2025-08-28T07:11:06","guid":{"rendered":"https:\/\/roveyayinevi.com.tr\/index.php\/urun\/biraz-mesafe-lutfen\/"},"modified":"2026-04-15T03:27:38","modified_gmt":"2026-04-15T00:27:38","slug":"biraz-mesafe-lutfen","status":"publish","type":"product","link":"https:\/\/roveyayinevi.com.tr\/index.php\/urun\/biraz-mesafe-lutfen\/","title":{"rendered":"Biraz Mesafe L\u00fctfen"},"content":{"rendered":"<p>YAPI\u015e YAPI\u015e SARILMALAR.SIMSIKI SARILMALAR.\u015eAPUR \u015eUPUR \u00d6PEREK SARILMALAR.BUNALTAN SARILMALAR! \u201dSar\u0131lma ne zaman bunalt\u0131c\u0131 hale gelir?\u201d Teoman bir sabah ard\u0131 arkas\u0131 kesilmeyen sar\u0131lmalardan \u00e7ok bunal\u0131nca bedeninin sesine kulak veriyor. Yvonne Pearson, Biraz Mesafe L\u00fctfen adl\u0131 kitab\u0131nda k\u00fc\u00e7\u00fck \u00e7ocuklara ve ailelerine sosyal s\u0131n\u0131r koymayla ilgili zorluklar\u0131 g\u00f6steriyor. Okuyucular bazen en sevgi dolu sar\u0131lmalar\u0131n bile kar\u015f\u0131n\u0131zdaki ki\u015fide s\u0131k\u0131\u015f\u0131kl\u0131k hissi yaratabilece\u011fini ya da daha en ba\u015ftan hi\u00e7 istenmeyebilece\u011fini fark ediyor. Bu duygular\u0131 ya\u015fayan Teoman, nihayet sorunu \u00e7\u00f6zmenin ve neye ihtiya\u00e7 duydu\u011funu ailesine anlatman\u0131n bir yolunu buluyor. Ne\u015feli \u00e7izimlerle bezenmi\u015f esprili ve sevimli hik\u00e2yesiyle bu kitap, evlerde ve okullarda SOSYAL DUYGUSAL \u00d6\u011eRENMEY\u0130 destekleyici bir ara\u00e7 olarak kullanmaya \u00e7ok uygun bir se\u00e7enek sunuyor. <\/p>\n","protected":false},"excerpt":{"rendered":"<p>YAPI\u015e YAPI\u015e SARILMALAR.SIMSIKI SARILMALAR.\u015eAPUR \u015eUPUR \u00d6PEREK SARILMALAR.BUNALTAN SARILMALAR! \u201dSar\u0131lma ne zaman bunalt\u0131c\u0131 hale gelir?\u201d Teoman bir sabah ard\u0131 arkas\u0131 kesilmeyen sar\u0131lmalardan \u00e7ok bunal\u0131nca bedeninin sesine kulak<span class=\"excerpt-hellip\"> [\u2026]<\/span><\/p>\n","protected":false},"featured_media":0,"template":"","meta":{"_monsterinsights_skip_tracking":false,"_monsterinsights_sitenote_active":false,"_monsterinsights_sitenote_note":"","_monsterinsights_sitenote_category":0},"product_brand":[],"product_cat":[12274,12518],"product_tag":[],"class_list":{"0":"post-762491","1":"product","2":"type-product","3":"status-publish","5":"product_cat-cocuk-ve-genclik-kitaplari","6":"product_cat-okul-oncesi-kitaplar","7":"pa_cilt-ciltsiz","8":"pa_tur-kitap","9":"pa_yayinevi-koc-universitesi-yayinlari","10":"pa_yazar-yvonne-pearson","12":"first","13":"instock","14":"sale","15":"shipping-taxable","16":"purchasable","17":"product-type-simple"},"_links":{"self":[{"href":"https:\/\/roveyayinevi.com.tr\/index.php\/wp-json\/wp\/v2\/product\/762491","targetHints":{"allow":["GET"]}}],"collection":[{"href":"https:\/\/roveyayinevi.com.tr\/index.php\/wp-json\/wp\/v2\/product"}],"about":[{"href":"https:\/\/roveyayinevi.com.tr\/index.php\/wp-json\/wp\/v2\/types\/product"}],"wp:attachment":[{"href":"https:\/\/roveyayinevi.com.tr\/index.php\/wp-json\/wp\/v2\/media?parent=762491"}],"wp:term":[{"taxonomy":"product_brand","embeddable":true,"href":"https:\/\/roveyayinevi.com.tr\/index.php\/wp-json\/wp\/v2\/product_brand?post=762491"},{"taxonomy":"product_cat","embeddable":true,"href":"https:\/\/roveyayinevi.com.tr\/index.php\/wp-json\/wp\/v2\/product_cat?post=762491"},{"taxonomy":"product_tag","embeddable":true,"href":"https:\/\/roveyayinevi.com.tr\/index.php\/wp-json\/wp\/v2\/product_tag?post=762491"}],"curies":[{"name":"wp","href":"https:\/\/api.w.org\/{rel}","templated":true}]}}