{"id":762489,"date":"2025-08-28T10:11:02","date_gmt":"2025-08-28T07:11:02","guid":{"rendered":"https:\/\/roveyayinevi.com.tr\/index.php\/urun\/saklambac-4\/"},"modified":"2026-04-15T03:27:38","modified_gmt":"2026-04-15T00:27:38","slug":"saklambac-4","status":"publish","type":"product","link":"https:\/\/roveyayinevi.com.tr\/index.php\/urun\/saklambac-4\/","title":{"rendered":"Saklamba\u00e7"},"content":{"rendered":"<p>Mine\u2019nin okulda ilk g\u00fcn\u00fcyd\u00fc. Biraz \u00e7ekiniyordu ama cesur olaca\u011f\u0131na dair kendine s\u00f6z verdi\u011fi i\u00e7in di\u011fer \u00e7ocuklara oyunlar\u0131na kat\u0131lmak istedi\u011fini s\u00f6yledi. Onlar saklan\u0131rken Mine, 10\u2019a kadar sayd\u0131. Sonra da onlar\u0131 aramaya ba\u015flad\u0131. Ancak oyun umdu\u011fu gibi gitmiyordu. Mine endi\u015felenmeye ba\u015flam\u0131\u015ft\u0131. Ta ki okul bah\u00e7esinden yeni, s\u0131cak bir ses gelene kadar\u2026 Arkada\u015f aray\u0131\u015f\u0131n\u0131 ve ger\u00e7ekten nazik biriyle kar\u015f\u0131la\u015ft\u0131\u011f\u0131n\u0131zda hissetti\u011finiz o s\u0131cac\u0131k duyguyu anlatan, y\u00fcre\u011finizi \u0131s\u0131tacak bir \u00f6yk\u00fc&#8230; <\/p>\n","protected":false},"excerpt":{"rendered":"<p>Mine\u2019nin okulda ilk g\u00fcn\u00fcyd\u00fc. Biraz \u00e7ekiniyordu ama cesur olaca\u011f\u0131na dair kendine s\u00f6z verdi\u011fi i\u00e7in di\u011fer \u00e7ocuklara oyunlar\u0131na kat\u0131lmak istedi\u011fini s\u00f6yledi. Onlar saklan\u0131rken Mine, 10\u2019a kadar sayd\u0131.<span class=\"excerpt-hellip\"> [\u2026]<\/span><\/p>\n","protected":false},"featured_media":0,"template":"","meta":{"_monsterinsights_skip_tracking":false,"_monsterinsights_sitenote_active":false,"_monsterinsights_sitenote_note":"","_monsterinsights_sitenote_category":0},"product_brand":[],"product_cat":[12274,12518],"product_tag":[],"class_list":{"0":"post-762489","1":"product","2":"type-product","3":"status-publish","5":"product_cat-cocuk-ve-genclik-kitaplari","6":"product_cat-okul-oncesi-kitaplar","7":"pa_cilt-ciltsiz","8":"pa_tur-kitap","9":"pa_yayinevi-koc-universitesi-yayinlari","10":"pa_yazar-emmelie-salomonsson","12":"first","13":"instock","14":"sale","15":"shipping-taxable","16":"purchasable","17":"product-type-simple"},"_links":{"self":[{"href":"https:\/\/roveyayinevi.com.tr\/index.php\/wp-json\/wp\/v2\/product\/762489","targetHints":{"allow":["GET"]}}],"collection":[{"href":"https:\/\/roveyayinevi.com.tr\/index.php\/wp-json\/wp\/v2\/product"}],"about":[{"href":"https:\/\/roveyayinevi.com.tr\/index.php\/wp-json\/wp\/v2\/types\/product"}],"wp:attachment":[{"href":"https:\/\/roveyayinevi.com.tr\/index.php\/wp-json\/wp\/v2\/media?parent=762489"}],"wp:term":[{"taxonomy":"product_brand","embeddable":true,"href":"https:\/\/roveyayinevi.com.tr\/index.php\/wp-json\/wp\/v2\/product_brand?post=762489"},{"taxonomy":"product_cat","embeddable":true,"href":"https:\/\/roveyayinevi.com.tr\/index.php\/wp-json\/wp\/v2\/product_cat?post=762489"},{"taxonomy":"product_tag","embeddable":true,"href":"https:\/\/roveyayinevi.com.tr\/index.php\/wp-json\/wp\/v2\/product_tag?post=762489"}],"curies":[{"name":"wp","href":"https:\/\/api.w.org\/{rel}","templated":true}]}}