{"id":762488,"date":"2025-08-28T10:11:00","date_gmt":"2025-08-28T07:11:00","guid":{"rendered":"https:\/\/roveyayinevi.com.tr\/index.php\/urun\/sevgi-adinda-bir-yaprak\/"},"modified":"2026-04-15T03:27:38","modified_gmt":"2026-04-15T00:27:38","slug":"sevgi-adinda-bir-yaprak","status":"publish","type":"product","link":"https:\/\/roveyayinevi.com.tr\/index.php\/urun\/sevgi-adinda-bir-yaprak\/","title":{"rendered":"Sevgi Ad\u0131nda Bir Yaprak"},"content":{"rendered":"<p>Ay\u0131 \u00e7ok yaln\u0131zd\u0131. Ta ki o g\u00fcne kadar g\u00f6r\u00fclm\u00fc\u015f en g\u00fczel, en ye\u015fil yaprakla kar\u015f\u0131la\u015fana kadar. Yapra\u011f\u0131n ad\u0131 Sevgi\u2019ydi. Ay\u0131, Sevgi\u2019yle arkada\u015f oldu ve g\u00fcnlerini onunla ge\u00e7irmeye ba\u015flad\u0131. Art\u0131k \u00e7ok mutluydu. Ancak mevsim sonbahara d\u00f6nerken, Sevgi de\u011fi\u015fmeye ba\u015flad\u0131. Peki \u015fimdi Ay\u0131 ne yapacakt\u0131? <\/p>\n","protected":false},"excerpt":{"rendered":"<p>Ay\u0131 \u00e7ok yaln\u0131zd\u0131. Ta ki o g\u00fcne kadar g\u00f6r\u00fclm\u00fc\u015f en g\u00fczel, en ye\u015fil yaprakla kar\u015f\u0131la\u015fana kadar. Yapra\u011f\u0131n ad\u0131 Sevgi\u2019ydi. Ay\u0131, Sevgi\u2019yle arkada\u015f oldu ve g\u00fcnlerini onunla<span class=\"excerpt-hellip\"> [\u2026]<\/span><\/p>\n","protected":false},"featured_media":0,"template":"","meta":{"_monsterinsights_skip_tracking":false,"_monsterinsights_sitenote_active":false,"_monsterinsights_sitenote_note":"","_monsterinsights_sitenote_category":0},"product_brand":[],"product_cat":[12274,12518],"product_tag":[],"class_list":{"0":"post-762488","1":"product","2":"type-product","3":"status-publish","5":"product_cat-cocuk-ve-genclik-kitaplari","6":"product_cat-okul-oncesi-kitaplar","7":"pa_cilt-ciltsiz","8":"pa_tur-kitap","9":"pa_yayinevi-koc-universitesi-yayinlari","10":"pa_yazar-kelly-canby","12":"first","13":"instock","14":"sale","15":"shipping-taxable","16":"purchasable","17":"product-type-simple"},"_links":{"self":[{"href":"https:\/\/roveyayinevi.com.tr\/index.php\/wp-json\/wp\/v2\/product\/762488","targetHints":{"allow":["GET"]}}],"collection":[{"href":"https:\/\/roveyayinevi.com.tr\/index.php\/wp-json\/wp\/v2\/product"}],"about":[{"href":"https:\/\/roveyayinevi.com.tr\/index.php\/wp-json\/wp\/v2\/types\/product"}],"wp:attachment":[{"href":"https:\/\/roveyayinevi.com.tr\/index.php\/wp-json\/wp\/v2\/media?parent=762488"}],"wp:term":[{"taxonomy":"product_brand","embeddable":true,"href":"https:\/\/roveyayinevi.com.tr\/index.php\/wp-json\/wp\/v2\/product_brand?post=762488"},{"taxonomy":"product_cat","embeddable":true,"href":"https:\/\/roveyayinevi.com.tr\/index.php\/wp-json\/wp\/v2\/product_cat?post=762488"},{"taxonomy":"product_tag","embeddable":true,"href":"https:\/\/roveyayinevi.com.tr\/index.php\/wp-json\/wp\/v2\/product_tag?post=762488"}],"curies":[{"name":"wp","href":"https:\/\/api.w.org\/{rel}","templated":true}]}}