{"id":762487,"date":"2025-08-28T10:10:59","date_gmt":"2025-08-28T07:10:59","guid":{"rendered":"https:\/\/roveyayinevi.com.tr\/index.php\/urun\/gebelikte-mutlu-beslenme\/"},"modified":"2026-04-15T03:27:38","modified_gmt":"2026-04-15T00:27:38","slug":"gebelikte-mutlu-beslenme","status":"publish","type":"product","link":"https:\/\/roveyayinevi.com.tr\/index.php\/urun\/gebelikte-mutlu-beslenme\/","title":{"rendered":"Gebelikte Mutlu Beslenme"},"content":{"rendered":"<p>Sa\u011fl\u0131kl\u0131 ve dengeli bir beslenme \u015feklini tercih etmek, kendinizi daha iyi ve mutlu hissetmenize yard\u0131mc\u0131 olur. Metabolizman\u0131z sizin ve bebe\u011finizin ihtiya\u00e7 duydu\u011fu her \u015feyi sa\u011flayabilmek i\u00e7in her zamankinden daha s\u0131k\u0131 \u00e7al\u0131\u015fmaya ba\u015flar. Akl\u0131n\u0131zda yer eden pek \u00e7ok soruya yan\u0131t olabilecek bu kitapta, gebelik s\u00fcrecinde sizi ve bebe\u011finizi mutlu edecek beslenme \u00f6nerilerini bir araya getirdik. Farkl\u0131 beslenme tercihlerine sahip gebeler nas\u0131l beslenmeli, daha fazla protein almak i\u00e7in ne yapmal\u0131, hangi besinleri t\u00fcketmeli ya da hangilerinden sonsuza dek uzak durmal\u0131? T\u00fcm bu sorular ve zihninizde dola\u015fan daha niceleri i\u00e7in do\u011fru ve ikna edici yan\u0131tlara ihtiya\u00e7 duydu\u011funuzu biliyoruz. En \u00e7ok da bu nedenle gebelik s\u00fcrecinde sizlere rehber olabilecek bir kaynak olu\u015fturabilmek i\u00e7in kad\u0131n hastal\u0131klar\u0131 &amp; do\u011fum uzman\u0131 ve diyetisyen olarak birlikte \u00e7al\u0131\u015ft\u0131k.   Bu kitaba ula\u015fan ve gebeli\u011fi s\u00fcrecinde bir rehber olarak yararlanan t\u00fcm gebelerin sa\u011fl\u0131kl\u0131 ve mutlu bir hamilelik ge\u00e7irmesini, bebeklerini sa\u011fl\u0131kla d\u00fcnyaya getirmelerini diliyoruz. <\/p>\n","protected":false},"excerpt":{"rendered":"<p>Sa\u011fl\u0131kl\u0131 ve dengeli bir beslenme \u015feklini tercih etmek, kendinizi daha iyi ve mutlu hissetmenize yard\u0131mc\u0131 olur. Metabolizman\u0131z sizin ve bebe\u011finizin ihtiya\u00e7 duydu\u011fu her \u015feyi sa\u011flayabilmek i\u00e7in<span class=\"excerpt-hellip\"> [\u2026]<\/span><\/p>\n","protected":false},"featured_media":0,"template":"","meta":{"_monsterinsights_skip_tracking":false,"_monsterinsights_sitenote_active":false,"_monsterinsights_sitenote_note":"","_monsterinsights_sitenote_category":0},"product_brand":[],"product_cat":[13402,13365],"product_tag":[],"class_list":{"0":"post-762487","1":"product","2":"type-product","3":"status-publish","5":"product_cat-beslenme-ve-diyet","6":"product_cat-saglik","7":"pa_cilt-ciltsiz","8":"pa_tur-kitap","9":"pa_yayinevi-serbest-kitaplar","10":"pa_yazar-prof-dr-burcu-kisa-uzm-dyt-dilan-dalgic","12":"first","13":"instock","14":"sale","15":"shipping-taxable","16":"purchasable","17":"product-type-simple"},"_links":{"self":[{"href":"https:\/\/roveyayinevi.com.tr\/index.php\/wp-json\/wp\/v2\/product\/762487","targetHints":{"allow":["GET"]}}],"collection":[{"href":"https:\/\/roveyayinevi.com.tr\/index.php\/wp-json\/wp\/v2\/product"}],"about":[{"href":"https:\/\/roveyayinevi.com.tr\/index.php\/wp-json\/wp\/v2\/types\/product"}],"wp:attachment":[{"href":"https:\/\/roveyayinevi.com.tr\/index.php\/wp-json\/wp\/v2\/media?parent=762487"}],"wp:term":[{"taxonomy":"product_brand","embeddable":true,"href":"https:\/\/roveyayinevi.com.tr\/index.php\/wp-json\/wp\/v2\/product_brand?post=762487"},{"taxonomy":"product_cat","embeddable":true,"href":"https:\/\/roveyayinevi.com.tr\/index.php\/wp-json\/wp\/v2\/product_cat?post=762487"},{"taxonomy":"product_tag","embeddable":true,"href":"https:\/\/roveyayinevi.com.tr\/index.php\/wp-json\/wp\/v2\/product_tag?post=762487"}],"curies":[{"name":"wp","href":"https:\/\/api.w.org\/{rel}","templated":true}]}}