{"id":762485,"date":"2025-08-28T10:10:55","date_gmt":"2025-08-28T07:10:55","guid":{"rendered":"https:\/\/roveyayinevi.com.tr\/index.php\/urun\/kuranin-ozu\/"},"modified":"2026-04-08T03:24:22","modified_gmt":"2026-04-08T00:24:22","slug":"kuranin-ozu","status":"publish","type":"product","link":"https:\/\/roveyayinevi.com.tr\/index.php\/urun\/kuranin-ozu\/","title":{"rendered":"Kur\u2019an\u2019\u0131n \u00d6z\u00fc"},"content":{"rendered":"<p>\u0130mam Gazz\u00e2l\u00ee\u2019nin, Kur\u2019\u00e2n\u2019\u0131n \u00f6z\u00fcnden uzakla\u015f\u0131l\u0131p sadece teknik k\u0131sm\u0131na ba\u011fl\u0131 kalmaya kar\u015f\u0131 bir tepki olarak kaleme ald\u0131\u011f\u0131 Kur\u2019\u00e2n\u2019\u0131n \u00d6z\u00fc: Cev\u00e2hir\u00fc\u2019l-Kur\u2019\u00e2n, al\u0131\u015f\u0131k olunan\u0131n aksine Kur\u2019\u00e2n ayetlerinin enikonu incelemesini yapmaz. Gazz\u00e2l\u00ee\u2019ye g\u00f6re Kur\u2019\u00e2n bir tefsir kitab\u0131 de\u011fil, bir okuma rehberi ve fihristidir. Gazz\u00e2l\u00ee, bu eserinde Kur\u2019\u00e2n\u2019\u0131 ve Kur\u2019\u00e2n\u2019\u0131n derinlerindeki cevherleri, ke\u015ffetmeye y\u00f6nelik bir \u00e7a\u011fr\u0131 ve bu u\u011furda insanlara yol g\u00f6sterecek bir rehber olarak g\u00f6r\u00fcr; mevcut Kur\u2019\u00e2n okuma ve incelemelerini, Kur\u2019\u00e2n\u2019\u0131n k\u0131y\u0131s\u0131nda dola\u015f\u0131p derinlerindeki cevherlerden mahrum kalmak olarak tan\u0131mlay\u0131p ele\u015ftirir. Kur\u2019\u00e2n\u2019\u0131n \u00d6z\u00fc\u2019n\u00fcn amac\u0131, Kur\u2019\u00e2n okumak isteyen insanlara bir Kur\u2019\u00e2n bilinci kazand\u0131rmakt\u0131r. Gazz\u00e2l\u00ee, bu bilin\u00e7 do\u011frultusunda Kur\u2019\u00e2n\u2019\u0131n esas hedeflerini saptar ve bu hedeflere d\u00f6n\u00fck ayetleri bulup onlar \u00fczerine yo\u011funla\u015f\u0131r. \u0130mam Gazz\u00e2l\u00ee\u2019nin bu \u00e7al\u0131\u015fmas\u0131; M\u00fcsl\u00fcmanlar\u0131 Kur\u2019\u00e2n\u2019\u0131n \u00f6z\u00fcne \u00e7a\u011f\u0131ran, mana ile maksad\u0131n incilerine davet eden \u00e7ok k\u0131ymetli bir eserdir. \u0130nsan\u0131, Kur\u2019\u00e2n\u2019da tam olarak g\u00f6remedi\u011fi g\u00fczelliklere, incilere ve cevherlere \u00e7eken bu eser; kendini Kur\u2019\u00e2n\u00ee hakikatlere adam\u0131\u015f bir \u00f6mr\u00fcn, istinbatlarla zenginle\u015fmi\u015f bir idrakin, nasiplendi\u011fi bunca nimetin \u015f\u00fckr\u00fcn\u00fc eda etme \u00e7abas\u0131d\u0131r.<\/p>\n","protected":false},"excerpt":{"rendered":"<p>\u0130mam Gazz\u00e2l\u00ee\u2019nin, Kur\u2019\u00e2n\u2019\u0131n \u00f6z\u00fcnden uzakla\u015f\u0131l\u0131p sadece teknik k\u0131sm\u0131na ba\u011fl\u0131 kalmaya kar\u015f\u0131 bir tepki olarak kaleme ald\u0131\u011f\u0131 Kur\u2019\u00e2n\u2019\u0131n \u00d6z\u00fc: Cev\u00e2hir\u00fc\u2019l-Kur\u2019\u00e2n, al\u0131\u015f\u0131k olunan\u0131n aksine Kur\u2019\u00e2n ayetlerinin enikonu incelemesini<span class=\"excerpt-hellip\"> [\u2026]<\/span><\/p>\n","protected":false},"featured_media":0,"template":"","meta":{"_monsterinsights_skip_tracking":false,"_monsterinsights_sitenote_active":false,"_monsterinsights_sitenote_note":"","_monsterinsights_sitenote_category":0},"product_brand":[],"product_cat":[12718,12719],"product_tag":[],"class_list":{"0":"post-762485","1":"product","2":"type-product","3":"status-publish","5":"product_cat-din","6":"product_cat-islam","7":"pa_cilt-ciltsiz","8":"pa_tur-kitap","9":"pa_yayinevi-ketebe-yayinlari","10":"pa_yazar-imam-gazzali","12":"first","13":"instock","14":"sale","15":"shipping-taxable","16":"purchasable","17":"product-type-simple"},"_links":{"self":[{"href":"https:\/\/roveyayinevi.com.tr\/index.php\/wp-json\/wp\/v2\/product\/762485","targetHints":{"allow":["GET"]}}],"collection":[{"href":"https:\/\/roveyayinevi.com.tr\/index.php\/wp-json\/wp\/v2\/product"}],"about":[{"href":"https:\/\/roveyayinevi.com.tr\/index.php\/wp-json\/wp\/v2\/types\/product"}],"wp:attachment":[{"href":"https:\/\/roveyayinevi.com.tr\/index.php\/wp-json\/wp\/v2\/media?parent=762485"}],"wp:term":[{"taxonomy":"product_brand","embeddable":true,"href":"https:\/\/roveyayinevi.com.tr\/index.php\/wp-json\/wp\/v2\/product_brand?post=762485"},{"taxonomy":"product_cat","embeddable":true,"href":"https:\/\/roveyayinevi.com.tr\/index.php\/wp-json\/wp\/v2\/product_cat?post=762485"},{"taxonomy":"product_tag","embeddable":true,"href":"https:\/\/roveyayinevi.com.tr\/index.php\/wp-json\/wp\/v2\/product_tag?post=762485"}],"curies":[{"name":"wp","href":"https:\/\/api.w.org\/{rel}","templated":true}]}}