{"id":762481,"date":"2025-08-28T10:10:46","date_gmt":"2025-08-28T07:10:46","guid":{"rendered":"https:\/\/roveyayinevi.com.tr\/index.php\/urun\/benim-sevgili-esim\/"},"modified":"2026-04-15T03:27:38","modified_gmt":"2026-04-15T00:27:38","slug":"benim-sevgili-esim","status":"publish","type":"product","link":"https:\/\/roveyayinevi.com.tr\/index.php\/urun\/benim-sevgili-esim\/","title":{"rendered":"Benim Sevgili E\u015fim"},"content":{"rendered":"<p>\u201c\u0130nan\u0131lmaz! S\u00fcrprizlerle, psikolojik a\u00e7\u0131dan iyi tasvir edilmi\u015f karakterlerle dolu s\u00fcr\u00fckleyici bir gerilim.\u201d   \u2013Harlan Coben, New York Times \u00e7oksatan yazar\u0131     D\u0131\u015far\u0131dan normal g\u00f6r\u00fcnen bir evlilik.   Kusursuz bir su\u00e7 ortakl\u0131\u011f\u0131.   Banliy\u00f6 hayat\u0131n\u0131n tekd\u00fczeli\u011fine ayak uydurmu\u015f \u00f6rnek bir aile tablosu: ba\u015far\u0131l\u0131 kariyerler ve iki harika \u00e7ocuk.   Ne var ki bu \u00e7iftin karanl\u0131k bir s\u0131rr\u0131 vard\u0131r.   Millicent ve kocas\u0131, evliliklerinin monotonlu\u011fundan ka\u00e7mak i\u00e7in heyecan verici ve \u00f6l\u00fcmc\u00fcl bir oyun oynamaya ba\u015flar. G\u00fcn gelip de i\u015fler ters gitmeye ba\u015flad\u0131\u011f\u0131nda, maskeleri d\u00fc\u015fmek \u00fczere olan bu \u00e7ift, bir anda her \u015feylerini kaybetme riskiyle kar\u015f\u0131 kar\u015f\u0131ya kal\u0131r. Her oyunla birlikte, saklad\u0131klar\u0131 s\u0131rlar ve gerilim artar.   Samantha Downing\u2019in ilk roman\u0131 Benim Sevgili E\u015fim nefes kesen kurgusu ve beklenmedik d\u00f6neme\u00e7leriyle, okurlar\u0131 s\u0131radan hayatlar\u0131n alt\u0131ndaki deh\u015fet verici ger\u00e7eklerle y\u00fczle\u015ftiriyor.   Her evlili\u011fin kendi s\u0131rlar\u0131 vard\u0131r ancak baz\u0131lar\u0131 \u00f6l\u00fcmc\u00fcl olabilir.<\/p>\n","protected":false},"excerpt":{"rendered":"<p>\u201c\u0130nan\u0131lmaz! S\u00fcrprizlerle, psikolojik a\u00e7\u0131dan iyi tasvir edilmi\u015f karakterlerle dolu s\u00fcr\u00fckleyici bir gerilim.\u201d \u2013Harlan Coben, New York Times \u00e7oksatan yazar\u0131 D\u0131\u015far\u0131dan normal g\u00f6r\u00fcnen bir evlilik. Kusursuz bir<span class=\"excerpt-hellip\"> [\u2026]<\/span><\/p>\n","protected":false},"featured_media":0,"template":"","meta":{"_monsterinsights_skip_tracking":false,"_monsterinsights_sitenote_active":false,"_monsterinsights_sitenote_note":"","_monsterinsights_sitenote_category":0},"product_brand":[],"product_cat":[12291,17033],"product_tag":[],"class_list":{"0":"post-762481","1":"product","2":"type-product","3":"status-publish","5":"product_cat-edebiyat","6":"product_cat-korku-gerilim","7":"pa_cilt-ciltsiz","8":"pa_tur-kitap","9":"pa_yayinevi-epsilon-yayinlari","10":"pa_yazar-samantha-downing","12":"first","13":"instock","14":"sale","15":"shipping-taxable","16":"purchasable","17":"product-type-simple"},"_links":{"self":[{"href":"https:\/\/roveyayinevi.com.tr\/index.php\/wp-json\/wp\/v2\/product\/762481","targetHints":{"allow":["GET"]}}],"collection":[{"href":"https:\/\/roveyayinevi.com.tr\/index.php\/wp-json\/wp\/v2\/product"}],"about":[{"href":"https:\/\/roveyayinevi.com.tr\/index.php\/wp-json\/wp\/v2\/types\/product"}],"wp:attachment":[{"href":"https:\/\/roveyayinevi.com.tr\/index.php\/wp-json\/wp\/v2\/media?parent=762481"}],"wp:term":[{"taxonomy":"product_brand","embeddable":true,"href":"https:\/\/roveyayinevi.com.tr\/index.php\/wp-json\/wp\/v2\/product_brand?post=762481"},{"taxonomy":"product_cat","embeddable":true,"href":"https:\/\/roveyayinevi.com.tr\/index.php\/wp-json\/wp\/v2\/product_cat?post=762481"},{"taxonomy":"product_tag","embeddable":true,"href":"https:\/\/roveyayinevi.com.tr\/index.php\/wp-json\/wp\/v2\/product_tag?post=762481"}],"curies":[{"name":"wp","href":"https:\/\/api.w.org\/{rel}","templated":true}]}}