{"id":762479,"date":"2025-08-28T10:10:42","date_gmt":"2025-08-28T07:10:42","guid":{"rendered":"https:\/\/roveyayinevi.com.tr\/index.php\/urun\/itfaiye-sor-bakalim-cikartmali\/"},"modified":"2026-04-15T03:27:38","modified_gmt":"2026-04-15T00:27:38","slug":"itfaiye-sor-bakalim-cikartmali","status":"publish","type":"product","link":"https:\/\/roveyayinevi.com.tr\/index.php\/urun\/itfaiye-sor-bakalim-cikartmali\/","title":{"rendered":"\u0130tfaiye &#8211; Sor Bakal\u0131m &#8211; \u00c7\u0131kartmal\u0131!"},"content":{"rendered":"<p>Soru-Cevap \u2022 Bulmaca \u2022 Etkinlik \u0130tfaiye, itfaiyeciler ve yang\u0131nlarla ilgili yeni ve yararl\u0131 bilgiler edinirken; labirent, bulmaca, e\u015fle\u015ftirme, boyama, yarat\u0131c\u0131 fikir ve etkinliklerle e\u011flenebilirsin. <\/p>\n","protected":false},"excerpt":{"rendered":"<p>Soru-Cevap \u2022 Bulmaca \u2022 Etkinlik \u0130tfaiye, itfaiyeciler ve yang\u0131nlarla ilgili yeni ve yararl\u0131 bilgiler edinirken; labirent, bulmaca, e\u015fle\u015ftirme, boyama, yarat\u0131c\u0131 fikir ve etkinliklerle e\u011flenebilirsin.<\/p>\n","protected":false},"featured_media":0,"template":"","meta":{"_monsterinsights_skip_tracking":false,"_monsterinsights_sitenote_active":false,"_monsterinsights_sitenote_note":"","_monsterinsights_sitenote_category":0},"product_brand":[],"product_cat":[12274,15842],"product_tag":[],"class_list":{"0":"post-762479","1":"product","2":"type-product","3":"status-publish","5":"product_cat-cocuk-ve-genclik-kitaplari","6":"product_cat-egitici-kitaplar","7":"pa_cilt-ciltsiz","8":"pa_tur-kitap","9":"pa_yayinevi-is-bankasi-kultur-yayinlari","10":"pa_yazar-petra-klose","12":"first","13":"instock","14":"sale","15":"shipping-taxable","16":"purchasable","17":"product-type-simple"},"_links":{"self":[{"href":"https:\/\/roveyayinevi.com.tr\/index.php\/wp-json\/wp\/v2\/product\/762479","targetHints":{"allow":["GET"]}}],"collection":[{"href":"https:\/\/roveyayinevi.com.tr\/index.php\/wp-json\/wp\/v2\/product"}],"about":[{"href":"https:\/\/roveyayinevi.com.tr\/index.php\/wp-json\/wp\/v2\/types\/product"}],"wp:attachment":[{"href":"https:\/\/roveyayinevi.com.tr\/index.php\/wp-json\/wp\/v2\/media?parent=762479"}],"wp:term":[{"taxonomy":"product_brand","embeddable":true,"href":"https:\/\/roveyayinevi.com.tr\/index.php\/wp-json\/wp\/v2\/product_brand?post=762479"},{"taxonomy":"product_cat","embeddable":true,"href":"https:\/\/roveyayinevi.com.tr\/index.php\/wp-json\/wp\/v2\/product_cat?post=762479"},{"taxonomy":"product_tag","embeddable":true,"href":"https:\/\/roveyayinevi.com.tr\/index.php\/wp-json\/wp\/v2\/product_tag?post=762479"}],"curies":[{"name":"wp","href":"https:\/\/api.w.org\/{rel}","templated":true}]}}