{"id":762464,"date":"2025-08-28T10:10:09","date_gmt":"2025-08-28T07:10:09","guid":{"rendered":"https:\/\/roveyayinevi.com.tr\/index.php\/urun\/guclu-kizlar-pes-etmez\/"},"modified":"2026-04-15T03:27:37","modified_gmt":"2026-04-15T00:27:37","slug":"guclu-kizlar-pes-etmez","status":"publish","type":"product","link":"https:\/\/roveyayinevi.com.tr\/index.php\/urun\/guclu-kizlar-pes-etmez\/","title":{"rendered":"G\u00fc\u00e7l\u00fc K\u0131zlar Pes Etmez"},"content":{"rendered":"<p>Polen, ba\u015f\u0131na gelen bir dizi \u015fanss\u0131zl\u0131ktan sonra kendisinin sakar ve beceriksiz oldu\u011funa inan\u0131r. Herkesin kolayl\u0131kla yapabildi\u011fi \u015feyleri g\u00f6z\u00fcnde b\u00fcy\u00fct\u00fcr, kendine g\u00fcveni azal\u0131r ve i\u00e7ine kapan\u0131r\u2026 Ta ki bir g\u00fcn kendi \u00f6zel yetene\u011fini ke\u015ffedene kadar!   Farkl\u0131 y\u00f6nlerini kabul et\u2026 Yeteneklerini ke\u015ffet\u2026 Kendine g\u00fcven\u2026 Denemekten korkma\u2026   \u00c7\u00fcnk\u00fc g\u00fc\u00e7l\u00fc k\u0131zlar pes etmez! <\/p>\n","protected":false},"excerpt":{"rendered":"<p>Polen, ba\u015f\u0131na gelen bir dizi \u015fanss\u0131zl\u0131ktan sonra kendisinin sakar ve beceriksiz oldu\u011funa inan\u0131r. Herkesin kolayl\u0131kla yapabildi\u011fi \u015feyleri g\u00f6z\u00fcnde b\u00fcy\u00fct\u00fcr, kendine g\u00fcveni azal\u0131r ve i\u00e7ine kapan\u0131r\u2026 Ta<span class=\"excerpt-hellip\"> [\u2026]<\/span><\/p>\n","protected":false},"featured_media":0,"template":"","meta":{"_monsterinsights_skip_tracking":false,"_monsterinsights_sitenote_active":false,"_monsterinsights_sitenote_note":"","_monsterinsights_sitenote_category":0},"product_brand":[],"product_cat":[12274,12284],"product_tag":[],"class_list":{"0":"post-762464","1":"product","2":"type-product","3":"status-publish","5":"product_cat-cocuk-ve-genclik-kitaplari","6":"product_cat-hikayeler","7":"pa_cilt-ciltsiz","8":"pa_tur-kitap","9":"pa_yayinevi-1001-cicek-kitaplar","10":"pa_yazar-jennifer-moore-mallions","12":"first","13":"instock","14":"sale","15":"shipping-taxable","16":"purchasable","17":"product-type-simple"},"_links":{"self":[{"href":"https:\/\/roveyayinevi.com.tr\/index.php\/wp-json\/wp\/v2\/product\/762464","targetHints":{"allow":["GET"]}}],"collection":[{"href":"https:\/\/roveyayinevi.com.tr\/index.php\/wp-json\/wp\/v2\/product"}],"about":[{"href":"https:\/\/roveyayinevi.com.tr\/index.php\/wp-json\/wp\/v2\/types\/product"}],"wp:attachment":[{"href":"https:\/\/roveyayinevi.com.tr\/index.php\/wp-json\/wp\/v2\/media?parent=762464"}],"wp:term":[{"taxonomy":"product_brand","embeddable":true,"href":"https:\/\/roveyayinevi.com.tr\/index.php\/wp-json\/wp\/v2\/product_brand?post=762464"},{"taxonomy":"product_cat","embeddable":true,"href":"https:\/\/roveyayinevi.com.tr\/index.php\/wp-json\/wp\/v2\/product_cat?post=762464"},{"taxonomy":"product_tag","embeddable":true,"href":"https:\/\/roveyayinevi.com.tr\/index.php\/wp-json\/wp\/v2\/product_tag?post=762464"}],"curies":[{"name":"wp","href":"https:\/\/api.w.org\/{rel}","templated":true}]}}