{"id":762463,"date":"2025-08-28T10:10:06","date_gmt":"2025-08-28T07:10:06","guid":{"rendered":"https:\/\/roveyayinevi.com.tr\/index.php\/urun\/fire-force-alev-gucu-6-cilt\/"},"modified":"2026-04-15T03:27:37","modified_gmt":"2026-04-15T00:27:37","slug":"fire-force-alev-gucu-6-cilt","status":"publish","type":"product","link":"https:\/\/roveyayinevi.com.tr\/index.php\/urun\/fire-force-alev-gucu-6-cilt\/","title":{"rendered":"Fire Force &#8211; Alev G\u00fcc\u00fc 6. Cilt"},"content":{"rendered":"<p>Alevli bir maceraya haz\u0131r m\u0131s\u0131n\u0131z?     8. Tak\u0131m Uyan\u0131\u015f\u00e7\u0131\u2019y\u0131 ara\u015ft\u0131rmak i\u00e7in Asakusa&#8217;ya gelir, ne var ki 7. Tak\u0131m\u2019\u0131n kaptan\u0131 onlar\u0131n yapay alev insan olu\u015fturdu\u011fundan \u015f\u00fcphelenir! 8. Tak\u0131m\u2019a tuzak kuran Beyaz Kukuletal\u0131lar, isyan \u00e7\u0131kmas\u0131n\u0131 k\u0131\u015fk\u0131rt\u0131r ve sonunda t\u00fcm kasabay\u0131 ate\u015fe verirler. Patlak veren b\u00fcy\u00fck kaosun ortas\u0131nda, yeni bir alev insan t\u00fcr\u00fc \u00e7irkin y\u00fcz\u00fcn\u00fc g\u00f6sterir&#8230; <\/p>\n","protected":false},"excerpt":{"rendered":"<p>Alevli bir maceraya haz\u0131r m\u0131s\u0131n\u0131z? 8. Tak\u0131m Uyan\u0131\u015f\u00e7\u0131\u2019y\u0131 ara\u015ft\u0131rmak i\u00e7in Asakusa&#8217;ya gelir, ne var ki 7. Tak\u0131m\u2019\u0131n kaptan\u0131 onlar\u0131n yapay alev insan olu\u015fturdu\u011fundan \u015f\u00fcphelenir! 8. Tak\u0131m\u2019a<span class=\"excerpt-hellip\"> [\u2026]<\/span><\/p>\n","protected":false},"featured_media":0,"template":"","meta":{"_monsterinsights_skip_tracking":false,"_monsterinsights_sitenote_active":false,"_monsterinsights_sitenote_note":"","_monsterinsights_sitenote_category":0},"product_brand":[],"product_cat":[12416,12291],"product_tag":[],"class_list":{"0":"post-762463","1":"product","2":"type-product","3":"status-publish","5":"product_cat-cizgi-roman","6":"product_cat-edebiyat","7":"pa_cilt-ciltsiz","8":"pa_tur-kitap","9":"pa_yayinevi-akil-celen-kitaplar","10":"pa_yazar-atsushi-ohkubo","12":"first","13":"instock","14":"sale","15":"shipping-taxable","16":"purchasable","17":"product-type-simple"},"_links":{"self":[{"href":"https:\/\/roveyayinevi.com.tr\/index.php\/wp-json\/wp\/v2\/product\/762463","targetHints":{"allow":["GET"]}}],"collection":[{"href":"https:\/\/roveyayinevi.com.tr\/index.php\/wp-json\/wp\/v2\/product"}],"about":[{"href":"https:\/\/roveyayinevi.com.tr\/index.php\/wp-json\/wp\/v2\/types\/product"}],"wp:attachment":[{"href":"https:\/\/roveyayinevi.com.tr\/index.php\/wp-json\/wp\/v2\/media?parent=762463"}],"wp:term":[{"taxonomy":"product_brand","embeddable":true,"href":"https:\/\/roveyayinevi.com.tr\/index.php\/wp-json\/wp\/v2\/product_brand?post=762463"},{"taxonomy":"product_cat","embeddable":true,"href":"https:\/\/roveyayinevi.com.tr\/index.php\/wp-json\/wp\/v2\/product_cat?post=762463"},{"taxonomy":"product_tag","embeddable":true,"href":"https:\/\/roveyayinevi.com.tr\/index.php\/wp-json\/wp\/v2\/product_tag?post=762463"}],"curies":[{"name":"wp","href":"https:\/\/api.w.org\/{rel}","templated":true}]}}