{"id":762461,"date":"2025-08-28T10:10:03","date_gmt":"2025-08-28T07:10:03","guid":{"rendered":"https:\/\/roveyayinevi.com.tr\/index.php\/urun\/osmanlidan-kurtulus-savasina-ankara\/"},"modified":"2026-04-15T03:27:37","modified_gmt":"2026-04-15T00:27:37","slug":"osmanlidan-kurtulus-savasina-ankara","status":"publish","type":"product","link":"https:\/\/roveyayinevi.com.tr\/index.php\/urun\/osmanlidan-kurtulus-savasina-ankara\/","title":{"rendered":"Osmanl\u0131\u2019dan Kurtulu\u015f Sava\u015f\u0131\u2019na Ankara"},"content":{"rendered":"<p>T\u00fcrk tarih\u00e7ili\u011fi akademik kurumlar kadar H\u00fcseyin H\u00fcsamettin Ya\u015far\u2019\u0131n ancak 4 cildi bas\u0131lan Amasya Tarihi, \u0130smail Hakk\u0131 Konyal\u0131\u2019n\u0131n Konya Tarihi gibi \u00e7ok nitelikli \u00f6rneklerini g\u00f6rd\u00fc\u011f\u00fcm\u00fcz yerel tarih\u00e7iler eliyle \u00f6nemli a\u015famalar kaydetmi\u015ftir. \u00c7al\u0131\u015fmalar\u0131n\u0131 yak\u0131ndan inceledi\u011fim Hasan \u00c7eki\u00e7, co\u015fkun bir amat\u00f6r ruhla, bilimsel \u00f6l\u00e7\u00fctlerde haz\u0131rlad\u0131\u011f\u0131 Ankara Tarihi adl\u0131 kapsaml\u0131 \u00e7al\u0131\u015fmas\u0131, bu kabil bir eser olma \u00f6zelli\u011fine sahiptir. Hasan \u00c7eki\u00e7\u2019in Osmanl\u0131 h\u00e2kimiyetinden Milli M\u00fccadele\u2019nin ba\u015flamas\u0131na kadar getirdi\u011fi 6 y\u00fczy\u0131l\u0131 a\u015fan bir d\u00f6nemi ele alan geni\u015f Ankara Tarihi \u00e7al\u0131\u015fmas\u0131n\u0131n bu hacimli ikinci cildi, siyasi, iktisadi ve toplumsal olaylar\u0131 Ankara ekseninde bilinmeyen ve ilgi \u00e7eken ayr\u0131nt\u0131lar\u0131na kadar anlatt\u0131ktan ba\u015fka, a\u011f\u0131rl\u0131kl\u0131 olarak sanat tarihi, mimari ve k\u00fclt\u00fcrel konu ba\u015fl\u0131klar\u0131 ile zenginle\u015ftirmi\u015ftir. Hasan \u00c7eki\u00e7\u2019in bu \u00e7al\u0131\u015fmas\u0131, yerel okuyucular kadar T\u00fcrk tarihinin uzun d\u00f6nemlerini Ankara a\u00e7\u0131s\u0131ndan anlamam\u0131za f\u0131rsat veren emek \u00fcr\u00fcn\u00fc ciddi bilimsel bir \u00e7al\u0131\u015fma olarak dikkat \u00e7ekmektedir. T\u00fcrk akademisinin bilimsel verilerinden azami \u00f6l\u00e7\u00fcde istifade eden \u00e7al\u0131\u015fma, yakla\u015f\u0131m ve nitelik olarak da bilimsel esaslara riayet etme titizli\u011fini de yans\u0131tmaktad\u0131r. Eser sayesinde genel tarih \u00e7al\u0131\u015fmalar\u0131n\u0131n g\u00f6rmezden geldi\u011fi tarihin ak\u0131\u015f\u0131 n\u0131 etkileyen pek \u00e7ok ayr\u0131nt\u0131 yan\u0131nda b\u00f6lgenin y\u00fczy\u0131llar\u0131 a\u015fan de\u011fi\u015fimi rahatl\u0131kla g\u00f6zlenebilmektedir. Hasan \u00c7eki\u00e7\u2019in hayranl\u0131k uyand\u0131ran bu nitelikli eme\u011fini sayg\u0131 ve takdirle kar\u015f\u0131lad\u0131\u011f\u0131m\u0131, eserin geni\u015f bir alaka uyand\u0131raca\u011f\u0131na dair g\u00f6r\u00fc\u015f\u00fcm\u00fc de memnuniyetle ifade etmek isterim. (Prof. Dr. Abdullah G\u00fcndo\u011fdu Ankara \u00dcniversitesi Dil ve Tarih Co\u011frafya Fak\u00fcltesi \u00d6\u011fretim \u00dcyesi) Ankara sof yurdudur. Ve kad\u0131nlar\u0131 tamamen reng\u00e2renk sof ferace giyip gayet edeplice gezerler. Ankara past\u0131rmas\u0131 ve tiftik ke\u00e7isinin eti sanki misk kokuludur, zira ke\u00e7ileri da\u011flar\u0131nda p\u0131rnar (me\u015fe) yapra\u011f\u0131 yerler. (Evliya \u00c7elebi, Ankara Seyahati, 1648) Biz Osmanl\u0131 hanedan\u0131na g\u00f6re, ordunun koruyucusu Hac\u0131 Bekta\u015f-\u0131 Veli, Anadolu\u2019nun devlet ve Osmano\u011fullar\u0131n\u0131n koruyucusu Hac\u0131 Bayram Veli oldu\u011funa inan\u0131r\u0131z. ( II. Abd\u00fclhamid) Ankara, Anadolu\u2019nun incisidir. \u2026Halk\u0131 son derece \u00e7al\u0131\u015fkand\u0131r. \u2026Genellikle Do\u011fu memleketlerinde g\u00f6r\u00fclen aylak gezen insanlar burada yoktur. (Alman oryantalist A.D. Mordtmann, Ankara Seyahati, 1859) \u0130zmit\u2019te kal\u0131rken -Ankara\u2019ya gelmeden \u00f6nce- \u2026Ermenilerin ac\u0131mas\u0131zca bask\u0131 g\u00f6rd\u00fckleri, kendilerine hi\u00e7bir zaman adil davran\u0131lmad\u0131\u011f\u0131 anlat\u0131lm\u0131\u015ft\u0131. Ankara\u2019ya gelince g\u00f6rd\u00fcm ki iki din mensuplar\u0131 aras\u0131nda herhangi bir \u00e7at\u0131\u015fma yok gibi g\u00f6r\u00fcn\u00fcyordu. M\u00fcsl\u00fcmanlar ile H\u0131ristiyanlar gayet iyi ge\u00e7inmekteydiler. T\u00fcrk milletinin konukseverli\u011fi \u00fcnl\u00fcd\u00fcr. T\u00fcrklerin c\u00f6mertli\u011fi de ayn\u0131 \u00fcne lay\u0131kt\u0131r. \u00dclkemizde (\u0130ngiltere\u2019de) T\u00fcrk milletinin onurunu lekeleyen, onlar\u0131 d\u00fcnyan\u0131n b\u00fct\u00fcn k\u00f6t\u00fcl\u00fcklerine sahip olmakla su\u00e7layanlar, bro\u015f\u00fcrler yazmay\u0131 bir kenara b\u0131rak\u0131p biraz Anadolu\u2019da dola\u015fsalar iyi ederler. \u201c\u015eeytan g\u00f6r\u00fcnd\u00fc\u011f\u00fc kadar k\u00f6t\u00fc de\u011fildir\u201d diye eski bir s\u00f6z vard\u0131r. Kendilerini H\u0131ristiyan addeden yazarlar, pek \u00e7ok konuda Anadolu\u2019daki T\u00fcrklerden ders alabilirler. (\u0130ngiliz subay\u0131 Frederick Gustavus Burnaby, Ankara Seyahati, 1876) Buras\u0131 kadar h\u0131rs\u0131z\u0131 az bir memleket yoktur. Evlerin kap\u0131lar\u0131 \u015f\u00f6ylece kapanm\u0131\u015f oldu\u011fu halde, burada uzun s\u00fcre ikametim s\u0131ras\u0131nda, bu t\u00fcr olaylardan (h\u0131rs\u0131zl\u0131ktan) s\u00f6z edildi\u011fini hi\u00e7 duymad\u0131m.  (Frans\u0131z seyyah, arkeolog Charles Texier, Ankara Seyahati, 1843) <\/p>\n","protected":false},"excerpt":{"rendered":"<p>T\u00fcrk tarih\u00e7ili\u011fi akademik kurumlar kadar H\u00fcseyin H\u00fcsamettin Ya\u015far\u2019\u0131n ancak 4 cildi bas\u0131lan Amasya Tarihi, \u0130smail Hakk\u0131 Konyal\u0131\u2019n\u0131n Konya Tarihi gibi \u00e7ok nitelikli \u00f6rneklerini g\u00f6rd\u00fc\u011f\u00fcm\u00fcz yerel tarih\u00e7iler<span class=\"excerpt-hellip\"> [\u2026]<\/span><\/p>\n","protected":false},"featured_media":0,"template":"","meta":{"_monsterinsights_skip_tracking":false,"_monsterinsights_sitenote_active":false,"_monsterinsights_sitenote_note":"","_monsterinsights_sitenote_category":0},"product_brand":[],"product_cat":[12312,12304],"product_tag":[],"class_list":{"0":"post-762461","1":"product","2":"type-product","3":"status-publish","5":"product_cat-diger","6":"product_cat-tarih","7":"pa_cilt-ciltsiz","8":"pa_tur-kitap","9":"pa_yayinevi-zet-akademi-yayinlari","10":"pa_yazar-hasan-cekic","12":"first","13":"instock","14":"sale","15":"shipping-taxable","16":"purchasable","17":"product-type-simple"},"_links":{"self":[{"href":"https:\/\/roveyayinevi.com.tr\/index.php\/wp-json\/wp\/v2\/product\/762461","targetHints":{"allow":["GET"]}}],"collection":[{"href":"https:\/\/roveyayinevi.com.tr\/index.php\/wp-json\/wp\/v2\/product"}],"about":[{"href":"https:\/\/roveyayinevi.com.tr\/index.php\/wp-json\/wp\/v2\/types\/product"}],"wp:attachment":[{"href":"https:\/\/roveyayinevi.com.tr\/index.php\/wp-json\/wp\/v2\/media?parent=762461"}],"wp:term":[{"taxonomy":"product_brand","embeddable":true,"href":"https:\/\/roveyayinevi.com.tr\/index.php\/wp-json\/wp\/v2\/product_brand?post=762461"},{"taxonomy":"product_cat","embeddable":true,"href":"https:\/\/roveyayinevi.com.tr\/index.php\/wp-json\/wp\/v2\/product_cat?post=762461"},{"taxonomy":"product_tag","embeddable":true,"href":"https:\/\/roveyayinevi.com.tr\/index.php\/wp-json\/wp\/v2\/product_tag?post=762461"}],"curies":[{"name":"wp","href":"https:\/\/api.w.org\/{rel}","templated":true}]}}